{"id":13,"date":"2015-11-02T15:20:21","date_gmt":"2015-11-02T15:20:21","guid":{"rendered":"http:\/\/barral-osteopathe.fr\/maudblog\/?page_id=13"},"modified":"2016-01-29T13:09:12","modified_gmt":"2016-01-29T12:09:12","slug":"losteopathie","status":"publish","type":"page","link":"https:\/\/www.barral-osteopathe.fr\/index.php\/losteopathie\/","title":{"rendered":"L&rsquo;Ost\u00e9opathie"},"content":{"rendered":"<section class=\"post-meta fix post-nothumb media\">\n<section class=\"bd post-header fix\">\n<section class=\"bd post-title-section fix\">\n<hgroup class=\"post-title fix\">\n<h1 class=\"entry-title pagetitle\">L\u2019OST\u00c9OPATHIE<\/h1>\n<\/hgroup>\n<\/section>\n<\/section>\n<\/section>\n<div class=\"entry_wrap fix\">\n<p class=\"entry_content\">L\u2019ost\u00e9opathie est un syst\u00e8me de soins qui consiste \u00e0 appliquer des techniques exclusivement manuelles (structurelles, tissulaires, visc\u00e9rales et cr\u00e2niennes) afin d\u2019am\u00e9liorer la mobilit\u00e9 des diff\u00e9rentes articulations du corps humain, et am\u00e9liorer ainsi le bien-\u00eatre et la sant\u00e9 d\u2019un individu.<\/p>\n<p>Les techniques appliqu\u00e9es sont sp\u00e9cifiques \u00e0 chacun. Elles sont d\u00e9termin\u00e9es par un interrogatoire pr\u00e9cis,sur les ant\u00e9c\u00e9dents m\u00e9dicaux et les sympt\u00f4mes amenant \u00e0 consulter. Un bilan ost\u00e9opathique est alors effectu\u00e9 pour d\u00e9terminer le traitement.<\/p>\n<p>Bas\u00e9e sur la capacit\u00e9 du corps \u00e0 s&rsquo;auto \u00e9quilibrer, l&rsquo;ost\u00e9opathie voit le patient dans sa globalit\u00e9. Elle s\u2019int\u00e9resse non seulement aux sympt\u00f4mes physiques,mais aussi \u00e0 l&rsquo;\u00e9tat g\u00e9n\u00e9ral du patient ainsi qu&rsquo;\u00e0 son mode de vie.<\/p>\n<h2>\u00ab\u00a0Mieux vaut pr\u00e9venir que gu\u00e9rir\u00a0\u00bb :<\/h2>\n<p>Dans le cadre d\u2019un suivit, l\u2019ost\u00e9opathie participe \u00e0 la pr\u00e9vention, en particulier pour les douleurs chroniques. Elle permet de traiter les blocages et les tensions avant qu\u2019ils ne deviennent invalidants.<\/p>\n<\/div>\n","protected":false},"excerpt":{"rendered":"<p>L\u2019OST\u00c9OPATHIE L\u2019ost\u00e9opathie est un syst\u00e8me de soins qui consiste \u00e0 appliquer des techniques exclusivement manuelles (structurelles, tissulaires, visc\u00e9rales et cr\u00e2niennes) afin d\u2019am\u00e9liorer la mobilit\u00e9 des diff\u00e9rentes articulations du corps humain, et am\u00e9liorer ainsi le bien-\u00eatre et la sant\u00e9 d\u2019un individu. Les techniques appliqu\u00e9es sont sp\u00e9cifiques \u00e0 chacun. Elles sont d\u00e9termin\u00e9es par un interrogatoire pr\u00e9cis,sur les [&hellip;]<\/p>\n","protected":false},"author":1,"featured_media":0,"parent":0,"menu_order":3,"comment_status":"closed","ping_status":"closed","template":"","meta":{"footnotes":""},"class_list":["post-13","page","type-page","status-publish","hentry"],"yoast_head":"<!-- This site is optimized with the Yoast SEO plugin v26.0 - https:\/\/yoast.com\/wordpress\/plugins\/seo\/ -->\n<title>L&#039;Ost\u00e9opathie &#183; Maud BARRAL-BREAUTE - OSTEOPATHE D.O<\/title>\n<meta name=\"robots\" content=\"index, follow, max-snippet:-1, max-image-preview:large, max-video-preview:-1\" \/>\n<link rel=\"canonical\" href=\"https:\/\/www.barral-osteopathe.fr\/index.php\/losteopathie\/\" \/>\n<meta property=\"og:locale\" content=\"fr_FR\" \/>\n<meta property=\"og:type\" content=\"article\" \/>\n<meta property=\"og:title\" content=\"L&#039;Ost\u00e9opathie &#183; Maud BARRAL-BREAUTE - OSTEOPATHE D.O\" \/>\n<meta property=\"og:description\" content=\"L\u2019OST\u00c9OPATHIE L\u2019ost\u00e9opathie est un syst\u00e8me de soins qui consiste \u00e0 appliquer des techniques exclusivement manuelles (structurelles, tissulaires, visc\u00e9rales et cr\u00e2niennes) afin d\u2019am\u00e9liorer la mobilit\u00e9 des diff\u00e9rentes articulations du corps humain, et am\u00e9liorer ainsi le bien-\u00eatre et la sant\u00e9 d\u2019un individu. Les techniques appliqu\u00e9es sont sp\u00e9cifiques \u00e0 chacun. Elles sont d\u00e9termin\u00e9es par un interrogatoire pr\u00e9cis,sur les [&hellip;]\" \/>\n<meta property=\"og:url\" content=\"https:\/\/www.barral-osteopathe.fr\/index.php\/losteopathie\/\" \/>\n<meta property=\"og:site_name\" content=\"Maud BARRAL-BREAUTE - OSTEOPATHE D.O\" \/>\n<meta property=\"article:modified_time\" content=\"2016-01-29T12:09:12+00:00\" \/>\n<meta name=\"twitter:card\" content=\"summary_large_image\" \/>\n<meta name=\"twitter:label1\" content=\"Dur\u00e9e de lecture estim\u00e9e\" \/>\n\t<meta name=\"twitter:data1\" content=\"1 minute\" \/>\n<script type=\"application\/ld+json\" class=\"yoast-schema-graph\">{\"@context\":\"https:\/\/schema.org\",\"@graph\":[{\"@type\":\"WebPage\",\"@id\":\"https:\/\/www.barral-osteopathe.fr\/index.php\/losteopathie\/\",\"url\":\"https:\/\/www.barral-osteopathe.fr\/index.php\/losteopathie\/\",\"name\":\"L'Ost\u00e9opathie &#183; Maud BARRAL-BREAUTE - OSTEOPATHE D.O\",\"isPartOf\":{\"@id\":\"https:\/\/www.barral-osteopathe.fr\/#website\"},\"datePublished\":\"2015-11-02T15:20:21+00:00\",\"dateModified\":\"2016-01-29T12:09:12+00:00\",\"breadcrumb\":{\"@id\":\"https:\/\/www.barral-osteopathe.fr\/index.php\/losteopathie\/#breadcrumb\"},\"inLanguage\":\"fr-FR\",\"potentialAction\":[{\"@type\":\"ReadAction\",\"target\":[\"https:\/\/www.barral-osteopathe.fr\/index.php\/losteopathie\/\"]}]},{\"@type\":\"BreadcrumbList\",\"@id\":\"https:\/\/www.barral-osteopathe.fr\/index.php\/losteopathie\/#breadcrumb\",\"itemListElement\":[{\"@type\":\"ListItem\",\"position\":1,\"name\":\"Accueil\",\"item\":\"https:\/\/www.barral-osteopathe.fr\/\"},{\"@type\":\"ListItem\",\"position\":2,\"name\":\"L&rsquo;Ost\u00e9opathie\"}]},{\"@type\":\"WebSite\",\"@id\":\"https:\/\/www.barral-osteopathe.fr\/#website\",\"url\":\"https:\/\/www.barral-osteopathe.fr\/\",\"name\":\"Maud BARRAL-BREAUTE Osteopathe D.O\",\"description\":\"Votre th\u00e9rapeute | \u2709 POLE SANTE BILTEGI, 150 avenue de Bielle NAVE, place saint Barthelemy, 64200, BASSUSSARRY | \u260e  06.87.77.18.42\",\"publisher\":{\"@id\":\"https:\/\/www.barral-osteopathe.fr\/#organization\"},\"potentialAction\":[{\"@type\":\"SearchAction\",\"target\":{\"@type\":\"EntryPoint\",\"urlTemplate\":\"https:\/\/www.barral-osteopathe.fr\/?s={search_term_string}\"},\"query-input\":{\"@type\":\"PropertyValueSpecification\",\"valueRequired\":true,\"valueName\":\"search_term_string\"}}],\"inLanguage\":\"fr-FR\"},{\"@type\":\"Organization\",\"@id\":\"https:\/\/www.barral-osteopathe.fr\/#organization\",\"name\":\"Maud BARRAL-BREAUTE - OSTEOPATHE D.O\",\"url\":\"https:\/\/www.barral-osteopathe.fr\/\",\"logo\":{\"@type\":\"ImageObject\",\"inLanguage\":\"fr-FR\",\"@id\":\"https:\/\/www.barral-osteopathe.fr\/#\/schema\/logo\/image\/\",\"url\":\"https:\/\/www.barral-osteopathe.fr\/wp-content\/uploads\/2015\/11\/IMGP0037-e1454069448408.jpg\",\"contentUrl\":\"https:\/\/www.barral-osteopathe.fr\/wp-content\/uploads\/2015\/11\/IMGP0037-e1454069448408.jpg\",\"width\":600,\"height\":800,\"caption\":\"Maud BARRAL-BREAUTE - OSTEOPATHE D.O\"},\"image\":{\"@id\":\"https:\/\/www.barral-osteopathe.fr\/#\/schema\/logo\/image\/\"}}]}<\/script>\n<!-- \/ Yoast SEO plugin. -->","yoast_head_json":{"title":"L'Ost\u00e9opathie &#183; Maud BARRAL-BREAUTE - OSTEOPATHE D.O","robots":{"index":"index","follow":"follow","max-snippet":"max-snippet:-1","max-image-preview":"max-image-preview:large","max-video-preview":"max-video-preview:-1"},"canonical":"https:\/\/www.barral-osteopathe.fr\/index.php\/losteopathie\/","og_locale":"fr_FR","og_type":"article","og_title":"L'Ost\u00e9opathie &#183; Maud BARRAL-BREAUTE - OSTEOPATHE D.O","og_description":"L\u2019OST\u00c9OPATHIE L\u2019ost\u00e9opathie est un syst\u00e8me de soins qui consiste \u00e0 appliquer des techniques exclusivement manuelles (structurelles, tissulaires, visc\u00e9rales et cr\u00e2niennes) afin d\u2019am\u00e9liorer la mobilit\u00e9 des diff\u00e9rentes articulations du corps humain, et am\u00e9liorer ainsi le bien-\u00eatre et la sant\u00e9 d\u2019un individu. Les techniques appliqu\u00e9es sont sp\u00e9cifiques \u00e0 chacun. Elles sont d\u00e9termin\u00e9es par un interrogatoire pr\u00e9cis,sur les [&hellip;]","og_url":"https:\/\/www.barral-osteopathe.fr\/index.php\/losteopathie\/","og_site_name":"Maud BARRAL-BREAUTE - OSTEOPATHE D.O","article_modified_time":"2016-01-29T12:09:12+00:00","twitter_card":"summary_large_image","twitter_misc":{"Dur\u00e9e de lecture estim\u00e9e":"1 minute"},"schema":{"@context":"https:\/\/schema.org","@graph":[{"@type":"WebPage","@id":"https:\/\/www.barral-osteopathe.fr\/index.php\/losteopathie\/","url":"https:\/\/www.barral-osteopathe.fr\/index.php\/losteopathie\/","name":"L'Ost\u00e9opathie &#183; Maud BARRAL-BREAUTE - OSTEOPATHE D.O","isPartOf":{"@id":"https:\/\/www.barral-osteopathe.fr\/#website"},"datePublished":"2015-11-02T15:20:21+00:00","dateModified":"2016-01-29T12:09:12+00:00","breadcrumb":{"@id":"https:\/\/www.barral-osteopathe.fr\/index.php\/losteopathie\/#breadcrumb"},"inLanguage":"fr-FR","potentialAction":[{"@type":"ReadAction","target":["https:\/\/www.barral-osteopathe.fr\/index.php\/losteopathie\/"]}]},{"@type":"BreadcrumbList","@id":"https:\/\/www.barral-osteopathe.fr\/index.php\/losteopathie\/#breadcrumb","itemListElement":[{"@type":"ListItem","position":1,"name":"Accueil","item":"https:\/\/www.barral-osteopathe.fr\/"},{"@type":"ListItem","position":2,"name":"L&rsquo;Ost\u00e9opathie"}]},{"@type":"WebSite","@id":"https:\/\/www.barral-osteopathe.fr\/#website","url":"https:\/\/www.barral-osteopathe.fr\/","name":"Maud BARRAL-BREAUTE Osteopathe D.O","description":"Votre th\u00e9rapeute | \u2709 POLE SANTE BILTEGI, 150 avenue de Bielle NAVE, place saint Barthelemy, 64200, BASSUSSARRY | \u260e  06.87.77.18.42","publisher":{"@id":"https:\/\/www.barral-osteopathe.fr\/#organization"},"potentialAction":[{"@type":"SearchAction","target":{"@type":"EntryPoint","urlTemplate":"https:\/\/www.barral-osteopathe.fr\/?s={search_term_string}"},"query-input":{"@type":"PropertyValueSpecification","valueRequired":true,"valueName":"search_term_string"}}],"inLanguage":"fr-FR"},{"@type":"Organization","@id":"https:\/\/www.barral-osteopathe.fr\/#organization","name":"Maud BARRAL-BREAUTE - OSTEOPATHE D.O","url":"https:\/\/www.barral-osteopathe.fr\/","logo":{"@type":"ImageObject","inLanguage":"fr-FR","@id":"https:\/\/www.barral-osteopathe.fr\/#\/schema\/logo\/image\/","url":"https:\/\/www.barral-osteopathe.fr\/wp-content\/uploads\/2015\/11\/IMGP0037-e1454069448408.jpg","contentUrl":"https:\/\/www.barral-osteopathe.fr\/wp-content\/uploads\/2015\/11\/IMGP0037-e1454069448408.jpg","width":600,"height":800,"caption":"Maud BARRAL-BREAUTE - OSTEOPATHE D.O"},"image":{"@id":"https:\/\/www.barral-osteopathe.fr\/#\/schema\/logo\/image\/"}}]}},"_links":{"self":[{"href":"https:\/\/www.barral-osteopathe.fr\/index.php\/wp-json\/wp\/v2\/pages\/13","targetHints":{"allow":["GET"]}}],"collection":[{"href":"https:\/\/www.barral-osteopathe.fr\/index.php\/wp-json\/wp\/v2\/pages"}],"about":[{"href":"https:\/\/www.barral-osteopathe.fr\/index.php\/wp-json\/wp\/v2\/types\/page"}],"author":[{"embeddable":true,"href":"https:\/\/www.barral-osteopathe.fr\/index.php\/wp-json\/wp\/v2\/users\/1"}],"replies":[{"embeddable":true,"href":"https:\/\/www.barral-osteopathe.fr\/index.php\/wp-json\/wp\/v2\/comments?post=13"}],"version-history":[{"count":4,"href":"https:\/\/www.barral-osteopathe.fr\/index.php\/wp-json\/wp\/v2\/pages\/13\/revisions"}],"predecessor-version":[{"id":137,"href":"https:\/\/www.barral-osteopathe.fr\/index.php\/wp-json\/wp\/v2\/pages\/13\/revisions\/137"}],"wp:attachment":[{"href":"https:\/\/www.barral-osteopathe.fr\/index.php\/wp-json\/wp\/v2\/media?parent=13"}],"curies":[{"name":"wp","href":"https:\/\/api.w.org\/{rel}","templated":true}]}}