{"id":15,"date":"2015-11-02T15:20:53","date_gmt":"2015-11-02T14:20:53","guid":{"rendered":"http:\/\/barral-osteopathe.fr\/maudblog\/?page_id=15"},"modified":"2019-05-01T14:06:29","modified_gmt":"2019-05-01T13:06:29","slug":"quand-consulter","status":"publish","type":"page","link":"https:\/\/www.barral-osteopathe.fr\/index.php\/quand-consulter\/","title":{"rendered":"Quand Consulter ?"},"content":{"rendered":"<div id=\"attachment_127\" style=\"width: 190px\" class=\"wp-caption alignleft\"><a href=\"http:\/\/www.barral-osteopathe.fr\/index.php\/pourquoi-consulter\/femmes-enceintes\/\"><img loading=\"lazy\" decoding=\"async\" aria-describedby=\"caption-attachment-127\" class=\"wp-image-127\" src=\"http:\/\/www.barral-osteopathe.fr\/wp-content\/uploads\/2016\/01\/grossesse_slider-150x150.png\" alt=\"grossesse_slider\" width=\"180\" height=\"117\" srcset=\"https:\/\/www.barral-osteopathe.fr\/wp-content\/uploads\/2016\/01\/grossesse_slider-300x195.png 300w, https:\/\/www.barral-osteopathe.fr\/wp-content\/uploads\/2016\/01\/grossesse_slider.png 400w\" sizes=\"auto, (max-width: 180px) 100vw, 180px\" \/><\/a><p id=\"caption-attachment-127\" class=\"wp-caption-text\"><strong><a href=\"\/index.php\/quand-consulter\/femmes-enceintes\/\">L&rsquo;Ost\u00e9opathie et la Grossesse<\/a><\/strong><\/p><\/div>\n<div id=\"attachment_125\" style=\"width: 190px\" class=\"wp-caption alignright\"><a href=\"http:\/\/www.barral-osteopathe.fr\/index.php\/pourquoi-consulter\/osteopathie-bebe\/\"><img loading=\"lazy\" decoding=\"async\" aria-describedby=\"caption-attachment-125\" class=\"wp-image-125\" src=\"http:\/\/www.barral-osteopathe.fr\/wp-content\/uploads\/2016\/01\/bebe_slider-150x150.png\" alt=\"bebe_slider\" width=\"180\" height=\"117\" srcset=\"https:\/\/www.barral-osteopathe.fr\/wp-content\/uploads\/2016\/01\/bebe_slider-300x195.png 300w, https:\/\/www.barral-osteopathe.fr\/wp-content\/uploads\/2016\/01\/bebe_slider.png 400w\" sizes=\"auto, (max-width: 180px) 100vw, 180px\" \/><\/a><p id=\"caption-attachment-125\" class=\"wp-caption-text\"><a href=\"\/index.php\/quand-consulter\/osteopathie-bebe\/\"><strong>L&rsquo;Ost\u00e9opathie et B\u00e9b\u00e9<\/strong><\/a><\/p><\/div>\n<div class=\"mceTemp\"><\/div>\n<div class=\"mceTemp\"><\/div>\n<div id=\"attachment_252\" style=\"width: 172px\" class=\"wp-caption alignleft\"><img loading=\"lazy\" decoding=\"async\" aria-describedby=\"caption-attachment-252\" class=\"wp-image-252\" src=\"http:\/\/www.barral-osteopathe.fr\/wp-content\/uploads\/2019\/05\/IMG_4655-150x150.jpg\" alt=\"\" width=\"162\" height=\"162\" \/><p id=\"caption-attachment-252\" class=\"wp-caption-text\"><a href=\"https:\/\/www.barral-osteopathe.fr\/index.php\/quand-consulter\/enfants\/\"><strong>L&rsquo;Ost\u00e9opathie et l&rsquo;Enfant<\/strong><\/a><\/p><\/div>\n<div id=\"attachment_253\" style=\"width: 180px\" class=\"wp-caption alignright\"><img loading=\"lazy\" decoding=\"async\" aria-describedby=\"caption-attachment-253\" class=\"wp-image-253 \" src=\"http:\/\/www.barral-osteopathe.fr\/wp-content\/uploads\/2019\/05\/chibertrail-150x150.jpg\" alt=\"\" width=\"170\" height=\"170\" \/><p id=\"caption-attachment-253\" class=\"wp-caption-text\"><a href=\"http:\/\/www.barral-osteopathe.fr\/index.php\/pourquoi-consulter\/losteopathie-et-les-sportifs\/\"><strong>L&rsquo;Ost\u00e9opathie et les Sportifs<\/strong><\/a><\/p><\/div>\n<div id=\"attachment_126\" style=\"width: 190px\" class=\"wp-caption alignleft\"><a href=\"http:\/\/www.barral-osteopathe.fr\/index.php\/pourquoi-consulter\/losteopathie-et-les-seniors\/\"><img loading=\"lazy\" decoding=\"async\" aria-describedby=\"caption-attachment-126\" class=\"wp-image-126\" src=\"http:\/\/www.barral-osteopathe.fr\/wp-content\/uploads\/2016\/01\/senior_slider-150x150.png\" alt=\"senior_slider\" width=\"180\" height=\"117\" srcset=\"https:\/\/www.barral-osteopathe.fr\/wp-content\/uploads\/2016\/01\/senior_slider-300x195.png 300w, https:\/\/www.barral-osteopathe.fr\/wp-content\/uploads\/2016\/01\/senior_slider.png 400w\" sizes=\"auto, (max-width: 180px) 100vw, 180px\" \/><\/a><p id=\"caption-attachment-126\" class=\"wp-caption-text\"><strong><a href=\"\/index.php\/quand-consulter\/losteopathie-et-les-seniors\/\">L&rsquo;Ost\u00e9opathie et les Seniors<\/a><\/strong><\/p><\/div>\n<div id=\"attachment_129\" style=\"width: 190px\" class=\"wp-caption alignright\"><a href=\"http:\/\/www.barral-osteopathe.fr\/index.php\/pourquoi-consulter\/losteopathie-et-le-travail\/\"><img loading=\"lazy\" decoding=\"async\" aria-describedby=\"caption-attachment-129\" class=\"wp-image-129\" src=\"http:\/\/www.barral-osteopathe.fr\/wp-content\/uploads\/2016\/01\/travail_slider-150x150.png\" alt=\"travail_slider\" width=\"180\" height=\"117\" srcset=\"https:\/\/www.barral-osteopathe.fr\/wp-content\/uploads\/2016\/01\/travail_slider-300x195.png 300w, https:\/\/www.barral-osteopathe.fr\/wp-content\/uploads\/2016\/01\/travail_slider.png 400w\" sizes=\"auto, (max-width: 180px) 100vw, 180px\" \/><\/a><p id=\"caption-attachment-129\" class=\"wp-caption-text\"><a href=\"http:\/\/www.barral-osteopathe.fr\/index.php\/quand-consulter\/losteopathie-et-le-travail\/\"><strong> L&rsquo;Ost\u00e9opathie et le Travail<\/strong><\/a><\/p><\/div>\n<div class=\"mceTemp\"><\/div>\n","protected":false},"excerpt":{"rendered":"","protected":false},"author":1,"featured_media":0,"parent":0,"menu_order":4,"comment_status":"closed","ping_status":"closed","template":"","meta":{"footnotes":""},"class_list":["post-15","page","type-page","status-publish","hentry"],"yoast_head":"<!-- This site is optimized with the Yoast SEO plugin v26.0 - https:\/\/yoast.com\/wordpress\/plugins\/seo\/ -->\n<title>Quand Consulter ? &#183; Maud BARRAL-BREAUTE - OSTEOPATHE D.O<\/title>\n<meta name=\"robots\" content=\"index, follow, max-snippet:-1, max-image-preview:large, max-video-preview:-1\" \/>\n<link rel=\"canonical\" href=\"https:\/\/www.barral-osteopathe.fr\/index.php\/quand-consulter\/\" \/>\n<meta property=\"og:locale\" content=\"fr_FR\" \/>\n<meta property=\"og:type\" content=\"article\" \/>\n<meta property=\"og:title\" content=\"Quand Consulter ? &#183; Maud BARRAL-BREAUTE - OSTEOPATHE D.O\" \/>\n<meta property=\"og:url\" content=\"https:\/\/www.barral-osteopathe.fr\/index.php\/quand-consulter\/\" \/>\n<meta property=\"og:site_name\" content=\"Maud BARRAL-BREAUTE - OSTEOPATHE D.O\" \/>\n<meta property=\"article:modified_time\" content=\"2019-05-01T13:06:29+00:00\" \/>\n<meta property=\"og:image\" content=\"http:\/\/www.barral-osteopathe.fr\/wp-content\/uploads\/2016\/01\/grossesse_slider-150x150.png\" \/>\n<meta name=\"twitter:card\" content=\"summary_large_image\" \/>\n<script type=\"application\/ld+json\" class=\"yoast-schema-graph\">{\"@context\":\"https:\/\/schema.org\",\"@graph\":[{\"@type\":\"WebPage\",\"@id\":\"https:\/\/www.barral-osteopathe.fr\/index.php\/quand-consulter\/\",\"url\":\"https:\/\/www.barral-osteopathe.fr\/index.php\/quand-consulter\/\",\"name\":\"Quand Consulter ? &#183; Maud BARRAL-BREAUTE - OSTEOPATHE D.O\",\"isPartOf\":{\"@id\":\"https:\/\/www.barral-osteopathe.fr\/#website\"},\"primaryImageOfPage\":{\"@id\":\"https:\/\/www.barral-osteopathe.fr\/index.php\/quand-consulter\/#primaryimage\"},\"image\":{\"@id\":\"https:\/\/www.barral-osteopathe.fr\/index.php\/quand-consulter\/#primaryimage\"},\"thumbnailUrl\":\"http:\/\/www.barral-osteopathe.fr\/wp-content\/uploads\/2016\/01\/grossesse_slider-150x150.png\",\"datePublished\":\"2015-11-02T14:20:53+00:00\",\"dateModified\":\"2019-05-01T13:06:29+00:00\",\"breadcrumb\":{\"@id\":\"https:\/\/www.barral-osteopathe.fr\/index.php\/quand-consulter\/#breadcrumb\"},\"inLanguage\":\"fr-FR\",\"potentialAction\":[{\"@type\":\"ReadAction\",\"target\":[\"https:\/\/www.barral-osteopathe.fr\/index.php\/quand-consulter\/\"]}]},{\"@type\":\"ImageObject\",\"inLanguage\":\"fr-FR\",\"@id\":\"https:\/\/www.barral-osteopathe.fr\/index.php\/quand-consulter\/#primaryimage\",\"url\":\"https:\/\/www.barral-osteopathe.fr\/wp-content\/uploads\/2016\/01\/grossesse_slider.png\",\"contentUrl\":\"https:\/\/www.barral-osteopathe.fr\/wp-content\/uploads\/2016\/01\/grossesse_slider.png\",\"width\":400,\"height\":260},{\"@type\":\"BreadcrumbList\",\"@id\":\"https:\/\/www.barral-osteopathe.fr\/index.php\/quand-consulter\/#breadcrumb\",\"itemListElement\":[{\"@type\":\"ListItem\",\"position\":1,\"name\":\"Accueil\",\"item\":\"https:\/\/www.barral-osteopathe.fr\/\"},{\"@type\":\"ListItem\",\"position\":2,\"name\":\"Quand Consulter ?\"}]},{\"@type\":\"WebSite\",\"@id\":\"https:\/\/www.barral-osteopathe.fr\/#website\",\"url\":\"https:\/\/www.barral-osteopathe.fr\/\",\"name\":\"Maud BARRAL-BREAUTE Osteopathe D.O\",\"description\":\"Votre th\u00e9rapeute | \u2709 POLE SANTE BILTEGI, 150 avenue de Bielle NAVE, place saint Barthelemy, 64200, BASSUSSARRY | \u260e  06.87.77.18.42\",\"publisher\":{\"@id\":\"https:\/\/www.barral-osteopathe.fr\/#organization\"},\"potentialAction\":[{\"@type\":\"SearchAction\",\"target\":{\"@type\":\"EntryPoint\",\"urlTemplate\":\"https:\/\/www.barral-osteopathe.fr\/?s={search_term_string}\"},\"query-input\":{\"@type\":\"PropertyValueSpecification\",\"valueRequired\":true,\"valueName\":\"search_term_string\"}}],\"inLanguage\":\"fr-FR\"},{\"@type\":\"Organization\",\"@id\":\"https:\/\/www.barral-osteopathe.fr\/#organization\",\"name\":\"Maud BARRAL-BREAUTE - OSTEOPATHE D.O\",\"url\":\"https:\/\/www.barral-osteopathe.fr\/\",\"logo\":{\"@type\":\"ImageObject\",\"inLanguage\":\"fr-FR\",\"@id\":\"https:\/\/www.barral-osteopathe.fr\/#\/schema\/logo\/image\/\",\"url\":\"https:\/\/www.barral-osteopathe.fr\/wp-content\/uploads\/2015\/11\/IMGP0037-e1454069448408.jpg\",\"contentUrl\":\"https:\/\/www.barral-osteopathe.fr\/wp-content\/uploads\/2015\/11\/IMGP0037-e1454069448408.jpg\",\"width\":600,\"height\":800,\"caption\":\"Maud BARRAL-BREAUTE - OSTEOPATHE D.O\"},\"image\":{\"@id\":\"https:\/\/www.barral-osteopathe.fr\/#\/schema\/logo\/image\/\"}}]}<\/script>\n<!-- \/ Yoast SEO plugin. -->","yoast_head_json":{"title":"Quand Consulter ? &#183; Maud BARRAL-BREAUTE - OSTEOPATHE D.O","robots":{"index":"index","follow":"follow","max-snippet":"max-snippet:-1","max-image-preview":"max-image-preview:large","max-video-preview":"max-video-preview:-1"},"canonical":"https:\/\/www.barral-osteopathe.fr\/index.php\/quand-consulter\/","og_locale":"fr_FR","og_type":"article","og_title":"Quand Consulter ? &#183; Maud BARRAL-BREAUTE - OSTEOPATHE D.O","og_url":"https:\/\/www.barral-osteopathe.fr\/index.php\/quand-consulter\/","og_site_name":"Maud BARRAL-BREAUTE - OSTEOPATHE D.O","article_modified_time":"2019-05-01T13:06:29+00:00","og_image":[{"url":"http:\/\/www.barral-osteopathe.fr\/wp-content\/uploads\/2016\/01\/grossesse_slider-150x150.png","type":"","width":"","height":""}],"twitter_card":"summary_large_image","schema":{"@context":"https:\/\/schema.org","@graph":[{"@type":"WebPage","@id":"https:\/\/www.barral-osteopathe.fr\/index.php\/quand-consulter\/","url":"https:\/\/www.barral-osteopathe.fr\/index.php\/quand-consulter\/","name":"Quand Consulter ? &#183; Maud BARRAL-BREAUTE - OSTEOPATHE D.O","isPartOf":{"@id":"https:\/\/www.barral-osteopathe.fr\/#website"},"primaryImageOfPage":{"@id":"https:\/\/www.barral-osteopathe.fr\/index.php\/quand-consulter\/#primaryimage"},"image":{"@id":"https:\/\/www.barral-osteopathe.fr\/index.php\/quand-consulter\/#primaryimage"},"thumbnailUrl":"http:\/\/www.barral-osteopathe.fr\/wp-content\/uploads\/2016\/01\/grossesse_slider-150x150.png","datePublished":"2015-11-02T14:20:53+00:00","dateModified":"2019-05-01T13:06:29+00:00","breadcrumb":{"@id":"https:\/\/www.barral-osteopathe.fr\/index.php\/quand-consulter\/#breadcrumb"},"inLanguage":"fr-FR","potentialAction":[{"@type":"ReadAction","target":["https:\/\/www.barral-osteopathe.fr\/index.php\/quand-consulter\/"]}]},{"@type":"ImageObject","inLanguage":"fr-FR","@id":"https:\/\/www.barral-osteopathe.fr\/index.php\/quand-consulter\/#primaryimage","url":"https:\/\/www.barral-osteopathe.fr\/wp-content\/uploads\/2016\/01\/grossesse_slider.png","contentUrl":"https:\/\/www.barral-osteopathe.fr\/wp-content\/uploads\/2016\/01\/grossesse_slider.png","width":400,"height":260},{"@type":"BreadcrumbList","@id":"https:\/\/www.barral-osteopathe.fr\/index.php\/quand-consulter\/#breadcrumb","itemListElement":[{"@type":"ListItem","position":1,"name":"Accueil","item":"https:\/\/www.barral-osteopathe.fr\/"},{"@type":"ListItem","position":2,"name":"Quand Consulter ?"}]},{"@type":"WebSite","@id":"https:\/\/www.barral-osteopathe.fr\/#website","url":"https:\/\/www.barral-osteopathe.fr\/","name":"Maud BARRAL-BREAUTE Osteopathe D.O","description":"Votre th\u00e9rapeute | \u2709 POLE SANTE BILTEGI, 150 avenue de Bielle NAVE, place saint Barthelemy, 64200, BASSUSSARRY | \u260e  06.87.77.18.42","publisher":{"@id":"https:\/\/www.barral-osteopathe.fr\/#organization"},"potentialAction":[{"@type":"SearchAction","target":{"@type":"EntryPoint","urlTemplate":"https:\/\/www.barral-osteopathe.fr\/?s={search_term_string}"},"query-input":{"@type":"PropertyValueSpecification","valueRequired":true,"valueName":"search_term_string"}}],"inLanguage":"fr-FR"},{"@type":"Organization","@id":"https:\/\/www.barral-osteopathe.fr\/#organization","name":"Maud BARRAL-BREAUTE - OSTEOPATHE D.O","url":"https:\/\/www.barral-osteopathe.fr\/","logo":{"@type":"ImageObject","inLanguage":"fr-FR","@id":"https:\/\/www.barral-osteopathe.fr\/#\/schema\/logo\/image\/","url":"https:\/\/www.barral-osteopathe.fr\/wp-content\/uploads\/2015\/11\/IMGP0037-e1454069448408.jpg","contentUrl":"https:\/\/www.barral-osteopathe.fr\/wp-content\/uploads\/2015\/11\/IMGP0037-e1454069448408.jpg","width":600,"height":800,"caption":"Maud BARRAL-BREAUTE - OSTEOPATHE D.O"},"image":{"@id":"https:\/\/www.barral-osteopathe.fr\/#\/schema\/logo\/image\/"}}]}},"_links":{"self":[{"href":"https:\/\/www.barral-osteopathe.fr\/index.php\/wp-json\/wp\/v2\/pages\/15","targetHints":{"allow":["GET"]}}],"collection":[{"href":"https:\/\/www.barral-osteopathe.fr\/index.php\/wp-json\/wp\/v2\/pages"}],"about":[{"href":"https:\/\/www.barral-osteopathe.fr\/index.php\/wp-json\/wp\/v2\/types\/page"}],"author":[{"embeddable":true,"href":"https:\/\/www.barral-osteopathe.fr\/index.php\/wp-json\/wp\/v2\/users\/1"}],"replies":[{"embeddable":true,"href":"https:\/\/www.barral-osteopathe.fr\/index.php\/wp-json\/wp\/v2\/comments?post=15"}],"version-history":[{"count":11,"href":"https:\/\/www.barral-osteopathe.fr\/index.php\/wp-json\/wp\/v2\/pages\/15\/revisions"}],"predecessor-version":[{"id":268,"href":"https:\/\/www.barral-osteopathe.fr\/index.php\/wp-json\/wp\/v2\/pages\/15\/revisions\/268"}],"wp:attachment":[{"href":"https:\/\/www.barral-osteopathe.fr\/index.php\/wp-json\/wp\/v2\/media?parent=15"}],"curies":[{"name":"wp","href":"https:\/\/api.w.org\/{rel}","templated":true}]}}