{"id":17,"date":"2015-11-02T15:21:39","date_gmt":"2015-11-02T14:21:39","guid":{"rendered":"http:\/\/barral-osteopathe.fr\/maudblog\/?page_id=17"},"modified":"2017-01-21T14:47:36","modified_gmt":"2017-01-21T13:47:36","slug":"femmes-enceintes","status":"publish","type":"page","link":"https:\/\/www.barral-osteopathe.fr\/index.php\/quand-consulter\/femmes-enceintes\/","title":{"rendered":"Femmes Enceintes"},"content":{"rendered":"<section class=\"post-meta fix post-nothumb media\">\n<section class=\"bd post-header fix\">\n<section class=\"bd post-title-section fix\">\n<hgroup class=\"post-title fix\">\n<h1>Pr\u00e9parer et bien vivre sa grossesse. Quand venir consulter un ost\u00e9opathe ?<\/h1>\n<\/hgroup>\n<\/section>\n<\/section>\n<\/section>\n<div class=\"entry_wrap fix\">\n<div class=\"entry_content\">\n<h2>Avant la grossesse<\/h2>\n<p style=\"text-align: justify;\">Pour pr\u00e9parer le corps de la future maman \u00e0 l\u2019arriv\u00e9e du f\u0153tus, pour s\u2019assurer de la bonne mobilit\u00e9 du bassin et des structures environnantes, afin que l\u2019organisme puisse s\u2019adapter au mieux aux changements qu\u2019il va subir.<\/p>\n<p style=\"text-align: justify;\"><img loading=\"lazy\" decoding=\"async\" class=\"aligncenter size-full wp-image-228\" src=\"http:\/\/www.barral-osteopathe.fr\/wp-content\/uploads\/2015\/11\/grossesse_soin.png\" alt=\"\" width=\"448\" height=\"252\" srcset=\"https:\/\/www.barral-osteopathe.fr\/wp-content\/uploads\/2015\/11\/grossesse_soin.png 448w, https:\/\/www.barral-osteopathe.fr\/wp-content\/uploads\/2015\/11\/grossesse_soin-300x169.png 300w\" sizes=\"auto, (max-width: 448px) 100vw, 448px\" \/><\/p>\n<p style=\"text-align: justify;\">Dans certains cas d\u2019infertilit\u00e9 ou de difficult\u00e9s de conception, l\u2019ost\u00e9opathie peut \u00eatre une approche \u00e0 envisager. En effet, une bonne mobilit\u00e9 des structures musculo-squelettiques et visc\u00e9rales est primordiale au bon fonctionnement de l\u2019appareil reproducteur (ut\u00e9rus, trompes, ovaires\u2026).<\/p>\n<h2>Pendant la grossesse<\/h2>\n<h2><img loading=\"lazy\" decoding=\"async\" class=\"size-full wp-image-189 alignright\" title=\"Ost\u00e9opathie Femme Enceinte\" src=\"http:\/\/www.barral-osteopathe.fr\/wp-content\/uploads\/2016\/01\/enceinte.jpeg\" alt=\"\" width=\"250\" height=\"532\" \/><\/h2>\n<p style=\"text-align: justify;\">Lors de sa grossesse, la femme enceinte va subir des modifications physiologiques (hormonales par exemple) et m\u00e9caniques (augmentation de la masse de l\u2019ut\u00e9rus par exemple).<\/p>\n<p style=\"text-align: justify;\">Ces transformations peuvent entra\u00eener des troubles fonctionnels ou augmenter l\u2019intensit\u00e9 de troubles d\u00e9j\u00e0 pr\u00e9sents avant la grossesse.<\/p>\n<p style=\"text-align: justify;\">Des exemples de troubles fonctionnels pouvant appara\u00eetre pendant la grossesse :<\/p>\n<ul style=\"text-align: justify;\">\n<li>Troubles m\u00e9caniques : lombalgies (douleur lombaire), douleur sciatique, douleur au niveau du sacrum ou du coccyx, \u2026<\/li>\n<li>Troubles digestifs : naus\u00e9es, difficult\u00e9s \u00e0 la digestion, ballonnements, r\u00e9gurgitations, constipations, douleurs abdominales,\u2026.<\/li>\n<li>Troubles circulatoires : jambes lourdes, h\u00e9morro\u00efdes, maux de t\u00eate, \u2026<\/li>\n<li>Troubles gyn\u00e9cologiques : spasmes, douleur lors des rapports sexuels (dyspareunie)<\/li>\n<\/ul>\n<p style=\"text-align: justify;\">Ces troubles fonctionnels r\u00e9sident dans les modifications du corps de la femme, pour accueillir le f\u0153tus. L\u2019ut\u00e9rus, augmentant de volume, va refouler certains organes abdominaux. Cette modification de l\u2019ut\u00e9rus peut entra\u00eener des troubles digestifs entre autre.<\/p>\n<p style=\"text-align: justify;\">Au niveau vert\u00e9bral, le volume de l\u2019ut\u00e9rus augmentant, la lordose physiologique (ou cambrure) s\u2019accentue. Ceci est accompagn\u00e9 d\u2019une horizontalisation du sacrum qui peut \u00eatre \u00e0 l\u2019origine de tensions de certains ligaments du bassin, mais \u00e9galement d\u2019une augmentation de la pression sur les disques intervert\u00e9braux. Toutes ces transformations peuvent \u00eatre g\u00e9n\u00e9ratrices de lombalgies, voire de sciatalgies.<\/p>\n<h2>Apr\u00e8s l\u2019accouchement<\/h2>\n<p style=\"text-align: justify;\">Le bassin de la m\u00e8re est vuln\u00e9rable aux forces impliqu\u00e9es pendant la naissance, particuli\u00e8rement si cette derni\u00e8re est compliqu\u00e9e.<\/p>\n<p style=\"text-align: justify;\">Apr\u00e8s la naissance, le corps ne doit pas seulement se remettre des changements survenus durant la grossesse, mais \u00e9galement des cons\u00e9quences de l\u2019accouchement lui m\u00eame. Tout cela pendant que la maman doit r\u00e9pondre au travail fatiguant mentalement et physiquement de s\u2019occuper du b\u00e9b\u00e9.<\/p>\n<p style=\"text-align: center;\"><img loading=\"lazy\" decoding=\"async\" class=\"size-full wp-image-229 aligncenter\" src=\"http:\/\/www.barral-osteopathe.fr\/wp-content\/uploads\/2015\/11\/grossesse_soin_2.png\" alt=\"\" width=\"445\" height=\"251\" srcset=\"https:\/\/www.barral-osteopathe.fr\/wp-content\/uploads\/2015\/11\/grossesse_soin_2.png 445w, https:\/\/www.barral-osteopathe.fr\/wp-content\/uploads\/2015\/11\/grossesse_soin_2-300x169.png 300w\" sizes=\"auto, (max-width: 445px) 100vw, 445px\" \/><\/p>\n<p style=\"text-align: justify;\">De plus, s\u2019occuper du nourrisson peut provoquer des maux de dos par des mauvaises positions prises pour changer b\u00e9b\u00e9, le porter sur le cot\u00e9 et mettre\/enlever le si\u00e8ge pour enfant dans la voiture\u2026<\/p>\n<p style=\"text-align: justify;\">Les tensions non r\u00e9solues li\u00e9es \u00e0 l\u2019accouchement peuvent causer des maux de dos chroniques, r\u00e8gles douloureuses, incontinence urinaire, constipation, maux de t\u00eate\u2026<\/p>\n<p style=\"text-align: justify;\">L\u2019ost\u00e9opathie peut aider la m\u00e8re \u00e0 revenir \u00e0 un \u00e9tat physique normal apr\u00e8s la naissance, en rel\u00e2chant les tensions de la grossesse et de l\u2019accouchement.<\/p>\n<blockquote><p><strong>L\u2019ost\u00e9opathie ne dispense en aucun cas des visites obst\u00e9tricales conventionnelles et de la pr\u00e9paration \u00e0 l\u2019accouchement pr\u00e9vue par les sages-femmes, ainsi que d\u2019une bonne r\u00e9\u00e9ducation p\u00e9rin\u00e9ale apr\u00e8s votre accouchement.<\/strong><\/p><\/blockquote>\n<\/div>\n<\/div>\n","protected":false},"excerpt":{"rendered":"<p>Pr\u00e9parer et bien vivre sa grossesse. Quand venir consulter un ost\u00e9opathe ? Avant la grossesse Pour pr\u00e9parer le corps de la future maman \u00e0 l\u2019arriv\u00e9e du f\u0153tus, pour s\u2019assurer de la bonne mobilit\u00e9 du bassin et des structures environnantes, afin que l\u2019organisme puisse s\u2019adapter au mieux aux changements qu\u2019il va subir. Dans certains cas d\u2019infertilit\u00e9 [&hellip;]<\/p>\n","protected":false},"author":1,"featured_media":0,"parent":15,"menu_order":2,"comment_status":"closed","ping_status":"closed","template":"","meta":{"footnotes":""},"class_list":["post-17","page","type-page","status-publish","hentry"],"yoast_head":"<!-- This site is optimized with the Yoast SEO plugin v26.0 - https:\/\/yoast.com\/wordpress\/plugins\/seo\/ -->\n<title>Femmes Enceintes &#183; Maud BARRAL-BREAUTE - OSTEOPATHE D.O<\/title>\n<meta name=\"robots\" content=\"index, follow, max-snippet:-1, max-image-preview:large, max-video-preview:-1\" \/>\n<link rel=\"canonical\" href=\"https:\/\/www.barral-osteopathe.fr\/index.php\/quand-consulter\/femmes-enceintes\/\" \/>\n<meta property=\"og:locale\" content=\"fr_FR\" \/>\n<meta property=\"og:type\" content=\"article\" \/>\n<meta property=\"og:title\" content=\"Femmes Enceintes &#183; Maud BARRAL-BREAUTE - OSTEOPATHE D.O\" \/>\n<meta property=\"og:description\" content=\"Pr\u00e9parer et bien vivre sa grossesse. Quand venir consulter un ost\u00e9opathe ? Avant la grossesse Pour pr\u00e9parer le corps de la future maman \u00e0 l\u2019arriv\u00e9e du f\u0153tus, pour s\u2019assurer de la bonne mobilit\u00e9 du bassin et des structures environnantes, afin que l\u2019organisme puisse s\u2019adapter au mieux aux changements qu\u2019il va subir. Dans certains cas d\u2019infertilit\u00e9 [&hellip;]\" \/>\n<meta property=\"og:url\" content=\"https:\/\/www.barral-osteopathe.fr\/index.php\/quand-consulter\/femmes-enceintes\/\" \/>\n<meta property=\"og:site_name\" content=\"Maud BARRAL-BREAUTE - OSTEOPATHE D.O\" \/>\n<meta property=\"article:modified_time\" content=\"2017-01-21T13:47:36+00:00\" \/>\n<meta property=\"og:image\" content=\"http:\/\/www.barral-osteopathe.fr\/wp-content\/uploads\/2015\/11\/grossesse_soin.png\" \/>\n<meta name=\"twitter:card\" content=\"summary_large_image\" \/>\n<meta name=\"twitter:label1\" content=\"Dur\u00e9e de lecture estim\u00e9e\" \/>\n\t<meta name=\"twitter:data1\" content=\"3 minutes\" \/>\n<script type=\"application\/ld+json\" class=\"yoast-schema-graph\">{\"@context\":\"https:\/\/schema.org\",\"@graph\":[{\"@type\":\"WebPage\",\"@id\":\"https:\/\/www.barral-osteopathe.fr\/index.php\/quand-consulter\/femmes-enceintes\/\",\"url\":\"https:\/\/www.barral-osteopathe.fr\/index.php\/quand-consulter\/femmes-enceintes\/\",\"name\":\"Femmes Enceintes &#183; Maud BARRAL-BREAUTE - OSTEOPATHE D.O\",\"isPartOf\":{\"@id\":\"https:\/\/www.barral-osteopathe.fr\/#website\"},\"primaryImageOfPage\":{\"@id\":\"https:\/\/www.barral-osteopathe.fr\/index.php\/quand-consulter\/femmes-enceintes\/#primaryimage\"},\"image\":{\"@id\":\"https:\/\/www.barral-osteopathe.fr\/index.php\/quand-consulter\/femmes-enceintes\/#primaryimage\"},\"thumbnailUrl\":\"http:\/\/www.barral-osteopathe.fr\/wp-content\/uploads\/2015\/11\/grossesse_soin.png\",\"datePublished\":\"2015-11-02T14:21:39+00:00\",\"dateModified\":\"2017-01-21T13:47:36+00:00\",\"breadcrumb\":{\"@id\":\"https:\/\/www.barral-osteopathe.fr\/index.php\/quand-consulter\/femmes-enceintes\/#breadcrumb\"},\"inLanguage\":\"fr-FR\",\"potentialAction\":[{\"@type\":\"ReadAction\",\"target\":[\"https:\/\/www.barral-osteopathe.fr\/index.php\/quand-consulter\/femmes-enceintes\/\"]}]},{\"@type\":\"ImageObject\",\"inLanguage\":\"fr-FR\",\"@id\":\"https:\/\/www.barral-osteopathe.fr\/index.php\/quand-consulter\/femmes-enceintes\/#primaryimage\",\"url\":\"https:\/\/www.barral-osteopathe.fr\/wp-content\/uploads\/2015\/11\/grossesse_soin.png\",\"contentUrl\":\"https:\/\/www.barral-osteopathe.fr\/wp-content\/uploads\/2015\/11\/grossesse_soin.png\",\"width\":448,\"height\":252},{\"@type\":\"BreadcrumbList\",\"@id\":\"https:\/\/www.barral-osteopathe.fr\/index.php\/quand-consulter\/femmes-enceintes\/#breadcrumb\",\"itemListElement\":[{\"@type\":\"ListItem\",\"position\":1,\"name\":\"Accueil\",\"item\":\"https:\/\/www.barral-osteopathe.fr\/\"},{\"@type\":\"ListItem\",\"position\":2,\"name\":\"Quand Consulter ?\",\"item\":\"https:\/\/www.barral-osteopathe.fr\/index.php\/quand-consulter\/\"},{\"@type\":\"ListItem\",\"position\":3,\"name\":\"Femmes Enceintes\"}]},{\"@type\":\"WebSite\",\"@id\":\"https:\/\/www.barral-osteopathe.fr\/#website\",\"url\":\"https:\/\/www.barral-osteopathe.fr\/\",\"name\":\"Maud BARRAL-BREAUTE Osteopathe D.O\",\"description\":\"Votre th\u00e9rapeute | \u2709 POLE SANTE BILTEGI, 150 avenue de Bielle NAVE, place saint Barthelemy, 64200, BASSUSSARRY | \u260e  06.87.77.18.42\",\"publisher\":{\"@id\":\"https:\/\/www.barral-osteopathe.fr\/#organization\"},\"potentialAction\":[{\"@type\":\"SearchAction\",\"target\":{\"@type\":\"EntryPoint\",\"urlTemplate\":\"https:\/\/www.barral-osteopathe.fr\/?s={search_term_string}\"},\"query-input\":{\"@type\":\"PropertyValueSpecification\",\"valueRequired\":true,\"valueName\":\"search_term_string\"}}],\"inLanguage\":\"fr-FR\"},{\"@type\":\"Organization\",\"@id\":\"https:\/\/www.barral-osteopathe.fr\/#organization\",\"name\":\"Maud BARRAL-BREAUTE - OSTEOPATHE D.O\",\"url\":\"https:\/\/www.barral-osteopathe.fr\/\",\"logo\":{\"@type\":\"ImageObject\",\"inLanguage\":\"fr-FR\",\"@id\":\"https:\/\/www.barral-osteopathe.fr\/#\/schema\/logo\/image\/\",\"url\":\"https:\/\/www.barral-osteopathe.fr\/wp-content\/uploads\/2015\/11\/IMGP0037-e1454069448408.jpg\",\"contentUrl\":\"https:\/\/www.barral-osteopathe.fr\/wp-content\/uploads\/2015\/11\/IMGP0037-e1454069448408.jpg\",\"width\":600,\"height\":800,\"caption\":\"Maud BARRAL-BREAUTE - OSTEOPATHE D.O\"},\"image\":{\"@id\":\"https:\/\/www.barral-osteopathe.fr\/#\/schema\/logo\/image\/\"}}]}<\/script>\n<!-- \/ Yoast SEO plugin. -->","yoast_head_json":{"title":"Femmes Enceintes &#183; Maud BARRAL-BREAUTE - OSTEOPATHE D.O","robots":{"index":"index","follow":"follow","max-snippet":"max-snippet:-1","max-image-preview":"max-image-preview:large","max-video-preview":"max-video-preview:-1"},"canonical":"https:\/\/www.barral-osteopathe.fr\/index.php\/quand-consulter\/femmes-enceintes\/","og_locale":"fr_FR","og_type":"article","og_title":"Femmes Enceintes &#183; Maud BARRAL-BREAUTE - OSTEOPATHE D.O","og_description":"Pr\u00e9parer et bien vivre sa grossesse. Quand venir consulter un ost\u00e9opathe ? Avant la grossesse Pour pr\u00e9parer le corps de la future maman \u00e0 l\u2019arriv\u00e9e du f\u0153tus, pour s\u2019assurer de la bonne mobilit\u00e9 du bassin et des structures environnantes, afin que l\u2019organisme puisse s\u2019adapter au mieux aux changements qu\u2019il va subir. Dans certains cas d\u2019infertilit\u00e9 [&hellip;]","og_url":"https:\/\/www.barral-osteopathe.fr\/index.php\/quand-consulter\/femmes-enceintes\/","og_site_name":"Maud BARRAL-BREAUTE - OSTEOPATHE D.O","article_modified_time":"2017-01-21T13:47:36+00:00","og_image":[{"url":"http:\/\/www.barral-osteopathe.fr\/wp-content\/uploads\/2015\/11\/grossesse_soin.png","type":"","width":"","height":""}],"twitter_card":"summary_large_image","twitter_misc":{"Dur\u00e9e de lecture estim\u00e9e":"3 minutes"},"schema":{"@context":"https:\/\/schema.org","@graph":[{"@type":"WebPage","@id":"https:\/\/www.barral-osteopathe.fr\/index.php\/quand-consulter\/femmes-enceintes\/","url":"https:\/\/www.barral-osteopathe.fr\/index.php\/quand-consulter\/femmes-enceintes\/","name":"Femmes Enceintes &#183; Maud BARRAL-BREAUTE - OSTEOPATHE D.O","isPartOf":{"@id":"https:\/\/www.barral-osteopathe.fr\/#website"},"primaryImageOfPage":{"@id":"https:\/\/www.barral-osteopathe.fr\/index.php\/quand-consulter\/femmes-enceintes\/#primaryimage"},"image":{"@id":"https:\/\/www.barral-osteopathe.fr\/index.php\/quand-consulter\/femmes-enceintes\/#primaryimage"},"thumbnailUrl":"http:\/\/www.barral-osteopathe.fr\/wp-content\/uploads\/2015\/11\/grossesse_soin.png","datePublished":"2015-11-02T14:21:39+00:00","dateModified":"2017-01-21T13:47:36+00:00","breadcrumb":{"@id":"https:\/\/www.barral-osteopathe.fr\/index.php\/quand-consulter\/femmes-enceintes\/#breadcrumb"},"inLanguage":"fr-FR","potentialAction":[{"@type":"ReadAction","target":["https:\/\/www.barral-osteopathe.fr\/index.php\/quand-consulter\/femmes-enceintes\/"]}]},{"@type":"ImageObject","inLanguage":"fr-FR","@id":"https:\/\/www.barral-osteopathe.fr\/index.php\/quand-consulter\/femmes-enceintes\/#primaryimage","url":"https:\/\/www.barral-osteopathe.fr\/wp-content\/uploads\/2015\/11\/grossesse_soin.png","contentUrl":"https:\/\/www.barral-osteopathe.fr\/wp-content\/uploads\/2015\/11\/grossesse_soin.png","width":448,"height":252},{"@type":"BreadcrumbList","@id":"https:\/\/www.barral-osteopathe.fr\/index.php\/quand-consulter\/femmes-enceintes\/#breadcrumb","itemListElement":[{"@type":"ListItem","position":1,"name":"Accueil","item":"https:\/\/www.barral-osteopathe.fr\/"},{"@type":"ListItem","position":2,"name":"Quand Consulter ?","item":"https:\/\/www.barral-osteopathe.fr\/index.php\/quand-consulter\/"},{"@type":"ListItem","position":3,"name":"Femmes Enceintes"}]},{"@type":"WebSite","@id":"https:\/\/www.barral-osteopathe.fr\/#website","url":"https:\/\/www.barral-osteopathe.fr\/","name":"Maud BARRAL-BREAUTE Osteopathe D.O","description":"Votre th\u00e9rapeute | \u2709 POLE SANTE BILTEGI, 150 avenue de Bielle NAVE, place saint Barthelemy, 64200, BASSUSSARRY | \u260e  06.87.77.18.42","publisher":{"@id":"https:\/\/www.barral-osteopathe.fr\/#organization"},"potentialAction":[{"@type":"SearchAction","target":{"@type":"EntryPoint","urlTemplate":"https:\/\/www.barral-osteopathe.fr\/?s={search_term_string}"},"query-input":{"@type":"PropertyValueSpecification","valueRequired":true,"valueName":"search_term_string"}}],"inLanguage":"fr-FR"},{"@type":"Organization","@id":"https:\/\/www.barral-osteopathe.fr\/#organization","name":"Maud BARRAL-BREAUTE - OSTEOPATHE D.O","url":"https:\/\/www.barral-osteopathe.fr\/","logo":{"@type":"ImageObject","inLanguage":"fr-FR","@id":"https:\/\/www.barral-osteopathe.fr\/#\/schema\/logo\/image\/","url":"https:\/\/www.barral-osteopathe.fr\/wp-content\/uploads\/2015\/11\/IMGP0037-e1454069448408.jpg","contentUrl":"https:\/\/www.barral-osteopathe.fr\/wp-content\/uploads\/2015\/11\/IMGP0037-e1454069448408.jpg","width":600,"height":800,"caption":"Maud BARRAL-BREAUTE - OSTEOPATHE D.O"},"image":{"@id":"https:\/\/www.barral-osteopathe.fr\/#\/schema\/logo\/image\/"}}]}},"_links":{"self":[{"href":"https:\/\/www.barral-osteopathe.fr\/index.php\/wp-json\/wp\/v2\/pages\/17","targetHints":{"allow":["GET"]}}],"collection":[{"href":"https:\/\/www.barral-osteopathe.fr\/index.php\/wp-json\/wp\/v2\/pages"}],"about":[{"href":"https:\/\/www.barral-osteopathe.fr\/index.php\/wp-json\/wp\/v2\/types\/page"}],"author":[{"embeddable":true,"href":"https:\/\/www.barral-osteopathe.fr\/index.php\/wp-json\/wp\/v2\/users\/1"}],"replies":[{"embeddable":true,"href":"https:\/\/www.barral-osteopathe.fr\/index.php\/wp-json\/wp\/v2\/comments?post=17"}],"version-history":[{"count":5,"href":"https:\/\/www.barral-osteopathe.fr\/index.php\/wp-json\/wp\/v2\/pages\/17\/revisions"}],"predecessor-version":[{"id":231,"href":"https:\/\/www.barral-osteopathe.fr\/index.php\/wp-json\/wp\/v2\/pages\/17\/revisions\/231"}],"up":[{"embeddable":true,"href":"https:\/\/www.barral-osteopathe.fr\/index.php\/wp-json\/wp\/v2\/pages\/15"}],"wp:attachment":[{"href":"https:\/\/www.barral-osteopathe.fr\/index.php\/wp-json\/wp\/v2\/media?parent=17"}],"curies":[{"name":"wp","href":"https:\/\/api.w.org\/{rel}","templated":true}]}}