{"id":19,"date":"2015-11-02T15:21:52","date_gmt":"2015-11-02T14:21:52","guid":{"rendered":"http:\/\/barral-osteopathe.fr\/maudblog\/?page_id=19"},"modified":"2017-01-21T14:32:47","modified_gmt":"2017-01-21T13:32:47","slug":"osteopathie-bebe","status":"publish","type":"page","link":"https:\/\/www.barral-osteopathe.fr\/index.php\/quand-consulter\/osteopathie-bebe\/","title":{"rendered":"B\u00e9b\u00e9"},"content":{"rendered":"<section class=\"post-meta fix post-nothumb media\">\n<section class=\"bd post-header fix\">\n<section class=\"bd post-title-section fix\">\n<hgroup class=\"post-title fix\">\n<h1 class=\"entry-title pagetitle\">Ost\u00e9opathie et b\u00e9b\u00e9<\/h1>\n<\/hgroup>\n<\/section>\n<\/section>\n<\/section>\n<div class=\"entry_wrap fix\">\n<div class=\"entry_content\">\n<p>&nbsp;<\/p>\n<p><img loading=\"lazy\" decoding=\"async\" class=\"size-full wp-image-196 aligncenter\" title=\"Ost\u00e9opathie et B\u00e9b\u00e9\" src=\"http:\/\/www.barral-osteopathe.fr\/wp-content\/uploads\/2016\/01\/nourrisson.jpeg\" sizes=\"auto, (max-width: 250px) 100vw, 250px\" srcset=\"http:\/\/www.barral-osteopathe.fr\/wp-content\/uploads\/2016\/01\/nourrisson-150x300.jpg 150w, http:\/\/www.barral-osteopathe.fr\/wp-content\/uploads\/2016\/01\/nourrisson.jpeg 250w\" alt=\"\" width=\"250\" height=\"500\" \/><\/p>\n<blockquote><p>Le premier traumatisme subit par le b\u00e9b\u00e9 est la naissance. Pendant la vie intra-ut\u00e9rine et au moment de l\u2019accouchement, le corps du b\u00e9b\u00e9 va subir de nombreuses contraintes en compression. Celles-ci peuvent se manifester sous forme de tension, pouvant par la suite, lui occasionner divers sympt\u00f4mes.<\/p><\/blockquote>\n<h2>Quand consulter un ost\u00e9opathe pour son b\u00e9b\u00e9 ?<\/h2>\n<p><strong>Apr\u00e8s la naissance<\/strong>, afin de faire une s\u00e9ance de contr\u00f4le, un bilan.<\/p>\n<p><strong>Plus particuli\u00e8rement apr\u00e8s:<\/strong><\/p>\n<ul>\n<li>Un accouchement difficile: trop long, trop rapide, pouss\u00e9es abdominales, fracture de clavicule du b\u00e9b\u00e9.<\/li>\n<li>Utilisation d\u2019instruments: forceps, ventouse, spatules (traumatisant le cr\u00e2ne du b\u00e9b\u00e9).<\/li>\n<li>Une c\u00e9sarienne, programm\u00e9e ou non, mise en place en urgence.<\/li>\n<li>Une circulaire du cordon autour du cou du b\u00e9b\u00e9.<\/li>\n<\/ul>\n<h2>Pourquoi consulter un ost\u00e9opathe pour son b\u00e9b\u00e9 ?<\/h2>\n<ul>\n<li>R\u00e9gurgitations, RGO, troubles digestifs (coliques, constipation, gaz\u2026)<\/li>\n<li>Pleurs fr\u00e9quents, troubles du sommeil\u2026<\/li>\n<li>Troubles ORL: respiration bruyante (par le nez ou la bouche), bronchiole ( en compl\u00e9ment du traitement m\u00e9dical et kin\u00e9sith\u00e9rapeute si besoin), otite \u00e0 r\u00e9p\u00e9tion, laryngite, rhinite\u2026<\/li>\n<li>\u00c5\u2019il qui coule, colle au r\u00e9veil\u2026<\/li>\n<li>D\u00e9formation du cr\u00e2ne: plagioc\u00e9phalie (t\u00eate plate), t\u00eate en pain de sucre, oreille d\u00e9coll\u00e9e\u2026<\/li>\n<li>Torticolis: b\u00e9b\u00e9 qui tourne la t\u00eate que d\u2019un c\u00f4t\u00e9.<\/li>\n<li>Difficult\u00e9 \u00e0 t\u00e9ter, prendre le sein ou la t\u00e9tine, un allaitement douloureux.<\/li>\n<li>Apr\u00e8s un traumatisme, une chute ou un choc.<\/li>\n<li>\u00c9nervement, tonicit\u00e9 excessive: le b\u00e9b\u00e9 se raidit et se cambre r\u00e9guli\u00e8rement, il n\u2019est pas \u00e0 l\u2019aise dans les bras ou dans le lit.<\/li>\n<li>Trouble de la mobilit\u00e9: un b\u00e9b\u00e9 qui ne supporte pas d\u2019\u00eatre assis, allong\u00e9 sur le dos ou sur le ventre, retournement, quatre pattes ou apprentissage de la marche difficile\u2026<\/li>\n<\/ul>\n<h2>Comment se d\u00e9roule une s\u00e9ance d\u2019ost\u00e9opathie pour son b\u00e9b\u00e9 ?<\/h2>\n<p>En tant qu\u2019ost\u00e9opathe, nous effectuons un interrogatoire sur le motif de la consultation, les sympt\u00f4mes, le d\u00e9roulement de la grossesse et de l\u2019accouchement.<\/p>\n<p>Nous examinons et palpons l\u2019ensemble du squelette du b\u00e9b\u00e9: articulations, visc\u00e8res, cr\u00e2ne, \u00e0 la recherche de r\u00e9gions qui ont perdu de leur \u00e9lasticit\u00e9 et mobilit\u00e9.<\/p>\n<h3><em><strong>Les manipulations sont douces et sans force.<\/strong><\/em><\/h3>\n<p>Nous intervenons sur la ou les zone(s) en cause (organe, articulation\u2026) ainsi que sur celles qui y sont reli\u00e9s afin de d\u00e9tendre les tensions qui perturbent leur bon fonctionnement.<\/p>\n<p>Pensez \u00e0 apporter le carnet de sant\u00e9 de votre b\u00e9b\u00e9 .<\/p>\n<blockquote>\n<h2 align=\"center\"><b>Voici quelques conseils pour apaiser b\u00e9b\u00e9 s\u2019il est agit\u00e9 et\/ou p\u00e9renniser l\u2019efficacit\u00e9 de la consultation ost\u00e9opathique<\/b><\/h2>\n<\/blockquote>\n<p><b>Pour porter votre b\u00e9b\u00e9, de 0 \u00e0 12 mois<\/b><\/p>\n<ul>\n<li>Ne pas le soulever par les aisselles car sa t\u00eate n\u2019est pas stable, b\u00e9b\u00e9 peut subir l\u2019\u00e9quivalent d\u2019un \u00ab coup du lapin \u00bb. Le soulever en prenant les fesses et la t\u00eate. Le dos de b\u00e9b\u00e9 est alors semi- arrondi.<\/li>\n<li>Dans les bras, mettez SON DOS CONTRE VOTRE VENTRE en soutenant fesses et cuisses de fa\u00e7on \u00e0 ce que ses genoux soient plus hauts que ses hanches. Son dos est semi arrondi.<\/li>\n<li>D\u00e8s 4-5 mois, portez b\u00e9b\u00e9 sur votre hanche, d\u2019abord dos contre vous puis face \u00e0 vous au-del\u00e0 de 9 mois. Eviter encore de le soulever par-dessus les aisselles.<\/li>\n<\/ul>\n<p><b>De 0 \u00e0 4 mois : la position allong\u00e9e est pr\u00e9f\u00e9rable<\/b><\/p>\n<ul>\n<li>Le si\u00e8ge auto est r\u00e9serv\u00e9 aux d\u00e9placements<\/li>\n<li>Le transat, doit \u00eatre SANS RAIDISSEUR (sinon, la position le replie juste au niveau de son abdomen !). Pour cela, \u00f4ter les planchettes sous le tissu, il deviendra un hamac confortable<\/li>\n<\/ul>\n<p><b>De 4 \u00e0 12 mois : positions semi-assise puis assise (au-del\u00e0 de 8 mois) possibles<\/b><\/p>\n<ul>\n<li><b>MAIS<\/b> la position au sol \u00e0 plat doit rester toujours la plus adapt\u00e9e \u00e0 son d\u00e9veloppement. Alterner les supports !<\/li>\n<li>M\u00eame si b\u00e9b\u00e9 tient assis, mettez-le encore \u00e0 plat dos, ainsi il tentera de s\u2019asseoir seul<\/li>\n<\/ul>\n<p><b>Pendant la t\u00e9t\u00e9e<\/b><\/p>\n<ul>\n<li>La position enroul\u00e9e est la plus confortable. Evitez de tenir son dos trop raide : soutenez-lui la t\u00eate avec une main et veillez \u00e0 ce que ses genoux soient repli\u00e9s. Vous pouvez vous aider d\u2019un cousin type \u00ab cousin d\u2019allaitement \u00bb pour caler votre bras et d\u2019un petit tabouret sous vos pieds (ces pr\u00e9cautions soulageront votre dos !)<\/li>\n<li>Au biberon, pensez \u00e0 changer votre b\u00e9b\u00e9 de c\u00f4t\u00e9 (bras droit puis gauche comme pour l\u2019allaitement au sein).<\/li>\n<li>Quelle que soit votre position pour le nourrir, veillez \u00e0 ce que <b>sa position soit un peu redress\u00e9 <\/b>pour \u00e9viter les reflux<\/li>\n<\/ul>\n<p><b>Pour les balades \u00e0 pied<\/b><\/p>\n<ul>\n<li>A partir de 4 mois, quand b\u00e9b\u00e9 tient sa t\u00eate, un <b>portage en \u00e9charpe<\/b> ou un <b>porte-b\u00e9b\u00e9 physiologique soutenant les cuisses est bien adapt\u00e9. <\/b><\/li>\n<li>Le porte b\u00e9b\u00e9 dit \u00ab ventral \u00bb ou \u00ab kangourou <b>\u00bb<\/b><b>cambre trop b\u00e9b\u00e9<\/b> (suspension des jambes dans le vide)<\/li>\n<\/ul>\n<p><b>Eviter les mauvaises stimulations<\/b><\/p>\n<ul>\n<li>B\u00e9b\u00e9 doit s\u2019asseoir et ramper avant de se mettre debout ! Ne pas l\u2019encourager \u00e0 se mettre debout avant qu\u2019il ne le fasse de par lui-m\u00eame. M\u00eame si cela l\u2019amuse !<\/li>\n<li><b>Vers 6\/8 mois<\/b>, le trotteur (ou \u00ab youplala \u00bb) est FORTEMENT d\u00e9conseill\u00e9. Il cambre trop l\u2019enfant et l\u2019incite \u00e0 marcher sur la pointe des pieds.<\/li>\n<li>Permettre \u00e0 b\u00e9b\u00e9 de ramper \u00e0 4 pattes, de pratiquer la marche de l\u2019ours (jambes tendues, fesses en l\u2019air) qui aident \u00e0 la mise en place de la lat\u00e9ralisation.<\/li>\n<\/ul>\n<p><b>Si b\u00e9b\u00e9 r\u00e9gurgite<\/b><\/p>\n<ul>\n<li>Soulevez le matelas avec un cousin ou une serviette roul\u00e9e au niveau du tronc et de la t\u00eate.<\/li>\n<\/ul>\n<p><b>Si b\u00e9b\u00e9 a le cr\u00e2ne plat (plagioc\u00e9phalie post\u00e9rieure d\u2019origine positionnelle)<\/b><b> <\/b><\/p>\n<ul>\n<li>la journ\u00e9e <b>sous surveillance<\/b>, couchez-le alternativement sur un c\u00f4t\u00e9 puis l\u2019autre, <b>en favorisant le c\u00f4t\u00e9 o\u00f9 il ne tourne pas.<\/b><\/li>\n<li>la nuit, ou lorsque vous le laissez seul la journ\u00e9e, laissez-le sur le dos ou mettez une cale (2 \u00e0 3 cm) sous son matelas au niveau de la t\u00eate du c\u00f4t\u00e9 o\u00f9 il tourne facilement (sous l\u2019action de la gravit\u00e9, le poids de sa t\u00eate lui fera tourner la t\u00eate du c\u00f4t\u00e9 oppos\u00e9).<\/li>\n<li>stimulez <b>la rotation de la t\u00eate du c\u00f4t\u00e9 o\u00f9 elle ne tourne pas<\/b> <b>spontan\u00e9ment<\/b> \u00e0 l\u2019aide d\u2019un mobile, de la lumi\u00e8re d\u2019objets attractifs, par l\u2019allaitement etc\u2026 jusqu\u2019\u00e0 l\u2019obtention de la sym\u00e9trie, ensuite varier les stimulations.<\/li>\n<\/ul>\n<p>&nbsp;<\/p>\n<p align=\"center\"><b>En r\u00e9sum\u00e9, votre b\u00e9b\u00e9 a besoin de moments de calme, des portages altern\u00e9s et des stimulations diverses.<\/b><\/p>\n<p align=\"center\">Source: SEROPP (Soci\u00e9t\u00e9 Europ\u00e9enne de Recherche en Ost\u00e9opathie P\u00e9rinatale et P\u00e9diatrique)<\/p>\n<p style=\"text-align: left;\" align=\"center\">Contre-indications de l&rsquo;Ost\u00e9opathie chez l&rsquo;enfant : <a href=\"http:\/\/www.seropp.org\" target=\"_blank\">www.seropp.org<\/a><\/p>\n<\/div>\n<\/div>\n","protected":false},"excerpt":{"rendered":"<p>Ost\u00e9opathie et b\u00e9b\u00e9 &nbsp; Le premier traumatisme subit par le b\u00e9b\u00e9 est la naissance. Pendant la vie intra-ut\u00e9rine et au moment de l\u2019accouchement, le corps du b\u00e9b\u00e9 va subir de nombreuses contraintes en compression. Celles-ci peuvent se manifester sous forme de tension, pouvant par la suite, lui occasionner divers sympt\u00f4mes. Quand consulter un ost\u00e9opathe pour [&hellip;]<\/p>\n","protected":false},"author":1,"featured_media":0,"parent":15,"menu_order":1,"comment_status":"closed","ping_status":"closed","template":"","meta":{"footnotes":""},"class_list":["post-19","page","type-page","status-publish","hentry"],"yoast_head":"<!-- This site is optimized with the Yoast SEO plugin v26.0 - https:\/\/yoast.com\/wordpress\/plugins\/seo\/ -->\n<title>B\u00e9b\u00e9 &#183; Maud BARRAL-BREAUTE - OSTEOPATHE D.O<\/title>\n<meta name=\"robots\" content=\"index, follow, max-snippet:-1, max-image-preview:large, max-video-preview:-1\" \/>\n<link rel=\"canonical\" href=\"https:\/\/www.barral-osteopathe.fr\/index.php\/quand-consulter\/osteopathie-bebe\/\" \/>\n<meta property=\"og:locale\" content=\"fr_FR\" \/>\n<meta property=\"og:type\" content=\"article\" \/>\n<meta property=\"og:title\" content=\"B\u00e9b\u00e9 &#183; Maud BARRAL-BREAUTE - OSTEOPATHE D.O\" \/>\n<meta property=\"og:description\" content=\"Ost\u00e9opathie et b\u00e9b\u00e9 &nbsp; Le premier traumatisme subit par le b\u00e9b\u00e9 est la naissance. Pendant la vie intra-ut\u00e9rine et au moment de l\u2019accouchement, le corps du b\u00e9b\u00e9 va subir de nombreuses contraintes en compression. Celles-ci peuvent se manifester sous forme de tension, pouvant par la suite, lui occasionner divers sympt\u00f4mes. Quand consulter un ost\u00e9opathe pour [&hellip;]\" \/>\n<meta property=\"og:url\" content=\"https:\/\/www.barral-osteopathe.fr\/index.php\/quand-consulter\/osteopathie-bebe\/\" \/>\n<meta property=\"og:site_name\" content=\"Maud BARRAL-BREAUTE - OSTEOPATHE D.O\" \/>\n<meta property=\"article:modified_time\" content=\"2017-01-21T13:32:47+00:00\" \/>\n<meta property=\"og:image\" content=\"http:\/\/www.barral-osteopathe.fr\/wp-content\/uploads\/2016\/01\/nourrisson.jpeg\" \/>\n<meta name=\"twitter:card\" content=\"summary_large_image\" \/>\n<meta name=\"twitter:label1\" content=\"Dur\u00e9e de lecture estim\u00e9e\" \/>\n\t<meta name=\"twitter:data1\" content=\"6 minutes\" \/>\n<script type=\"application\/ld+json\" class=\"yoast-schema-graph\">{\"@context\":\"https:\/\/schema.org\",\"@graph\":[{\"@type\":\"WebPage\",\"@id\":\"https:\/\/www.barral-osteopathe.fr\/index.php\/quand-consulter\/osteopathie-bebe\/\",\"url\":\"https:\/\/www.barral-osteopathe.fr\/index.php\/quand-consulter\/osteopathie-bebe\/\",\"name\":\"B\u00e9b\u00e9 &#183; Maud BARRAL-BREAUTE - OSTEOPATHE D.O\",\"isPartOf\":{\"@id\":\"https:\/\/www.barral-osteopathe.fr\/#website\"},\"primaryImageOfPage\":{\"@id\":\"https:\/\/www.barral-osteopathe.fr\/index.php\/quand-consulter\/osteopathie-bebe\/#primaryimage\"},\"image\":{\"@id\":\"https:\/\/www.barral-osteopathe.fr\/index.php\/quand-consulter\/osteopathie-bebe\/#primaryimage\"},\"thumbnailUrl\":\"http:\/\/www.barral-osteopathe.fr\/wp-content\/uploads\/2016\/01\/nourrisson.jpeg\",\"datePublished\":\"2015-11-02T14:21:52+00:00\",\"dateModified\":\"2017-01-21T13:32:47+00:00\",\"breadcrumb\":{\"@id\":\"https:\/\/www.barral-osteopathe.fr\/index.php\/quand-consulter\/osteopathie-bebe\/#breadcrumb\"},\"inLanguage\":\"fr-FR\",\"potentialAction\":[{\"@type\":\"ReadAction\",\"target\":[\"https:\/\/www.barral-osteopathe.fr\/index.php\/quand-consulter\/osteopathie-bebe\/\"]}]},{\"@type\":\"ImageObject\",\"inLanguage\":\"fr-FR\",\"@id\":\"https:\/\/www.barral-osteopathe.fr\/index.php\/quand-consulter\/osteopathie-bebe\/#primaryimage\",\"url\":\"https:\/\/www.barral-osteopathe.fr\/wp-content\/uploads\/2016\/01\/nourrisson.jpeg\",\"contentUrl\":\"https:\/\/www.barral-osteopathe.fr\/wp-content\/uploads\/2016\/01\/nourrisson.jpeg\",\"width\":250,\"height\":500},{\"@type\":\"BreadcrumbList\",\"@id\":\"https:\/\/www.barral-osteopathe.fr\/index.php\/quand-consulter\/osteopathie-bebe\/#breadcrumb\",\"itemListElement\":[{\"@type\":\"ListItem\",\"position\":1,\"name\":\"Accueil\",\"item\":\"https:\/\/www.barral-osteopathe.fr\/\"},{\"@type\":\"ListItem\",\"position\":2,\"name\":\"Quand Consulter ?\",\"item\":\"https:\/\/www.barral-osteopathe.fr\/index.php\/quand-consulter\/\"},{\"@type\":\"ListItem\",\"position\":3,\"name\":\"B\u00e9b\u00e9\"}]},{\"@type\":\"WebSite\",\"@id\":\"https:\/\/www.barral-osteopathe.fr\/#website\",\"url\":\"https:\/\/www.barral-osteopathe.fr\/\",\"name\":\"Maud BARRAL-BREAUTE Osteopathe D.O\",\"description\":\"Votre th\u00e9rapeute | \u2709 POLE SANTE BILTEGI, 150 avenue de Bielle NAVE, place saint Barthelemy, 64200, BASSUSSARRY | \u260e  06.87.77.18.42\",\"publisher\":{\"@id\":\"https:\/\/www.barral-osteopathe.fr\/#organization\"},\"potentialAction\":[{\"@type\":\"SearchAction\",\"target\":{\"@type\":\"EntryPoint\",\"urlTemplate\":\"https:\/\/www.barral-osteopathe.fr\/?s={search_term_string}\"},\"query-input\":{\"@type\":\"PropertyValueSpecification\",\"valueRequired\":true,\"valueName\":\"search_term_string\"}}],\"inLanguage\":\"fr-FR\"},{\"@type\":\"Organization\",\"@id\":\"https:\/\/www.barral-osteopathe.fr\/#organization\",\"name\":\"Maud BARRAL-BREAUTE - OSTEOPATHE D.O\",\"url\":\"https:\/\/www.barral-osteopathe.fr\/\",\"logo\":{\"@type\":\"ImageObject\",\"inLanguage\":\"fr-FR\",\"@id\":\"https:\/\/www.barral-osteopathe.fr\/#\/schema\/logo\/image\/\",\"url\":\"https:\/\/www.barral-osteopathe.fr\/wp-content\/uploads\/2015\/11\/IMGP0037-e1454069448408.jpg\",\"contentUrl\":\"https:\/\/www.barral-osteopathe.fr\/wp-content\/uploads\/2015\/11\/IMGP0037-e1454069448408.jpg\",\"width\":600,\"height\":800,\"caption\":\"Maud BARRAL-BREAUTE - OSTEOPATHE D.O\"},\"image\":{\"@id\":\"https:\/\/www.barral-osteopathe.fr\/#\/schema\/logo\/image\/\"}}]}<\/script>\n<!-- \/ Yoast SEO plugin. -->","yoast_head_json":{"title":"B\u00e9b\u00e9 &#183; Maud BARRAL-BREAUTE - OSTEOPATHE D.O","robots":{"index":"index","follow":"follow","max-snippet":"max-snippet:-1","max-image-preview":"max-image-preview:large","max-video-preview":"max-video-preview:-1"},"canonical":"https:\/\/www.barral-osteopathe.fr\/index.php\/quand-consulter\/osteopathie-bebe\/","og_locale":"fr_FR","og_type":"article","og_title":"B\u00e9b\u00e9 &#183; Maud BARRAL-BREAUTE - OSTEOPATHE D.O","og_description":"Ost\u00e9opathie et b\u00e9b\u00e9 &nbsp; Le premier traumatisme subit par le b\u00e9b\u00e9 est la naissance. Pendant la vie intra-ut\u00e9rine et au moment de l\u2019accouchement, le corps du b\u00e9b\u00e9 va subir de nombreuses contraintes en compression. Celles-ci peuvent se manifester sous forme de tension, pouvant par la suite, lui occasionner divers sympt\u00f4mes. Quand consulter un ost\u00e9opathe pour [&hellip;]","og_url":"https:\/\/www.barral-osteopathe.fr\/index.php\/quand-consulter\/osteopathie-bebe\/","og_site_name":"Maud BARRAL-BREAUTE - OSTEOPATHE D.O","article_modified_time":"2017-01-21T13:32:47+00:00","og_image":[{"url":"http:\/\/www.barral-osteopathe.fr\/wp-content\/uploads\/2016\/01\/nourrisson.jpeg","type":"","width":"","height":""}],"twitter_card":"summary_large_image","twitter_misc":{"Dur\u00e9e de lecture estim\u00e9e":"6 minutes"},"schema":{"@context":"https:\/\/schema.org","@graph":[{"@type":"WebPage","@id":"https:\/\/www.barral-osteopathe.fr\/index.php\/quand-consulter\/osteopathie-bebe\/","url":"https:\/\/www.barral-osteopathe.fr\/index.php\/quand-consulter\/osteopathie-bebe\/","name":"B\u00e9b\u00e9 &#183; Maud BARRAL-BREAUTE - OSTEOPATHE D.O","isPartOf":{"@id":"https:\/\/www.barral-osteopathe.fr\/#website"},"primaryImageOfPage":{"@id":"https:\/\/www.barral-osteopathe.fr\/index.php\/quand-consulter\/osteopathie-bebe\/#primaryimage"},"image":{"@id":"https:\/\/www.barral-osteopathe.fr\/index.php\/quand-consulter\/osteopathie-bebe\/#primaryimage"},"thumbnailUrl":"http:\/\/www.barral-osteopathe.fr\/wp-content\/uploads\/2016\/01\/nourrisson.jpeg","datePublished":"2015-11-02T14:21:52+00:00","dateModified":"2017-01-21T13:32:47+00:00","breadcrumb":{"@id":"https:\/\/www.barral-osteopathe.fr\/index.php\/quand-consulter\/osteopathie-bebe\/#breadcrumb"},"inLanguage":"fr-FR","potentialAction":[{"@type":"ReadAction","target":["https:\/\/www.barral-osteopathe.fr\/index.php\/quand-consulter\/osteopathie-bebe\/"]}]},{"@type":"ImageObject","inLanguage":"fr-FR","@id":"https:\/\/www.barral-osteopathe.fr\/index.php\/quand-consulter\/osteopathie-bebe\/#primaryimage","url":"https:\/\/www.barral-osteopathe.fr\/wp-content\/uploads\/2016\/01\/nourrisson.jpeg","contentUrl":"https:\/\/www.barral-osteopathe.fr\/wp-content\/uploads\/2016\/01\/nourrisson.jpeg","width":250,"height":500},{"@type":"BreadcrumbList","@id":"https:\/\/www.barral-osteopathe.fr\/index.php\/quand-consulter\/osteopathie-bebe\/#breadcrumb","itemListElement":[{"@type":"ListItem","position":1,"name":"Accueil","item":"https:\/\/www.barral-osteopathe.fr\/"},{"@type":"ListItem","position":2,"name":"Quand Consulter ?","item":"https:\/\/www.barral-osteopathe.fr\/index.php\/quand-consulter\/"},{"@type":"ListItem","position":3,"name":"B\u00e9b\u00e9"}]},{"@type":"WebSite","@id":"https:\/\/www.barral-osteopathe.fr\/#website","url":"https:\/\/www.barral-osteopathe.fr\/","name":"Maud BARRAL-BREAUTE Osteopathe D.O","description":"Votre th\u00e9rapeute | \u2709 POLE SANTE BILTEGI, 150 avenue de Bielle NAVE, place saint Barthelemy, 64200, BASSUSSARRY | \u260e  06.87.77.18.42","publisher":{"@id":"https:\/\/www.barral-osteopathe.fr\/#organization"},"potentialAction":[{"@type":"SearchAction","target":{"@type":"EntryPoint","urlTemplate":"https:\/\/www.barral-osteopathe.fr\/?s={search_term_string}"},"query-input":{"@type":"PropertyValueSpecification","valueRequired":true,"valueName":"search_term_string"}}],"inLanguage":"fr-FR"},{"@type":"Organization","@id":"https:\/\/www.barral-osteopathe.fr\/#organization","name":"Maud BARRAL-BREAUTE - OSTEOPATHE D.O","url":"https:\/\/www.barral-osteopathe.fr\/","logo":{"@type":"ImageObject","inLanguage":"fr-FR","@id":"https:\/\/www.barral-osteopathe.fr\/#\/schema\/logo\/image\/","url":"https:\/\/www.barral-osteopathe.fr\/wp-content\/uploads\/2015\/11\/IMGP0037-e1454069448408.jpg","contentUrl":"https:\/\/www.barral-osteopathe.fr\/wp-content\/uploads\/2015\/11\/IMGP0037-e1454069448408.jpg","width":600,"height":800,"caption":"Maud BARRAL-BREAUTE - OSTEOPATHE D.O"},"image":{"@id":"https:\/\/www.barral-osteopathe.fr\/#\/schema\/logo\/image\/"}}]}},"_links":{"self":[{"href":"https:\/\/www.barral-osteopathe.fr\/index.php\/wp-json\/wp\/v2\/pages\/19","targetHints":{"allow":["GET"]}}],"collection":[{"href":"https:\/\/www.barral-osteopathe.fr\/index.php\/wp-json\/wp\/v2\/pages"}],"about":[{"href":"https:\/\/www.barral-osteopathe.fr\/index.php\/wp-json\/wp\/v2\/types\/page"}],"author":[{"embeddable":true,"href":"https:\/\/www.barral-osteopathe.fr\/index.php\/wp-json\/wp\/v2\/users\/1"}],"replies":[{"embeddable":true,"href":"https:\/\/www.barral-osteopathe.fr\/index.php\/wp-json\/wp\/v2\/comments?post=19"}],"version-history":[{"count":4,"href":"https:\/\/www.barral-osteopathe.fr\/index.php\/wp-json\/wp\/v2\/pages\/19\/revisions"}],"predecessor-version":[{"id":219,"href":"https:\/\/www.barral-osteopathe.fr\/index.php\/wp-json\/wp\/v2\/pages\/19\/revisions\/219"}],"up":[{"embeddable":true,"href":"https:\/\/www.barral-osteopathe.fr\/index.php\/wp-json\/wp\/v2\/pages\/15"}],"wp:attachment":[{"href":"https:\/\/www.barral-osteopathe.fr\/index.php\/wp-json\/wp\/v2\/media?parent=19"}],"curies":[{"name":"wp","href":"https:\/\/api.w.org\/{rel}","templated":true}]}}