{"id":23,"date":"2015-11-02T15:23:36","date_gmt":"2015-11-02T14:23:36","guid":{"rendered":"http:\/\/barral-osteopathe.fr\/maudblog\/?page_id=23"},"modified":"2016-01-29T18:15:07","modified_gmt":"2016-01-29T17:15:07","slug":"losteopathie-et-le-travail","status":"publish","type":"page","link":"https:\/\/www.barral-osteopathe.fr\/index.php\/quand-consulter\/losteopathie-et-le-travail\/","title":{"rendered":"Travail"},"content":{"rendered":"<section class=\"post-meta fix post-nothumb media\">\n<section class=\"bd post-header fix\">\n<section class=\"bd post-title-section fix\">\n<hgroup class=\"post-title fix\">\n<h1 class=\"entry-title pagetitle\">Ost\u00e9opathie et le travail<\/h1>\n<\/hgroup>\n<\/section>\n<\/section>\n<\/section>\n<div class=\"entry_wrap fix\">\n<div class=\"entry_content\">\n<blockquote><p>Douleurs lombaires ou dorsales, tendinites, syndrome du canal carpien, maux de t\u00eate, raideur du cou et des \u00e9paules, fourmillements dans les doigts, inconfort des postures\u2026 Quel que soit votre m\u00e9tier, pensez au nombre d\u2019heures que vous passez chaque jour dans la m\u00eame posture, ou \u00e0 r\u00e9p\u00e9ter le m\u00eame geste.<\/p><\/blockquote>\n<p>&nbsp;<\/p>\n<p><a href=\"http:\/\/www.barral-osteopathe.fr\/wp-content\/uploads\/2016\/01\/douleur-cervicale1.jpg\"><img loading=\"lazy\" decoding=\"async\" class=\"size-full wp-image-491 aligncenter\" title=\"ost\u00e9opathie et le travail\" src=\"http:\/\/www.barral-osteopathe.fr\/wp-content\/uploads\/2016\/01\/douleur-cervicale1.jpg\" sizes=\"auto, (max-width: 350px) 100vw, 350px\" srcset=\"http:\/\/www.barral-osteopathe.fr\/wp-content\/uploads\/2016\/01\/douleur-cervicale1-300x214.jpg 300w, http:\/\/www.barral-osteopathe.fr\/wp-content\/uploads\/2016\/01\/douleur-cervicale1.jpg 350w\" alt=\"\" width=\"350\" height=\"250\" \/><\/a><\/p>\n<p>Assis devant un ordinateur, debout \u00e0 pi\u00e9tiner, port d\u2019objets lourds, gestes r\u00e9p\u00e9titifs, efforts excessifs ou simplement travail dans des positions p\u00e9nibles.<\/p>\n<p>Tout ceci concourt au d\u00e9veloppement de <strong>trouble musculo-squelettique ou TMS<\/strong>. Les Troubles Musculo-squelettiques recouvrent <strong>un large \u00e9ventail de pathologies<\/strong> touchant les<strong> tissus mous \u00e0 la p\u00e9riph\u00e9rie des articulations<\/strong>. Ils r\u00e9sultent d\u2019un d\u00e9s\u00e9quilibre entre les capacit\u00e9s fonctionnelles des personnes et les sollicitations qui apparaissent dans un contexte de travail notamment sans possibilit\u00e9 de r\u00e9cup\u00e9ration suffisante. Ils affectent principalement les muscles, les tendons et les nerfs.<\/p>\n<p>Les TMS se manifestent par des <strong>douleurs<\/strong> (au niveau des poignets, des \u00e9paules, des coudes, du rachis, des genoux\u2026) et des  <strong>g\u00eanes dans les mouvements<\/strong>. Le syndrome du canal carpien est la pathologie la plus connue et la plus r\u00e9pandue. Les tendinites sont aussi des formes fr\u00e9quentes de TMS.<\/p>\n<p>Ajoutez-y le stress et les efforts de la vie quotidienne : porter les enfants, le m\u00e9nage, les transports, le bricolage\u2026<\/p>\n<p>Ajoutez encore \u00e0 cela, les blessures et autres traumatismes dont vous avez pu souffrir dans le pass\u00e9 (<strong>aucun organisme n\u2019est vierge de traumatismes physiques et\/ou psychologiques).<\/strong><\/p>\n<p>Initialement, votre corps supportait ces tensions et autres contraintes, jusqu\u2019\u00e0 ce qu\u2019elles deviennent apparentes, plus inconfortables et r\u00e9currentes.<\/p>\n<p>L\u2019ost\u00e9opathie vous permettra de soulager durablement vos douleurs et autres TMS.<\/p>\n<p><strong>L\u2019ost\u00e9opathie constituera \u00e9galement une v\u00e9ritable aide th\u00e9rapeutique \u00e0 certains effets du stress<\/strong> sur l\u2019organisme.<\/p>\n<p>La consultation pourra inclure des conseils sur votre posture au travail ainsi que la recommandation d\u2019exercices pr\u00e9ventifs.<\/p>\n<\/div>\n<\/div>\n","protected":false},"excerpt":{"rendered":"<p>Ost\u00e9opathie et le travail Douleurs lombaires ou dorsales, tendinites, syndrome du canal carpien, maux de t\u00eate, raideur du cou et des \u00e9paules, fourmillements dans les doigts, inconfort des postures\u2026 Quel que soit votre m\u00e9tier, pensez au nombre d\u2019heures que vous passez chaque jour dans la m\u00eame posture, ou \u00e0 r\u00e9p\u00e9ter le m\u00eame geste. &nbsp; Assis [&hellip;]<\/p>\n","protected":false},"author":1,"featured_media":0,"parent":15,"menu_order":5,"comment_status":"closed","ping_status":"closed","template":"","meta":{"footnotes":""},"class_list":["post-23","page","type-page","status-publish","hentry"],"yoast_head":"<!-- This site is optimized with the Yoast SEO plugin v26.0 - https:\/\/yoast.com\/wordpress\/plugins\/seo\/ -->\n<title>Travail &#183; Maud BARRAL-BREAUTE - OSTEOPATHE D.O<\/title>\n<meta name=\"robots\" content=\"index, follow, max-snippet:-1, max-image-preview:large, max-video-preview:-1\" \/>\n<link rel=\"canonical\" href=\"https:\/\/www.barral-osteopathe.fr\/index.php\/quand-consulter\/losteopathie-et-le-travail\/\" \/>\n<meta property=\"og:locale\" content=\"fr_FR\" \/>\n<meta property=\"og:type\" content=\"article\" \/>\n<meta property=\"og:title\" content=\"Travail &#183; Maud BARRAL-BREAUTE - OSTEOPATHE D.O\" \/>\n<meta property=\"og:description\" content=\"Ost\u00e9opathie et le travail Douleurs lombaires ou dorsales, tendinites, syndrome du canal carpien, maux de t\u00eate, raideur du cou et des \u00e9paules, fourmillements dans les doigts, inconfort des postures\u2026 Quel que soit votre m\u00e9tier, pensez au nombre d\u2019heures que vous passez chaque jour dans la m\u00eame posture, ou \u00e0 r\u00e9p\u00e9ter le m\u00eame geste. &nbsp; Assis [&hellip;]\" \/>\n<meta property=\"og:url\" content=\"https:\/\/www.barral-osteopathe.fr\/index.php\/quand-consulter\/losteopathie-et-le-travail\/\" \/>\n<meta property=\"og:site_name\" content=\"Maud BARRAL-BREAUTE - OSTEOPATHE D.O\" \/>\n<meta property=\"article:modified_time\" content=\"2016-01-29T17:15:07+00:00\" \/>\n<meta property=\"og:image\" content=\"http:\/\/www.barral-osteopathe.fr\/wp-content\/uploads\/2016\/01\/douleur-cervicale1.jpg\" \/>\n<meta name=\"twitter:card\" content=\"summary_large_image\" \/>\n<meta name=\"twitter:label1\" content=\"Dur\u00e9e de lecture estim\u00e9e\" \/>\n\t<meta name=\"twitter:data1\" content=\"2 minutes\" \/>\n<script type=\"application\/ld+json\" class=\"yoast-schema-graph\">{\"@context\":\"https:\/\/schema.org\",\"@graph\":[{\"@type\":\"WebPage\",\"@id\":\"https:\/\/www.barral-osteopathe.fr\/index.php\/quand-consulter\/losteopathie-et-le-travail\/\",\"url\":\"https:\/\/www.barral-osteopathe.fr\/index.php\/quand-consulter\/losteopathie-et-le-travail\/\",\"name\":\"Travail &#183; Maud BARRAL-BREAUTE - OSTEOPATHE D.O\",\"isPartOf\":{\"@id\":\"https:\/\/www.barral-osteopathe.fr\/#website\"},\"primaryImageOfPage\":{\"@id\":\"https:\/\/www.barral-osteopathe.fr\/index.php\/quand-consulter\/losteopathie-et-le-travail\/#primaryimage\"},\"image\":{\"@id\":\"https:\/\/www.barral-osteopathe.fr\/index.php\/quand-consulter\/losteopathie-et-le-travail\/#primaryimage\"},\"thumbnailUrl\":\"http:\/\/www.barral-osteopathe.fr\/wp-content\/uploads\/2016\/01\/douleur-cervicale1.jpg\",\"datePublished\":\"2015-11-02T14:23:36+00:00\",\"dateModified\":\"2016-01-29T17:15:07+00:00\",\"breadcrumb\":{\"@id\":\"https:\/\/www.barral-osteopathe.fr\/index.php\/quand-consulter\/losteopathie-et-le-travail\/#breadcrumb\"},\"inLanguage\":\"fr-FR\",\"potentialAction\":[{\"@type\":\"ReadAction\",\"target\":[\"https:\/\/www.barral-osteopathe.fr\/index.php\/quand-consulter\/losteopathie-et-le-travail\/\"]}]},{\"@type\":\"ImageObject\",\"inLanguage\":\"fr-FR\",\"@id\":\"https:\/\/www.barral-osteopathe.fr\/index.php\/quand-consulter\/losteopathie-et-le-travail\/#primaryimage\",\"url\":\"https:\/\/www.barral-osteopathe.fr\/wp-content\/uploads\/2016\/01\/douleur-cervicale1.jpg\",\"contentUrl\":\"https:\/\/www.barral-osteopathe.fr\/wp-content\/uploads\/2016\/01\/douleur-cervicale1.jpg\",\"width\":350,\"height\":250},{\"@type\":\"BreadcrumbList\",\"@id\":\"https:\/\/www.barral-osteopathe.fr\/index.php\/quand-consulter\/losteopathie-et-le-travail\/#breadcrumb\",\"itemListElement\":[{\"@type\":\"ListItem\",\"position\":1,\"name\":\"Accueil\",\"item\":\"https:\/\/www.barral-osteopathe.fr\/\"},{\"@type\":\"ListItem\",\"position\":2,\"name\":\"Quand Consulter ?\",\"item\":\"https:\/\/www.barral-osteopathe.fr\/index.php\/quand-consulter\/\"},{\"@type\":\"ListItem\",\"position\":3,\"name\":\"Travail\"}]},{\"@type\":\"WebSite\",\"@id\":\"https:\/\/www.barral-osteopathe.fr\/#website\",\"url\":\"https:\/\/www.barral-osteopathe.fr\/\",\"name\":\"Maud BARRAL-BREAUTE Osteopathe D.O\",\"description\":\"Votre th\u00e9rapeute | \u2709 POLE SANTE BILTEGI, 150 avenue de Bielle NAVE, place saint Barthelemy, 64200, BASSUSSARRY | \u260e  06.87.77.18.42\",\"publisher\":{\"@id\":\"https:\/\/www.barral-osteopathe.fr\/#organization\"},\"potentialAction\":[{\"@type\":\"SearchAction\",\"target\":{\"@type\":\"EntryPoint\",\"urlTemplate\":\"https:\/\/www.barral-osteopathe.fr\/?s={search_term_string}\"},\"query-input\":{\"@type\":\"PropertyValueSpecification\",\"valueRequired\":true,\"valueName\":\"search_term_string\"}}],\"inLanguage\":\"fr-FR\"},{\"@type\":\"Organization\",\"@id\":\"https:\/\/www.barral-osteopathe.fr\/#organization\",\"name\":\"Maud BARRAL-BREAUTE - OSTEOPATHE D.O\",\"url\":\"https:\/\/www.barral-osteopathe.fr\/\",\"logo\":{\"@type\":\"ImageObject\",\"inLanguage\":\"fr-FR\",\"@id\":\"https:\/\/www.barral-osteopathe.fr\/#\/schema\/logo\/image\/\",\"url\":\"https:\/\/www.barral-osteopathe.fr\/wp-content\/uploads\/2015\/11\/IMGP0037-e1454069448408.jpg\",\"contentUrl\":\"https:\/\/www.barral-osteopathe.fr\/wp-content\/uploads\/2015\/11\/IMGP0037-e1454069448408.jpg\",\"width\":600,\"height\":800,\"caption\":\"Maud BARRAL-BREAUTE - OSTEOPATHE D.O\"},\"image\":{\"@id\":\"https:\/\/www.barral-osteopathe.fr\/#\/schema\/logo\/image\/\"}}]}<\/script>\n<!-- \/ Yoast SEO plugin. -->","yoast_head_json":{"title":"Travail &#183; Maud BARRAL-BREAUTE - OSTEOPATHE D.O","robots":{"index":"index","follow":"follow","max-snippet":"max-snippet:-1","max-image-preview":"max-image-preview:large","max-video-preview":"max-video-preview:-1"},"canonical":"https:\/\/www.barral-osteopathe.fr\/index.php\/quand-consulter\/losteopathie-et-le-travail\/","og_locale":"fr_FR","og_type":"article","og_title":"Travail &#183; Maud BARRAL-BREAUTE - OSTEOPATHE D.O","og_description":"Ost\u00e9opathie et le travail Douleurs lombaires ou dorsales, tendinites, syndrome du canal carpien, maux de t\u00eate, raideur du cou et des \u00e9paules, fourmillements dans les doigts, inconfort des postures\u2026 Quel que soit votre m\u00e9tier, pensez au nombre d\u2019heures que vous passez chaque jour dans la m\u00eame posture, ou \u00e0 r\u00e9p\u00e9ter le m\u00eame geste. &nbsp; Assis [&hellip;]","og_url":"https:\/\/www.barral-osteopathe.fr\/index.php\/quand-consulter\/losteopathie-et-le-travail\/","og_site_name":"Maud BARRAL-BREAUTE - OSTEOPATHE D.O","article_modified_time":"2016-01-29T17:15:07+00:00","og_image":[{"url":"http:\/\/www.barral-osteopathe.fr\/wp-content\/uploads\/2016\/01\/douleur-cervicale1.jpg","type":"","width":"","height":""}],"twitter_card":"summary_large_image","twitter_misc":{"Dur\u00e9e de lecture estim\u00e9e":"2 minutes"},"schema":{"@context":"https:\/\/schema.org","@graph":[{"@type":"WebPage","@id":"https:\/\/www.barral-osteopathe.fr\/index.php\/quand-consulter\/losteopathie-et-le-travail\/","url":"https:\/\/www.barral-osteopathe.fr\/index.php\/quand-consulter\/losteopathie-et-le-travail\/","name":"Travail &#183; Maud BARRAL-BREAUTE - OSTEOPATHE D.O","isPartOf":{"@id":"https:\/\/www.barral-osteopathe.fr\/#website"},"primaryImageOfPage":{"@id":"https:\/\/www.barral-osteopathe.fr\/index.php\/quand-consulter\/losteopathie-et-le-travail\/#primaryimage"},"image":{"@id":"https:\/\/www.barral-osteopathe.fr\/index.php\/quand-consulter\/losteopathie-et-le-travail\/#primaryimage"},"thumbnailUrl":"http:\/\/www.barral-osteopathe.fr\/wp-content\/uploads\/2016\/01\/douleur-cervicale1.jpg","datePublished":"2015-11-02T14:23:36+00:00","dateModified":"2016-01-29T17:15:07+00:00","breadcrumb":{"@id":"https:\/\/www.barral-osteopathe.fr\/index.php\/quand-consulter\/losteopathie-et-le-travail\/#breadcrumb"},"inLanguage":"fr-FR","potentialAction":[{"@type":"ReadAction","target":["https:\/\/www.barral-osteopathe.fr\/index.php\/quand-consulter\/losteopathie-et-le-travail\/"]}]},{"@type":"ImageObject","inLanguage":"fr-FR","@id":"https:\/\/www.barral-osteopathe.fr\/index.php\/quand-consulter\/losteopathie-et-le-travail\/#primaryimage","url":"https:\/\/www.barral-osteopathe.fr\/wp-content\/uploads\/2016\/01\/douleur-cervicale1.jpg","contentUrl":"https:\/\/www.barral-osteopathe.fr\/wp-content\/uploads\/2016\/01\/douleur-cervicale1.jpg","width":350,"height":250},{"@type":"BreadcrumbList","@id":"https:\/\/www.barral-osteopathe.fr\/index.php\/quand-consulter\/losteopathie-et-le-travail\/#breadcrumb","itemListElement":[{"@type":"ListItem","position":1,"name":"Accueil","item":"https:\/\/www.barral-osteopathe.fr\/"},{"@type":"ListItem","position":2,"name":"Quand Consulter ?","item":"https:\/\/www.barral-osteopathe.fr\/index.php\/quand-consulter\/"},{"@type":"ListItem","position":3,"name":"Travail"}]},{"@type":"WebSite","@id":"https:\/\/www.barral-osteopathe.fr\/#website","url":"https:\/\/www.barral-osteopathe.fr\/","name":"Maud BARRAL-BREAUTE Osteopathe D.O","description":"Votre th\u00e9rapeute | \u2709 POLE SANTE BILTEGI, 150 avenue de Bielle NAVE, place saint Barthelemy, 64200, BASSUSSARRY | \u260e  06.87.77.18.42","publisher":{"@id":"https:\/\/www.barral-osteopathe.fr\/#organization"},"potentialAction":[{"@type":"SearchAction","target":{"@type":"EntryPoint","urlTemplate":"https:\/\/www.barral-osteopathe.fr\/?s={search_term_string}"},"query-input":{"@type":"PropertyValueSpecification","valueRequired":true,"valueName":"search_term_string"}}],"inLanguage":"fr-FR"},{"@type":"Organization","@id":"https:\/\/www.barral-osteopathe.fr\/#organization","name":"Maud BARRAL-BREAUTE - OSTEOPATHE D.O","url":"https:\/\/www.barral-osteopathe.fr\/","logo":{"@type":"ImageObject","inLanguage":"fr-FR","@id":"https:\/\/www.barral-osteopathe.fr\/#\/schema\/logo\/image\/","url":"https:\/\/www.barral-osteopathe.fr\/wp-content\/uploads\/2015\/11\/IMGP0037-e1454069448408.jpg","contentUrl":"https:\/\/www.barral-osteopathe.fr\/wp-content\/uploads\/2015\/11\/IMGP0037-e1454069448408.jpg","width":600,"height":800,"caption":"Maud BARRAL-BREAUTE - OSTEOPATHE D.O"},"image":{"@id":"https:\/\/www.barral-osteopathe.fr\/#\/schema\/logo\/image\/"}}]}},"_links":{"self":[{"href":"https:\/\/www.barral-osteopathe.fr\/index.php\/wp-json\/wp\/v2\/pages\/23","targetHints":{"allow":["GET"]}}],"collection":[{"href":"https:\/\/www.barral-osteopathe.fr\/index.php\/wp-json\/wp\/v2\/pages"}],"about":[{"href":"https:\/\/www.barral-osteopathe.fr\/index.php\/wp-json\/wp\/v2\/types\/page"}],"author":[{"embeddable":true,"href":"https:\/\/www.barral-osteopathe.fr\/index.php\/wp-json\/wp\/v2\/users\/1"}],"replies":[{"embeddable":true,"href":"https:\/\/www.barral-osteopathe.fr\/index.php\/wp-json\/wp\/v2\/comments?post=23"}],"version-history":[{"count":4,"href":"https:\/\/www.barral-osteopathe.fr\/index.php\/wp-json\/wp\/v2\/pages\/23\/revisions"}],"predecessor-version":[{"id":172,"href":"https:\/\/www.barral-osteopathe.fr\/index.php\/wp-json\/wp\/v2\/pages\/23\/revisions\/172"}],"up":[{"embeddable":true,"href":"https:\/\/www.barral-osteopathe.fr\/index.php\/wp-json\/wp\/v2\/pages\/15"}],"wp:attachment":[{"href":"https:\/\/www.barral-osteopathe.fr\/index.php\/wp-json\/wp\/v2\/media?parent=23"}],"curies":[{"name":"wp","href":"https:\/\/api.w.org\/{rel}","templated":true}]}}