{"id":25,"date":"2015-11-02T15:23:56","date_gmt":"2015-11-02T14:23:56","guid":{"rendered":"http:\/\/barral-osteopathe.fr\/maudblog\/?page_id=25"},"modified":"2019-05-01T13:47:45","modified_gmt":"2019-05-01T12:47:45","slug":"losteopathie-et-les-sportifs","status":"publish","type":"page","link":"https:\/\/www.barral-osteopathe.fr\/index.php\/quand-consulter\/losteopathie-et-les-sportifs\/","title":{"rendered":"Sportifs"},"content":{"rendered":"<h1 style=\"text-align: center;\">\u00a0<strong><span style=\"color: #000000;\"><span style=\"font-family: Helvetica,serif;\"><span style=\"font-size: x-large;\">Ost\u00e9opathie et sport<\/span><\/span><\/span><\/strong><\/h1>\n<p><span style=\"color: #000000;\"><span style=\"font-family: Helvetica,serif;\"><span style=\"font-size: x-large;\"><strong><img loading=\"lazy\" decoding=\"async\" class=\"size-thumbnail wp-image-251 alignleft\" src=\"http:\/\/www.barral-osteopathe.fr\/wp-content\/uploads\/2019\/05\/isa-surf-e1556714134555-150x150.jpg\" alt=\"\" width=\"150\" height=\"150\" \/><\/strong>Il est important de replacer le sportif dans son contexte\u00a0: son sport, ses \u00e9ch\u00e9ances sportives, ses blessures, son mat\u00e9riel\u2026.<\/span><\/span><\/span><\/p>\n<p>Toute perte de mobilit\u00e9 des articulations, des muscles, des ligaments ou des visc\u00e8res peut provoquer un d\u00e9s\u00e9quilibre de l\u2019\u00e9tat de sant\u00e9. Celui-ci se manifeste chez le sportif par diff\u00e9rents sympt\u00f4mes, de la simple contracture \u00e0 la douleur chronique, alt\u00e9rant de toute fa\u00e7on les performances.<\/p>\n<p style=\"text-align: center;\"><span style=\"color: #000000;\"><span style=\"font-family: Helvetica,serif;\"><span style=\"font-size: x-large;\"><b><img loading=\"lazy\" decoding=\"async\" class=\"size-thumbnail wp-image-253 alignright\" src=\"http:\/\/www.barral-osteopathe.fr\/wp-content\/uploads\/2019\/05\/chibertrail-150x150.jpg\" alt=\"\" width=\"150\" height=\"150\" \/>Structure \u00e9quilibr\u00e9e<br \/>\n+<br \/>\nMobilit\u00e9 correcte<br \/>\n=<br \/>\nFonction optimale<\/b><\/span><\/span><\/span><\/p>\n<p><strong><br \/>\n<\/strong><\/p>\n<p><span style=\"color: #000000;\"><span style=\"font-family: Helvetica,serif;\"><span style=\"font-size: x-large;\">L\u2019ost\u00e9opathie am\u00e9liore vos performances :<\/span><\/span><\/span><\/p>\n<p>Par son action sp\u00e9cifique sur l\u2019ensemble du corps, l\u2019ost\u00e9opathe saura reconna\u00eetre et traitera les v\u00e9ritables causes des douleurs limitant la pratique de l\u2019activit\u00e9 sportive.<\/p>\n<p>Par son efficacit\u00e9, il am\u00e9liore le potentiel et la puissance musculaire, la souplesse articulaire et la capacit\u00e9 respiratoire. Le traitement ost\u00e9opathique permet \u00e9galement une meilleure concentration avant l\u2019\u00e9preuve et une r\u00e9cup\u00e9ration optimale apr\u00e8s l\u2019effort.<\/p>\n<p><img loading=\"lazy\" decoding=\"async\" class=\"size-full wp-image-227 aligncenter\" src=\"http:\/\/www.barral-osteopathe.fr\/wp-content\/uploads\/2015\/11\/sport_swimming.png\" alt=\"\" width=\"448\" height=\"149\" srcset=\"https:\/\/www.barral-osteopathe.fr\/wp-content\/uploads\/2015\/11\/sport_swimming.png 448w, https:\/\/www.barral-osteopathe.fr\/wp-content\/uploads\/2015\/11\/sport_swimming-300x100.png 300w\" sizes=\"auto, (max-width: 448px) 100vw, 448px\" \/><\/p>\n<p><span style=\"color: #000000;\"><span style=\"font-family: Helvetica,serif;\"><span style=\"font-size: x-large;\">L\u2019ost\u00e9opathie chez l\u2019enfant sportif :<\/span><\/span><\/span><\/p>\n<p>Elle est particuli\u00e8rement indiqu\u00e9e pour corriger les cons\u00e9quences des chutes, traumatismes, et des douleurs de croissances (douleurs aux talons, genoux).<\/p>\n<p>De mani\u00e8re pr\u00e9ventive, des bilans r\u00e9guliers sont \u00e9galement recommand\u00e9s pour suivre l\u2019enfant sportif dans son d\u00e9veloppement. Il est int\u00e9ressant de contr\u00f4ler les candidats qui se destinent \u00e0 une activit\u00e9 sportive intense. La conservation de l\u2019\u00e9quilibre de leur corps permettra de pratiquer ce sport durablement.<\/p>\n<h1><span style=\"color: #000000;\"><span style=\"font-family: Helvetica,serif;\"><span style=\"font-size: xx-large;\">Quand consulter ?<\/span><\/span><\/span><\/h1>\n<h2><span style=\"color: #000000;\"><span style=\"font-family: Helvetica,serif;\"><span style=\"font-size: x-large;\"><b>\u00c0 titre pr\u00e9ventif<\/b><\/span><\/span><\/span><\/h2>\n<ul>\n<li>pour \u00e9tablir un \u201ccheck up\u201d, pour pr\u00e9parer une \u00e9preuve.<\/li>\n<\/ul>\n<h2><span style=\"color: #000000;\"><span style=\"font-family: Helvetica,serif;\"><span style=\"font-size: x-large;\"><b>\u00c0 titre curatif<\/b><\/span><\/span><\/span><\/h2>\n<ul>\n<li>pour r\u00e9\u00e9quilibrer de fa\u00e7on tr\u00e8s pr\u00e9cise les axes articulaires qui ont \u00e9t\u00e9 perturb\u00e9s par un choc.<\/li>\n<li>apr\u00e8s fractures, entorses, op\u00e9rations chirurgicales pour aider \u00e0 une bonne cicatrisation,<\/li>\n<li>pour effacer les traumatismes m\u00eame anciens.<\/li>\n<\/ul>\n<h2><span style=\"color: #000000;\"><span style=\"font-family: Helvetica,serif;\"><span style=\"font-size: x-large;\"><b>Mais aussi en cas de :<\/b><\/span><\/span><\/span><\/h2>\n<ul>\n<li>chutes sans traumatismes osseux ni l\u00e9sions visibles sur une radio, douleurs articulaires diverses<\/li>\n<li>tennis elbow, talalgies, pubalgies, p\u00e9riarthrites, \u00e9picondylites\u2026<\/li>\n<li>essoufflement \u00e0 l\u2019effort, \u201cpoint de c\u00f4t\u00e9\u201d\u2026<\/li>\n<li>sciatiques, cruralgies, cervicalgies, dorsalgies, lombalgies<\/li>\n<li>maux de t\u00eate, troubles de l\u2019\u00e9quilibre, vertiges<\/li>\n<li>mauvaise r\u00e9cup\u00e9ration entre les \u00e9preuves<\/li>\n<li>stress, manque de concentration, troubles du sommeil.<\/li>\n<\/ul>\n<p style=\"text-align: center;\" align=\"center\"><span style=\"font-size: large;\"><i>N\u2019h\u00e9sitez pas \u00e0 venir avec vos chaussures et vos semelles pour que nous testions votre posture<\/i><\/span><\/p>\n","protected":false},"excerpt":{"rendered":"<p>\u00a0Ost\u00e9opathie et sport Il est important de replacer le sportif dans son contexte\u00a0: son sport, ses \u00e9ch\u00e9ances sportives, ses blessures, son mat\u00e9riel\u2026. Toute perte de mobilit\u00e9 des articulations, des muscles, des ligaments ou des visc\u00e8res peut provoquer un d\u00e9s\u00e9quilibre de l\u2019\u00e9tat de sant\u00e9. Celui-ci se manifeste chez le sportif par diff\u00e9rents sympt\u00f4mes, de la simple [&hellip;]<\/p>\n","protected":false},"author":1,"featured_media":0,"parent":15,"menu_order":4,"comment_status":"closed","ping_status":"closed","template":"","meta":{"footnotes":""},"class_list":["post-25","page","type-page","status-publish","hentry"],"yoast_head":"<!-- This site is optimized with the Yoast SEO plugin v26.0 - https:\/\/yoast.com\/wordpress\/plugins\/seo\/ -->\n<title>Sportifs &#183; Maud BARRAL-BREAUTE - OSTEOPATHE D.O<\/title>\n<meta name=\"robots\" content=\"index, follow, max-snippet:-1, max-image-preview:large, max-video-preview:-1\" \/>\n<link rel=\"canonical\" href=\"https:\/\/www.barral-osteopathe.fr\/index.php\/quand-consulter\/losteopathie-et-les-sportifs\/\" \/>\n<meta property=\"og:locale\" content=\"fr_FR\" \/>\n<meta property=\"og:type\" content=\"article\" \/>\n<meta property=\"og:title\" content=\"Sportifs &#183; Maud BARRAL-BREAUTE - OSTEOPATHE D.O\" \/>\n<meta property=\"og:description\" content=\"\u00a0Ost\u00e9opathie et sport Il est important de replacer le sportif dans son contexte\u00a0: son sport, ses \u00e9ch\u00e9ances sportives, ses blessures, son mat\u00e9riel\u2026. Toute perte de mobilit\u00e9 des articulations, des muscles, des ligaments ou des visc\u00e8res peut provoquer un d\u00e9s\u00e9quilibre de l\u2019\u00e9tat de sant\u00e9. Celui-ci se manifeste chez le sportif par diff\u00e9rents sympt\u00f4mes, de la simple [&hellip;]\" \/>\n<meta property=\"og:url\" content=\"https:\/\/www.barral-osteopathe.fr\/index.php\/quand-consulter\/losteopathie-et-les-sportifs\/\" \/>\n<meta property=\"og:site_name\" content=\"Maud BARRAL-BREAUTE - OSTEOPATHE D.O\" \/>\n<meta property=\"article:modified_time\" content=\"2019-05-01T12:47:45+00:00\" \/>\n<meta property=\"og:image\" content=\"http:\/\/www.barral-osteopathe.fr\/wp-content\/uploads\/2019\/05\/isa-surf-e1556714134555-150x150.jpg\" \/>\n<meta name=\"twitter:card\" content=\"summary_large_image\" \/>\n<meta name=\"twitter:label1\" content=\"Dur\u00e9e de lecture estim\u00e9e\" \/>\n\t<meta name=\"twitter:data1\" content=\"2 minutes\" \/>\n<script type=\"application\/ld+json\" class=\"yoast-schema-graph\">{\"@context\":\"https:\/\/schema.org\",\"@graph\":[{\"@type\":\"WebPage\",\"@id\":\"https:\/\/www.barral-osteopathe.fr\/index.php\/quand-consulter\/losteopathie-et-les-sportifs\/\",\"url\":\"https:\/\/www.barral-osteopathe.fr\/index.php\/quand-consulter\/losteopathie-et-les-sportifs\/\",\"name\":\"Sportifs &#183; Maud BARRAL-BREAUTE - OSTEOPATHE D.O\",\"isPartOf\":{\"@id\":\"https:\/\/www.barral-osteopathe.fr\/#website\"},\"primaryImageOfPage\":{\"@id\":\"https:\/\/www.barral-osteopathe.fr\/index.php\/quand-consulter\/losteopathie-et-les-sportifs\/#primaryimage\"},\"image\":{\"@id\":\"https:\/\/www.barral-osteopathe.fr\/index.php\/quand-consulter\/losteopathie-et-les-sportifs\/#primaryimage\"},\"thumbnailUrl\":\"http:\/\/www.barral-osteopathe.fr\/wp-content\/uploads\/2019\/05\/isa-surf-e1556714134555-150x150.jpg\",\"datePublished\":\"2015-11-02T14:23:56+00:00\",\"dateModified\":\"2019-05-01T12:47:45+00:00\",\"breadcrumb\":{\"@id\":\"https:\/\/www.barral-osteopathe.fr\/index.php\/quand-consulter\/losteopathie-et-les-sportifs\/#breadcrumb\"},\"inLanguage\":\"fr-FR\",\"potentialAction\":[{\"@type\":\"ReadAction\",\"target\":[\"https:\/\/www.barral-osteopathe.fr\/index.php\/quand-consulter\/losteopathie-et-les-sportifs\/\"]}]},{\"@type\":\"ImageObject\",\"inLanguage\":\"fr-FR\",\"@id\":\"https:\/\/www.barral-osteopathe.fr\/index.php\/quand-consulter\/losteopathie-et-les-sportifs\/#primaryimage\",\"url\":\"https:\/\/www.barral-osteopathe.fr\/wp-content\/uploads\/2019\/05\/isa-surf-e1556714134555.jpg\",\"contentUrl\":\"https:\/\/www.barral-osteopathe.fr\/wp-content\/uploads\/2019\/05\/isa-surf-e1556714134555.jpg\",\"width\":750,\"height\":460},{\"@type\":\"BreadcrumbList\",\"@id\":\"https:\/\/www.barral-osteopathe.fr\/index.php\/quand-consulter\/losteopathie-et-les-sportifs\/#breadcrumb\",\"itemListElement\":[{\"@type\":\"ListItem\",\"position\":1,\"name\":\"Accueil\",\"item\":\"https:\/\/www.barral-osteopathe.fr\/\"},{\"@type\":\"ListItem\",\"position\":2,\"name\":\"Quand Consulter ?\",\"item\":\"https:\/\/www.barral-osteopathe.fr\/index.php\/quand-consulter\/\"},{\"@type\":\"ListItem\",\"position\":3,\"name\":\"Sportifs\"}]},{\"@type\":\"WebSite\",\"@id\":\"https:\/\/www.barral-osteopathe.fr\/#website\",\"url\":\"https:\/\/www.barral-osteopathe.fr\/\",\"name\":\"Maud BARRAL-BREAUTE Osteopathe D.O\",\"description\":\"Votre th\u00e9rapeute | \u2709 POLE SANTE BILTEGI, 150 avenue de Bielle NAVE, place saint Barthelemy, 64200, BASSUSSARRY | \u260e  06.87.77.18.42\",\"publisher\":{\"@id\":\"https:\/\/www.barral-osteopathe.fr\/#organization\"},\"potentialAction\":[{\"@type\":\"SearchAction\",\"target\":{\"@type\":\"EntryPoint\",\"urlTemplate\":\"https:\/\/www.barral-osteopathe.fr\/?s={search_term_string}\"},\"query-input\":{\"@type\":\"PropertyValueSpecification\",\"valueRequired\":true,\"valueName\":\"search_term_string\"}}],\"inLanguage\":\"fr-FR\"},{\"@type\":\"Organization\",\"@id\":\"https:\/\/www.barral-osteopathe.fr\/#organization\",\"name\":\"Maud BARRAL-BREAUTE - OSTEOPATHE D.O\",\"url\":\"https:\/\/www.barral-osteopathe.fr\/\",\"logo\":{\"@type\":\"ImageObject\",\"inLanguage\":\"fr-FR\",\"@id\":\"https:\/\/www.barral-osteopathe.fr\/#\/schema\/logo\/image\/\",\"url\":\"https:\/\/www.barral-osteopathe.fr\/wp-content\/uploads\/2015\/11\/IMGP0037-e1454069448408.jpg\",\"contentUrl\":\"https:\/\/www.barral-osteopathe.fr\/wp-content\/uploads\/2015\/11\/IMGP0037-e1454069448408.jpg\",\"width\":600,\"height\":800,\"caption\":\"Maud BARRAL-BREAUTE - OSTEOPATHE D.O\"},\"image\":{\"@id\":\"https:\/\/www.barral-osteopathe.fr\/#\/schema\/logo\/image\/\"}}]}<\/script>\n<!-- \/ Yoast SEO plugin. -->","yoast_head_json":{"title":"Sportifs &#183; Maud BARRAL-BREAUTE - OSTEOPATHE D.O","robots":{"index":"index","follow":"follow","max-snippet":"max-snippet:-1","max-image-preview":"max-image-preview:large","max-video-preview":"max-video-preview:-1"},"canonical":"https:\/\/www.barral-osteopathe.fr\/index.php\/quand-consulter\/losteopathie-et-les-sportifs\/","og_locale":"fr_FR","og_type":"article","og_title":"Sportifs &#183; Maud BARRAL-BREAUTE - OSTEOPATHE D.O","og_description":"\u00a0Ost\u00e9opathie et sport Il est important de replacer le sportif dans son contexte\u00a0: son sport, ses \u00e9ch\u00e9ances sportives, ses blessures, son mat\u00e9riel\u2026. Toute perte de mobilit\u00e9 des articulations, des muscles, des ligaments ou des visc\u00e8res peut provoquer un d\u00e9s\u00e9quilibre de l\u2019\u00e9tat de sant\u00e9. Celui-ci se manifeste chez le sportif par diff\u00e9rents sympt\u00f4mes, de la simple [&hellip;]","og_url":"https:\/\/www.barral-osteopathe.fr\/index.php\/quand-consulter\/losteopathie-et-les-sportifs\/","og_site_name":"Maud BARRAL-BREAUTE - OSTEOPATHE D.O","article_modified_time":"2019-05-01T12:47:45+00:00","og_image":[{"url":"http:\/\/www.barral-osteopathe.fr\/wp-content\/uploads\/2019\/05\/isa-surf-e1556714134555-150x150.jpg","type":"","width":"","height":""}],"twitter_card":"summary_large_image","twitter_misc":{"Dur\u00e9e de lecture estim\u00e9e":"2 minutes"},"schema":{"@context":"https:\/\/schema.org","@graph":[{"@type":"WebPage","@id":"https:\/\/www.barral-osteopathe.fr\/index.php\/quand-consulter\/losteopathie-et-les-sportifs\/","url":"https:\/\/www.barral-osteopathe.fr\/index.php\/quand-consulter\/losteopathie-et-les-sportifs\/","name":"Sportifs &#183; Maud BARRAL-BREAUTE - OSTEOPATHE D.O","isPartOf":{"@id":"https:\/\/www.barral-osteopathe.fr\/#website"},"primaryImageOfPage":{"@id":"https:\/\/www.barral-osteopathe.fr\/index.php\/quand-consulter\/losteopathie-et-les-sportifs\/#primaryimage"},"image":{"@id":"https:\/\/www.barral-osteopathe.fr\/index.php\/quand-consulter\/losteopathie-et-les-sportifs\/#primaryimage"},"thumbnailUrl":"http:\/\/www.barral-osteopathe.fr\/wp-content\/uploads\/2019\/05\/isa-surf-e1556714134555-150x150.jpg","datePublished":"2015-11-02T14:23:56+00:00","dateModified":"2019-05-01T12:47:45+00:00","breadcrumb":{"@id":"https:\/\/www.barral-osteopathe.fr\/index.php\/quand-consulter\/losteopathie-et-les-sportifs\/#breadcrumb"},"inLanguage":"fr-FR","potentialAction":[{"@type":"ReadAction","target":["https:\/\/www.barral-osteopathe.fr\/index.php\/quand-consulter\/losteopathie-et-les-sportifs\/"]}]},{"@type":"ImageObject","inLanguage":"fr-FR","@id":"https:\/\/www.barral-osteopathe.fr\/index.php\/quand-consulter\/losteopathie-et-les-sportifs\/#primaryimage","url":"https:\/\/www.barral-osteopathe.fr\/wp-content\/uploads\/2019\/05\/isa-surf-e1556714134555.jpg","contentUrl":"https:\/\/www.barral-osteopathe.fr\/wp-content\/uploads\/2019\/05\/isa-surf-e1556714134555.jpg","width":750,"height":460},{"@type":"BreadcrumbList","@id":"https:\/\/www.barral-osteopathe.fr\/index.php\/quand-consulter\/losteopathie-et-les-sportifs\/#breadcrumb","itemListElement":[{"@type":"ListItem","position":1,"name":"Accueil","item":"https:\/\/www.barral-osteopathe.fr\/"},{"@type":"ListItem","position":2,"name":"Quand Consulter ?","item":"https:\/\/www.barral-osteopathe.fr\/index.php\/quand-consulter\/"},{"@type":"ListItem","position":3,"name":"Sportifs"}]},{"@type":"WebSite","@id":"https:\/\/www.barral-osteopathe.fr\/#website","url":"https:\/\/www.barral-osteopathe.fr\/","name":"Maud BARRAL-BREAUTE Osteopathe D.O","description":"Votre th\u00e9rapeute | \u2709 POLE SANTE BILTEGI, 150 avenue de Bielle NAVE, place saint Barthelemy, 64200, BASSUSSARRY | \u260e  06.87.77.18.42","publisher":{"@id":"https:\/\/www.barral-osteopathe.fr\/#organization"},"potentialAction":[{"@type":"SearchAction","target":{"@type":"EntryPoint","urlTemplate":"https:\/\/www.barral-osteopathe.fr\/?s={search_term_string}"},"query-input":{"@type":"PropertyValueSpecification","valueRequired":true,"valueName":"search_term_string"}}],"inLanguage":"fr-FR"},{"@type":"Organization","@id":"https:\/\/www.barral-osteopathe.fr\/#organization","name":"Maud BARRAL-BREAUTE - OSTEOPATHE D.O","url":"https:\/\/www.barral-osteopathe.fr\/","logo":{"@type":"ImageObject","inLanguage":"fr-FR","@id":"https:\/\/www.barral-osteopathe.fr\/#\/schema\/logo\/image\/","url":"https:\/\/www.barral-osteopathe.fr\/wp-content\/uploads\/2015\/11\/IMGP0037-e1454069448408.jpg","contentUrl":"https:\/\/www.barral-osteopathe.fr\/wp-content\/uploads\/2015\/11\/IMGP0037-e1454069448408.jpg","width":600,"height":800,"caption":"Maud BARRAL-BREAUTE - OSTEOPATHE D.O"},"image":{"@id":"https:\/\/www.barral-osteopathe.fr\/#\/schema\/logo\/image\/"}}]}},"_links":{"self":[{"href":"https:\/\/www.barral-osteopathe.fr\/index.php\/wp-json\/wp\/v2\/pages\/25","targetHints":{"allow":["GET"]}}],"collection":[{"href":"https:\/\/www.barral-osteopathe.fr\/index.php\/wp-json\/wp\/v2\/pages"}],"about":[{"href":"https:\/\/www.barral-osteopathe.fr\/index.php\/wp-json\/wp\/v2\/types\/page"}],"author":[{"embeddable":true,"href":"https:\/\/www.barral-osteopathe.fr\/index.php\/wp-json\/wp\/v2\/users\/1"}],"replies":[{"embeddable":true,"href":"https:\/\/www.barral-osteopathe.fr\/index.php\/wp-json\/wp\/v2\/comments?post=25"}],"version-history":[{"count":24,"href":"https:\/\/www.barral-osteopathe.fr\/index.php\/wp-json\/wp\/v2\/pages\/25\/revisions"}],"predecessor-version":[{"id":263,"href":"https:\/\/www.barral-osteopathe.fr\/index.php\/wp-json\/wp\/v2\/pages\/25\/revisions\/263"}],"up":[{"embeddable":true,"href":"https:\/\/www.barral-osteopathe.fr\/index.php\/wp-json\/wp\/v2\/pages\/15"}],"wp:attachment":[{"href":"https:\/\/www.barral-osteopathe.fr\/index.php\/wp-json\/wp\/v2\/media?parent=25"}],"curies":[{"name":"wp","href":"https:\/\/api.w.org\/{rel}","templated":true}]}}