{"id":30,"date":"2015-11-02T15:27:04","date_gmt":"2015-11-02T15:27:04","guid":{"rendered":"http:\/\/barral-osteopathe.fr\/maudblog\/?page_id=30"},"modified":"2023-03-16T18:41:31","modified_gmt":"2023-03-16T17:41:31","slug":"votre-osteopathe","status":"publish","type":"page","link":"https:\/\/www.barral-osteopathe.fr\/index.php\/votre-osteopathe\/","title":{"rendered":"Votre Th\u00e9rapeute"},"content":{"rendered":"<table width=\"100%\" cellspacing=\"0\" cellpadding=\"4\">\n<tbody>\n<tr valign=\"top\">\n<td width=\"50%\">\n<h3>Maud BARRAL-BR\u00c9AUT\u00c9<\/h3>\n<\/td>\n<td width=\"50%\">\n<p style=\"text-align: right;\"><em>Mari\u00e9e, m\u00e8re de 2<\/em> enfants.<\/p>\n<\/td>\n<\/tr>\n<\/tbody>\n<\/table>\n<p>Je suis Ost\u00e9opathe exclusif en lib\u00e9ral (je ne pratique que l\u2019<a href=\"http:\/\/www.barral-osteopathe.fr\/index.php\/losteopathie\/\">Ost\u00e9opathie<\/a>).<\/p>\n<p style=\"text-align: justify;\"><img loading=\"lazy\" decoding=\"async\" class=\"wp-image-446 size-medium alignright\" src=\"https:\/\/www.barral-osteopathe.fr\/wp-content\/uploads\/2023\/02\/osteo-180x300.png\" alt=\"\" width=\"180\" height=\"300\" srcset=\"https:\/\/www.barral-osteopathe.fr\/wp-content\/uploads\/2023\/02\/osteo-180x300.png 180w, https:\/\/www.barral-osteopathe.fr\/wp-content\/uploads\/2023\/02\/osteo-613x1024.png 613w, https:\/\/www.barral-osteopathe.fr\/wp-content\/uploads\/2023\/02\/osteo-768x1284.png 768w, https:\/\/www.barral-osteopathe.fr\/wp-content\/uploads\/2023\/02\/osteo-624x1043.png 624w, https:\/\/www.barral-osteopathe.fr\/wp-content\/uploads\/2023\/02\/osteo.png 876w\" sizes=\"auto, (max-width: 180px) 100vw, 180px\" \/>J\u2019ai \u00e9t\u00e9 form\u00e9e en 6 ans \u00e0 l\u2019Institut Sup\u00e9rieur d\u2019Ost\u00e9opathie de Lyon, apr\u00e8s de nombreux stages, sportifs, en milieu hospitalier, j\u2019ai cl\u00f4tur\u00e9 mes \u00e9tudes par un m\u00e9moire sur des techniques cr\u00e2niennes : \u00ab les dysfonctions Ost\u00e9opathiques chez les enfants en difficult\u00e9s scolaires, troubles attentionnel et comportementaux \u00bb.<\/p>\n<p style=\"text-align: justify;\">Mon dipl\u00f4me est agr\u00e9\u00e9 par l\u2019\u00e9tat.<\/p>\n<p style=\"text-align: justify;\">Apr\u00e8s 9 ans de travail au centre m\u00e9dical des 3 croix, je travaille depuis 2017 au bourg de Bassussarry et j\u2019interviens en EHPAD.<\/p>\n<p style=\"text-align: justify;\">J\u2019ai abord\u00e9 des notions de micro-nutritions avec Claire Fontvielle, d\u00e9taill\u00e9 la biom\u00e9canique du Golf avec le Biom\u00e9canicien, Professeur Rivet (Biom\u00e9caswing), et fait plusieurs formations autour de la p\u00e9rinatalit\u00e9 (Claudine Ageron, Sage femme).<\/p>\n<p style=\"text-align: justify;\">En 2007, j\u2019ai cr\u00e9\u00e9 l\u2019association \u00ab SOS Ost\u00e9o64 \u00bb. J\u2019ai travaill\u00e9 4 ans b\u00e9n\u00e9volement aux \u00ab mercredi de l\u2019Ost\u00e9opathie \u00bb (associations pour les enfants handicap\u00e9s physiques et mentaux) et assur\u00e9 des permanences sur des \u00e9v\u00e8nements sportifs (Euskal trail, Comp\u00e9titions de Stand up\u2026.).<\/p>\n<p>&nbsp;<\/p>\n","protected":false},"excerpt":{"rendered":"<p>Maud BARRAL-BR\u00c9AUT\u00c9 Mari\u00e9e, m\u00e8re de 2 enfants. Je suis Ost\u00e9opathe exclusif en lib\u00e9ral (je ne pratique que l\u2019Ost\u00e9opathie). J\u2019ai \u00e9t\u00e9 form\u00e9e en 6 ans \u00e0 l\u2019Institut Sup\u00e9rieur d\u2019Ost\u00e9opathie de Lyon, apr\u00e8s de nombreux stages, sportifs, en milieu hospitalier, j\u2019ai cl\u00f4tur\u00e9 mes \u00e9tudes par un m\u00e9moire sur des techniques cr\u00e2niennes : \u00ab les dysfonctions Ost\u00e9opathiques chez [&hellip;]<\/p>\n","protected":false},"author":1,"featured_media":0,"parent":0,"menu_order":5,"comment_status":"closed","ping_status":"closed","template":"","meta":{"footnotes":""},"class_list":["post-30","page","type-page","status-publish","hentry"],"yoast_head":"<!-- This site is optimized with the Yoast SEO plugin v26.0 - https:\/\/yoast.com\/wordpress\/plugins\/seo\/ -->\n<title>Votre Th\u00e9rapeute &#183; Maud BARRAL-BREAUTE - OSTEOPATHE D.O<\/title>\n<meta name=\"robots\" content=\"index, follow, max-snippet:-1, max-image-preview:large, max-video-preview:-1\" \/>\n<link rel=\"canonical\" href=\"https:\/\/www.barral-osteopathe.fr\/index.php\/votre-osteopathe\/\" \/>\n<meta property=\"og:locale\" content=\"fr_FR\" \/>\n<meta property=\"og:type\" content=\"article\" \/>\n<meta property=\"og:title\" content=\"Votre Th\u00e9rapeute &#183; Maud BARRAL-BREAUTE - OSTEOPATHE D.O\" \/>\n<meta property=\"og:description\" content=\"Maud BARRAL-BR\u00c9AUT\u00c9 Mari\u00e9e, m\u00e8re de 2 enfants. Je suis Ost\u00e9opathe exclusif en lib\u00e9ral (je ne pratique que l\u2019Ost\u00e9opathie). J\u2019ai \u00e9t\u00e9 form\u00e9e en 6 ans \u00e0 l\u2019Institut Sup\u00e9rieur d\u2019Ost\u00e9opathie de Lyon, apr\u00e8s de nombreux stages, sportifs, en milieu hospitalier, j\u2019ai cl\u00f4tur\u00e9 mes \u00e9tudes par un m\u00e9moire sur des techniques cr\u00e2niennes : \u00ab les dysfonctions Ost\u00e9opathiques chez [&hellip;]\" \/>\n<meta property=\"og:url\" content=\"https:\/\/www.barral-osteopathe.fr\/index.php\/votre-osteopathe\/\" \/>\n<meta property=\"og:site_name\" content=\"Maud BARRAL-BREAUTE - OSTEOPATHE D.O\" \/>\n<meta property=\"article:modified_time\" content=\"2023-03-16T17:41:31+00:00\" \/>\n<meta property=\"og:image\" content=\"https:\/\/www.barral-osteopathe.fr\/wp-content\/uploads\/2023\/02\/osteo-180x300.png\" \/>\n<meta name=\"twitter:card\" content=\"summary_large_image\" \/>\n<meta name=\"twitter:label1\" content=\"Dur\u00e9e de lecture estim\u00e9e\" \/>\n\t<meta name=\"twitter:data1\" content=\"3 minutes\" \/>\n<script type=\"application\/ld+json\" class=\"yoast-schema-graph\">{\"@context\":\"https:\/\/schema.org\",\"@graph\":[{\"@type\":\"WebPage\",\"@id\":\"https:\/\/www.barral-osteopathe.fr\/index.php\/votre-osteopathe\/\",\"url\":\"https:\/\/www.barral-osteopathe.fr\/index.php\/votre-osteopathe\/\",\"name\":\"Votre Th\u00e9rapeute &#183; Maud BARRAL-BREAUTE - OSTEOPATHE D.O\",\"isPartOf\":{\"@id\":\"https:\/\/www.barral-osteopathe.fr\/#website\"},\"primaryImageOfPage\":{\"@id\":\"https:\/\/www.barral-osteopathe.fr\/index.php\/votre-osteopathe\/#primaryimage\"},\"image\":{\"@id\":\"https:\/\/www.barral-osteopathe.fr\/index.php\/votre-osteopathe\/#primaryimage\"},\"thumbnailUrl\":\"https:\/\/www.barral-osteopathe.fr\/wp-content\/uploads\/2023\/02\/osteo-180x300.png\",\"datePublished\":\"2015-11-02T15:27:04+00:00\",\"dateModified\":\"2023-03-16T17:41:31+00:00\",\"breadcrumb\":{\"@id\":\"https:\/\/www.barral-osteopathe.fr\/index.php\/votre-osteopathe\/#breadcrumb\"},\"inLanguage\":\"fr-FR\",\"potentialAction\":[{\"@type\":\"ReadAction\",\"target\":[\"https:\/\/www.barral-osteopathe.fr\/index.php\/votre-osteopathe\/\"]}]},{\"@type\":\"ImageObject\",\"inLanguage\":\"fr-FR\",\"@id\":\"https:\/\/www.barral-osteopathe.fr\/index.php\/votre-osteopathe\/#primaryimage\",\"url\":\"https:\/\/www.barral-osteopathe.fr\/wp-content\/uploads\/2023\/02\/osteo.png\",\"contentUrl\":\"https:\/\/www.barral-osteopathe.fr\/wp-content\/uploads\/2023\/02\/osteo.png\",\"width\":876,\"height\":1464},{\"@type\":\"BreadcrumbList\",\"@id\":\"https:\/\/www.barral-osteopathe.fr\/index.php\/votre-osteopathe\/#breadcrumb\",\"itemListElement\":[{\"@type\":\"ListItem\",\"position\":1,\"name\":\"Accueil\",\"item\":\"https:\/\/www.barral-osteopathe.fr\/\"},{\"@type\":\"ListItem\",\"position\":2,\"name\":\"Votre Th\u00e9rapeute\"}]},{\"@type\":\"WebSite\",\"@id\":\"https:\/\/www.barral-osteopathe.fr\/#website\",\"url\":\"https:\/\/www.barral-osteopathe.fr\/\",\"name\":\"Maud BARRAL-BREAUTE Osteopathe D.O\",\"description\":\"Votre th\u00e9rapeute | \u2709 POLE SANTE BILTEGI, 150 avenue de Bielle NAVE, place saint Barthelemy, 64200, BASSUSSARRY | \u260e  06.87.77.18.42\",\"publisher\":{\"@id\":\"https:\/\/www.barral-osteopathe.fr\/#organization\"},\"potentialAction\":[{\"@type\":\"SearchAction\",\"target\":{\"@type\":\"EntryPoint\",\"urlTemplate\":\"https:\/\/www.barral-osteopathe.fr\/?s={search_term_string}\"},\"query-input\":{\"@type\":\"PropertyValueSpecification\",\"valueRequired\":true,\"valueName\":\"search_term_string\"}}],\"inLanguage\":\"fr-FR\"},{\"@type\":\"Organization\",\"@id\":\"https:\/\/www.barral-osteopathe.fr\/#organization\",\"name\":\"Maud BARRAL-BREAUTE - OSTEOPATHE D.O\",\"url\":\"https:\/\/www.barral-osteopathe.fr\/\",\"logo\":{\"@type\":\"ImageObject\",\"inLanguage\":\"fr-FR\",\"@id\":\"https:\/\/www.barral-osteopathe.fr\/#\/schema\/logo\/image\/\",\"url\":\"https:\/\/www.barral-osteopathe.fr\/wp-content\/uploads\/2015\/11\/IMGP0037-e1454069448408.jpg\",\"contentUrl\":\"https:\/\/www.barral-osteopathe.fr\/wp-content\/uploads\/2015\/11\/IMGP0037-e1454069448408.jpg\",\"width\":600,\"height\":800,\"caption\":\"Maud BARRAL-BREAUTE - OSTEOPATHE D.O\"},\"image\":{\"@id\":\"https:\/\/www.barral-osteopathe.fr\/#\/schema\/logo\/image\/\"}}]}<\/script>\n<!-- \/ Yoast SEO plugin. -->","yoast_head_json":{"title":"Votre Th\u00e9rapeute &#183; Maud BARRAL-BREAUTE - OSTEOPATHE D.O","robots":{"index":"index","follow":"follow","max-snippet":"max-snippet:-1","max-image-preview":"max-image-preview:large","max-video-preview":"max-video-preview:-1"},"canonical":"https:\/\/www.barral-osteopathe.fr\/index.php\/votre-osteopathe\/","og_locale":"fr_FR","og_type":"article","og_title":"Votre Th\u00e9rapeute &#183; Maud BARRAL-BREAUTE - OSTEOPATHE D.O","og_description":"Maud BARRAL-BR\u00c9AUT\u00c9 Mari\u00e9e, m\u00e8re de 2 enfants. Je suis Ost\u00e9opathe exclusif en lib\u00e9ral (je ne pratique que l\u2019Ost\u00e9opathie). J\u2019ai \u00e9t\u00e9 form\u00e9e en 6 ans \u00e0 l\u2019Institut Sup\u00e9rieur d\u2019Ost\u00e9opathie de Lyon, apr\u00e8s de nombreux stages, sportifs, en milieu hospitalier, j\u2019ai cl\u00f4tur\u00e9 mes \u00e9tudes par un m\u00e9moire sur des techniques cr\u00e2niennes : \u00ab les dysfonctions Ost\u00e9opathiques chez [&hellip;]","og_url":"https:\/\/www.barral-osteopathe.fr\/index.php\/votre-osteopathe\/","og_site_name":"Maud BARRAL-BREAUTE - OSTEOPATHE D.O","article_modified_time":"2023-03-16T17:41:31+00:00","og_image":[{"url":"https:\/\/www.barral-osteopathe.fr\/wp-content\/uploads\/2023\/02\/osteo-180x300.png","type":"","width":"","height":""}],"twitter_card":"summary_large_image","twitter_misc":{"Dur\u00e9e de lecture estim\u00e9e":"3 minutes"},"schema":{"@context":"https:\/\/schema.org","@graph":[{"@type":"WebPage","@id":"https:\/\/www.barral-osteopathe.fr\/index.php\/votre-osteopathe\/","url":"https:\/\/www.barral-osteopathe.fr\/index.php\/votre-osteopathe\/","name":"Votre Th\u00e9rapeute &#183; Maud BARRAL-BREAUTE - OSTEOPATHE D.O","isPartOf":{"@id":"https:\/\/www.barral-osteopathe.fr\/#website"},"primaryImageOfPage":{"@id":"https:\/\/www.barral-osteopathe.fr\/index.php\/votre-osteopathe\/#primaryimage"},"image":{"@id":"https:\/\/www.barral-osteopathe.fr\/index.php\/votre-osteopathe\/#primaryimage"},"thumbnailUrl":"https:\/\/www.barral-osteopathe.fr\/wp-content\/uploads\/2023\/02\/osteo-180x300.png","datePublished":"2015-11-02T15:27:04+00:00","dateModified":"2023-03-16T17:41:31+00:00","breadcrumb":{"@id":"https:\/\/www.barral-osteopathe.fr\/index.php\/votre-osteopathe\/#breadcrumb"},"inLanguage":"fr-FR","potentialAction":[{"@type":"ReadAction","target":["https:\/\/www.barral-osteopathe.fr\/index.php\/votre-osteopathe\/"]}]},{"@type":"ImageObject","inLanguage":"fr-FR","@id":"https:\/\/www.barral-osteopathe.fr\/index.php\/votre-osteopathe\/#primaryimage","url":"https:\/\/www.barral-osteopathe.fr\/wp-content\/uploads\/2023\/02\/osteo.png","contentUrl":"https:\/\/www.barral-osteopathe.fr\/wp-content\/uploads\/2023\/02\/osteo.png","width":876,"height":1464},{"@type":"BreadcrumbList","@id":"https:\/\/www.barral-osteopathe.fr\/index.php\/votre-osteopathe\/#breadcrumb","itemListElement":[{"@type":"ListItem","position":1,"name":"Accueil","item":"https:\/\/www.barral-osteopathe.fr\/"},{"@type":"ListItem","position":2,"name":"Votre Th\u00e9rapeute"}]},{"@type":"WebSite","@id":"https:\/\/www.barral-osteopathe.fr\/#website","url":"https:\/\/www.barral-osteopathe.fr\/","name":"Maud BARRAL-BREAUTE Osteopathe D.O","description":"Votre th\u00e9rapeute | \u2709 POLE SANTE BILTEGI, 150 avenue de Bielle NAVE, place saint Barthelemy, 64200, BASSUSSARRY | \u260e  06.87.77.18.42","publisher":{"@id":"https:\/\/www.barral-osteopathe.fr\/#organization"},"potentialAction":[{"@type":"SearchAction","target":{"@type":"EntryPoint","urlTemplate":"https:\/\/www.barral-osteopathe.fr\/?s={search_term_string}"},"query-input":{"@type":"PropertyValueSpecification","valueRequired":true,"valueName":"search_term_string"}}],"inLanguage":"fr-FR"},{"@type":"Organization","@id":"https:\/\/www.barral-osteopathe.fr\/#organization","name":"Maud BARRAL-BREAUTE - OSTEOPATHE D.O","url":"https:\/\/www.barral-osteopathe.fr\/","logo":{"@type":"ImageObject","inLanguage":"fr-FR","@id":"https:\/\/www.barral-osteopathe.fr\/#\/schema\/logo\/image\/","url":"https:\/\/www.barral-osteopathe.fr\/wp-content\/uploads\/2015\/11\/IMGP0037-e1454069448408.jpg","contentUrl":"https:\/\/www.barral-osteopathe.fr\/wp-content\/uploads\/2015\/11\/IMGP0037-e1454069448408.jpg","width":600,"height":800,"caption":"Maud BARRAL-BREAUTE - OSTEOPATHE D.O"},"image":{"@id":"https:\/\/www.barral-osteopathe.fr\/#\/schema\/logo\/image\/"}}]}},"_links":{"self":[{"href":"https:\/\/www.barral-osteopathe.fr\/index.php\/wp-json\/wp\/v2\/pages\/30","targetHints":{"allow":["GET"]}}],"collection":[{"href":"https:\/\/www.barral-osteopathe.fr\/index.php\/wp-json\/wp\/v2\/pages"}],"about":[{"href":"https:\/\/www.barral-osteopathe.fr\/index.php\/wp-json\/wp\/v2\/types\/page"}],"author":[{"embeddable":true,"href":"https:\/\/www.barral-osteopathe.fr\/index.php\/wp-json\/wp\/v2\/users\/1"}],"replies":[{"embeddable":true,"href":"https:\/\/www.barral-osteopathe.fr\/index.php\/wp-json\/wp\/v2\/comments?post=30"}],"version-history":[{"count":16,"href":"https:\/\/www.barral-osteopathe.fr\/index.php\/wp-json\/wp\/v2\/pages\/30\/revisions"}],"predecessor-version":[{"id":512,"href":"https:\/\/www.barral-osteopathe.fr\/index.php\/wp-json\/wp\/v2\/pages\/30\/revisions\/512"}],"wp:attachment":[{"href":"https:\/\/www.barral-osteopathe.fr\/index.php\/wp-json\/wp\/v2\/media?parent=30"}],"curies":[{"name":"wp","href":"https:\/\/api.w.org\/{rel}","templated":true}]}}