{"id":32,"date":"2015-11-02T15:27:19","date_gmt":"2015-11-02T14:27:19","guid":{"rendered":"http:\/\/barral-osteopathe.fr\/maudblog\/?page_id=32"},"modified":"2023-03-16T10:09:59","modified_gmt":"2023-03-16T09:09:59","slug":"le-cabinet","status":"publish","type":"page","link":"https:\/\/www.barral-osteopathe.fr\/index.php\/le-cabinet\/","title":{"rendered":"Le Cabinet"},"content":{"rendered":"<h1 style=\"text-align: center;\">Situation et Acc\u00e8s<\/h1>\n<h2><img loading=\"lazy\" decoding=\"async\" class=\"size-medium wp-image-301 aligncenter\" src=\"https:\/\/www.barral-osteopathe.fr\/wp-content\/uploads\/2019\/07\/cabinet3-300x212.jpg\" alt=\"projection du cabinet\" width=\"300\" height=\"212\" srcset=\"https:\/\/www.barral-osteopathe.fr\/wp-content\/uploads\/2019\/07\/cabinet3-300x212.jpg 300w, https:\/\/www.barral-osteopathe.fr\/wp-content\/uploads\/2019\/07\/cabinet3-768x543.jpg 768w, https:\/\/www.barral-osteopathe.fr\/wp-content\/uploads\/2019\/07\/cabinet3-1024x724.jpg 1024w, https:\/\/www.barral-osteopathe.fr\/wp-content\/uploads\/2019\/07\/cabinet3-624x441.jpg 624w\" sizes=\"auto, (max-width: 300px) 100vw, 300px\" \/><\/h2>\n<h2><strong>Situ\u00e9 au Centre de BASSUSSARRY :<br \/>\n<\/strong><\/h2>\n<ul>\n<li>Le b\u00e2timent se situe \u00e0 c\u00f4t\u00e9 de l\u2019\u00e9glise, Espace BILTEGI,<br \/>\nAu-dessus du VIVAL.<\/li>\n<\/ul>\n<h2><img loading=\"lazy\" decoding=\"async\" class=\"aligncenter wp-image-302\" src=\"https:\/\/www.barral-osteopathe.fr\/wp-content\/uploads\/2019\/07\/cabinet2.jpg\" alt=\"int\u00e9rieur du cabinet\" width=\"360\" height=\"270\" srcset=\"https:\/\/www.barral-osteopathe.fr\/wp-content\/uploads\/2019\/07\/cabinet2.jpg 4032w, https:\/\/www.barral-osteopathe.fr\/wp-content\/uploads\/2019\/07\/cabinet2-300x225.jpg 300w, https:\/\/www.barral-osteopathe.fr\/wp-content\/uploads\/2019\/07\/cabinet2-768x576.jpg 768w, https:\/\/www.barral-osteopathe.fr\/wp-content\/uploads\/2019\/07\/cabinet2-1024x768.jpg 1024w, https:\/\/www.barral-osteopathe.fr\/wp-content\/uploads\/2019\/07\/cabinet2-624x468.jpg 624w\" sizes=\"auto, (max-width: 360px) 100vw, 360px\" \/><\/h2>\n<h2><a href=\"https:\/\/www.barral-osteopathe.fr\/index.php\/le-cabinet\/cabinet1\/\"><img loading=\"lazy\" decoding=\"async\" class=\"aligncenter wp-image-303\" src=\"https:\/\/www.barral-osteopathe.fr\/wp-content\/uploads\/2019\/07\/cabinet1.jpg\" alt=\"int\u00e9rieur du cabinet\" width=\"360\" height=\"270\" srcset=\"https:\/\/www.barral-osteopathe.fr\/wp-content\/uploads\/2019\/07\/cabinet1.jpg 4032w, https:\/\/www.barral-osteopathe.fr\/wp-content\/uploads\/2019\/07\/cabinet1-300x225.jpg 300w, https:\/\/www.barral-osteopathe.fr\/wp-content\/uploads\/2019\/07\/cabinet1-768x576.jpg 768w, https:\/\/www.barral-osteopathe.fr\/wp-content\/uploads\/2019\/07\/cabinet1-1024x768.jpg 1024w, https:\/\/www.barral-osteopathe.fr\/wp-content\/uploads\/2019\/07\/cabinet1-624x468.jpg 624w\" sizes=\"auto, (max-width: 360px) 100vw, 360px\" \/><\/a><\/h2>\n<h2>Acc\u00e8s :<\/h2>\n<h3><b>&#8211; Vous venez a Bassussarry de Bayonne :<\/b><\/h3>\n<ul>\n<li style=\"text-align: justify;\">Autoroute Sortie Bayonne Sud,<\/li>\n<\/ul>\n<ul>\n<li style=\"text-align: justify;\">Laissez Leroy Merlin sur votre gauche, au Rond-point de SUTAR : premi\u00e8re sortie \u00e0 droite : Arcangues\/Bassussarry.<\/li>\n<\/ul>\n<ul>\n<li style=\"text-align: justify;\">Petit Rond-Point : tout droit (vous allez croiser une \u00e9cole \u00e0 droite et une grande piscine \u00e0 la verticale \u00e0 gauche).<\/li>\n<\/ul>\n<ul>\n<li style=\"text-align: justify;\">Environ 2 km, Rond-point de la pharmacie : Derni\u00e8re sortie direction Bassussarry<\/li>\n<\/ul>\n<ul>\n<li style=\"text-align: justify;\">Petit Rond-point en d\u00e9vers : tout droit puis premi\u00e8re \u00e0 gauche pour rentrer dans le village de BASSUSSARRY.<\/li>\n<\/ul>\n<h3><b>&#8211; Vous venez de Biarritz la N\u00e9gresse :<\/b><\/h3>\n<ul>\n<li style=\"text-align: justify;\">Passez le Pont du chemin de fer,<\/li>\n<\/ul>\n<ul>\n<li style=\"text-align: justify;\">Au rond-point \u00e0 gauche, traversez les docks de la N\u00e9gresse, la route va remonter jusqu\u2019au Rond-point du Chapelet.<\/li>\n<\/ul>\n<ul>\n<li style=\"text-align: justify;\">Au Rond-point du Chapelet, derni\u00e8re sortie \u00e0 Gauche.<\/li>\n<\/ul>\n<ul>\n<li style=\"text-align: justify;\">Tout droit<\/li>\n<\/ul>\n<ul>\n<li style=\"text-align: justify;\">Au Rond-point en d\u00e9vers, \u00e0 Droite puis Gauche tout de suite pour rentrer dans le Village de BASSUSSARRY<\/li>\n<\/ul>\n<h2>Plan :<\/h2>\n<p style=\"text-align: center;\"><iframe loading=\"lazy\" style=\"border: 0;\" src=\"https:\/\/www.google.com\/maps\/embed?pb=!1m18!1m12!1m3!1d724.1680230773445!2d-1.5101925707618895!3d43.44656397235917!2m3!1f0!2f0!3f0!3m2!1i1024!2i768!4f13.1!3m3!1m2!1s0x0%3A0x0!2zNDPCsDI2JzQ3LjYiTiAxwrAzMCczNC43Ilc!5e0!3m2!1sfr!2sfr!4v1619614660108!5m2!1sfr!2sfr\" width=\"600\" height=\"450\" allowfullscreen=\"allowfullscreen\"><\/iframe><\/p>\n<p>&nbsp;<\/p>\n","protected":false},"excerpt":{"rendered":"<p>Situation et Acc\u00e8s Situ\u00e9 au Centre de BASSUSSARRY : Le b\u00e2timent se situe \u00e0 c\u00f4t\u00e9 de l\u2019\u00e9glise, Espace BILTEGI, Au-dessus du VIVAL. Acc\u00e8s : &#8211; Vous venez a Bassussarry de Bayonne : Autoroute Sortie Bayonne Sud, Laissez Leroy Merlin sur votre gauche, au Rond-point de SUTAR : premi\u00e8re sortie \u00e0 droite : Arcangues\/Bassussarry. Petit Rond-Point [&hellip;]<\/p>\n","protected":false},"author":1,"featured_media":0,"parent":0,"menu_order":7,"comment_status":"closed","ping_status":"closed","template":"","meta":{"footnotes":""},"class_list":["post-32","page","type-page","status-publish","hentry"],"yoast_head":"<!-- This site is optimized with the Yoast SEO plugin v26.0 - https:\/\/yoast.com\/wordpress\/plugins\/seo\/ -->\n<title>Le Cabinet &#183; Maud BARRAL-BREAUTE - OSTEOPATHE D.O<\/title>\n<meta name=\"robots\" content=\"index, follow, max-snippet:-1, max-image-preview:large, max-video-preview:-1\" \/>\n<link rel=\"canonical\" href=\"https:\/\/www.barral-osteopathe.fr\/index.php\/le-cabinet\/\" \/>\n<meta property=\"og:locale\" content=\"fr_FR\" \/>\n<meta property=\"og:type\" content=\"article\" \/>\n<meta property=\"og:title\" content=\"Le Cabinet &#183; Maud BARRAL-BREAUTE - OSTEOPATHE D.O\" \/>\n<meta property=\"og:description\" content=\"Situation et Acc\u00e8s Situ\u00e9 au Centre de BASSUSSARRY : Le b\u00e2timent se situe \u00e0 c\u00f4t\u00e9 de l\u2019\u00e9glise, Espace BILTEGI, Au-dessus du VIVAL. Acc\u00e8s : &#8211; Vous venez a Bassussarry de Bayonne : Autoroute Sortie Bayonne Sud, Laissez Leroy Merlin sur votre gauche, au Rond-point de SUTAR : premi\u00e8re sortie \u00e0 droite : Arcangues\/Bassussarry. Petit Rond-Point [&hellip;]\" \/>\n<meta property=\"og:url\" content=\"https:\/\/www.barral-osteopathe.fr\/index.php\/le-cabinet\/\" \/>\n<meta property=\"og:site_name\" content=\"Maud BARRAL-BREAUTE - OSTEOPATHE D.O\" \/>\n<meta property=\"article:modified_time\" content=\"2023-03-16T09:09:59+00:00\" \/>\n<meta property=\"og:image\" content=\"https:\/\/www.barral-osteopathe.fr\/wp-content\/uploads\/2019\/07\/cabinet3-300x212.jpg\" \/>\n<meta name=\"twitter:card\" content=\"summary_large_image\" \/>\n<meta name=\"twitter:label1\" content=\"Dur\u00e9e de lecture estim\u00e9e\" \/>\n\t<meta name=\"twitter:data1\" content=\"2 minutes\" \/>\n<script type=\"application\/ld+json\" class=\"yoast-schema-graph\">{\"@context\":\"https:\/\/schema.org\",\"@graph\":[{\"@type\":\"WebPage\",\"@id\":\"https:\/\/www.barral-osteopathe.fr\/index.php\/le-cabinet\/\",\"url\":\"https:\/\/www.barral-osteopathe.fr\/index.php\/le-cabinet\/\",\"name\":\"Le Cabinet &#183; Maud BARRAL-BREAUTE - OSTEOPATHE D.O\",\"isPartOf\":{\"@id\":\"https:\/\/www.barral-osteopathe.fr\/#website\"},\"primaryImageOfPage\":{\"@id\":\"https:\/\/www.barral-osteopathe.fr\/index.php\/le-cabinet\/#primaryimage\"},\"image\":{\"@id\":\"https:\/\/www.barral-osteopathe.fr\/index.php\/le-cabinet\/#primaryimage\"},\"thumbnailUrl\":\"https:\/\/www.barral-osteopathe.fr\/wp-content\/uploads\/2019\/07\/cabinet3-300x212.jpg\",\"datePublished\":\"2015-11-02T14:27:19+00:00\",\"dateModified\":\"2023-03-16T09:09:59+00:00\",\"breadcrumb\":{\"@id\":\"https:\/\/www.barral-osteopathe.fr\/index.php\/le-cabinet\/#breadcrumb\"},\"inLanguage\":\"fr-FR\",\"potentialAction\":[{\"@type\":\"ReadAction\",\"target\":[\"https:\/\/www.barral-osteopathe.fr\/index.php\/le-cabinet\/\"]}]},{\"@type\":\"ImageObject\",\"inLanguage\":\"fr-FR\",\"@id\":\"https:\/\/www.barral-osteopathe.fr\/index.php\/le-cabinet\/#primaryimage\",\"url\":\"https:\/\/www.barral-osteopathe.fr\/wp-content\/uploads\/2019\/07\/cabinet3.jpg\",\"contentUrl\":\"https:\/\/www.barral-osteopathe.fr\/wp-content\/uploads\/2019\/07\/cabinet3.jpg\",\"width\":3000,\"height\":2121,\"caption\":\"projection du cabinet\"},{\"@type\":\"BreadcrumbList\",\"@id\":\"https:\/\/www.barral-osteopathe.fr\/index.php\/le-cabinet\/#breadcrumb\",\"itemListElement\":[{\"@type\":\"ListItem\",\"position\":1,\"name\":\"Accueil\",\"item\":\"https:\/\/www.barral-osteopathe.fr\/\"},{\"@type\":\"ListItem\",\"position\":2,\"name\":\"Le Cabinet\"}]},{\"@type\":\"WebSite\",\"@id\":\"https:\/\/www.barral-osteopathe.fr\/#website\",\"url\":\"https:\/\/www.barral-osteopathe.fr\/\",\"name\":\"Maud BARRAL-BREAUTE Osteopathe D.O\",\"description\":\"Votre th\u00e9rapeute | \u2709 POLE SANTE BILTEGI, 150 avenue de Bielle NAVE, place saint Barthelemy, 64200, BASSUSSARRY | \u260e  06.87.77.18.42\",\"publisher\":{\"@id\":\"https:\/\/www.barral-osteopathe.fr\/#organization\"},\"potentialAction\":[{\"@type\":\"SearchAction\",\"target\":{\"@type\":\"EntryPoint\",\"urlTemplate\":\"https:\/\/www.barral-osteopathe.fr\/?s={search_term_string}\"},\"query-input\":{\"@type\":\"PropertyValueSpecification\",\"valueRequired\":true,\"valueName\":\"search_term_string\"}}],\"inLanguage\":\"fr-FR\"},{\"@type\":\"Organization\",\"@id\":\"https:\/\/www.barral-osteopathe.fr\/#organization\",\"name\":\"Maud BARRAL-BREAUTE - OSTEOPATHE D.O\",\"url\":\"https:\/\/www.barral-osteopathe.fr\/\",\"logo\":{\"@type\":\"ImageObject\",\"inLanguage\":\"fr-FR\",\"@id\":\"https:\/\/www.barral-osteopathe.fr\/#\/schema\/logo\/image\/\",\"url\":\"https:\/\/www.barral-osteopathe.fr\/wp-content\/uploads\/2015\/11\/IMGP0037-e1454069448408.jpg\",\"contentUrl\":\"https:\/\/www.barral-osteopathe.fr\/wp-content\/uploads\/2015\/11\/IMGP0037-e1454069448408.jpg\",\"width\":600,\"height\":800,\"caption\":\"Maud BARRAL-BREAUTE - OSTEOPATHE D.O\"},\"image\":{\"@id\":\"https:\/\/www.barral-osteopathe.fr\/#\/schema\/logo\/image\/\"}}]}<\/script>\n<!-- \/ Yoast SEO plugin. -->","yoast_head_json":{"title":"Le Cabinet &#183; Maud BARRAL-BREAUTE - OSTEOPATHE D.O","robots":{"index":"index","follow":"follow","max-snippet":"max-snippet:-1","max-image-preview":"max-image-preview:large","max-video-preview":"max-video-preview:-1"},"canonical":"https:\/\/www.barral-osteopathe.fr\/index.php\/le-cabinet\/","og_locale":"fr_FR","og_type":"article","og_title":"Le Cabinet &#183; Maud BARRAL-BREAUTE - OSTEOPATHE D.O","og_description":"Situation et Acc\u00e8s Situ\u00e9 au Centre de BASSUSSARRY : Le b\u00e2timent se situe \u00e0 c\u00f4t\u00e9 de l\u2019\u00e9glise, Espace BILTEGI, Au-dessus du VIVAL. Acc\u00e8s : &#8211; Vous venez a Bassussarry de Bayonne : Autoroute Sortie Bayonne Sud, Laissez Leroy Merlin sur votre gauche, au Rond-point de SUTAR : premi\u00e8re sortie \u00e0 droite : Arcangues\/Bassussarry. Petit Rond-Point [&hellip;]","og_url":"https:\/\/www.barral-osteopathe.fr\/index.php\/le-cabinet\/","og_site_name":"Maud BARRAL-BREAUTE - OSTEOPATHE D.O","article_modified_time":"2023-03-16T09:09:59+00:00","og_image":[{"url":"https:\/\/www.barral-osteopathe.fr\/wp-content\/uploads\/2019\/07\/cabinet3-300x212.jpg","type":"","width":"","height":""}],"twitter_card":"summary_large_image","twitter_misc":{"Dur\u00e9e de lecture estim\u00e9e":"2 minutes"},"schema":{"@context":"https:\/\/schema.org","@graph":[{"@type":"WebPage","@id":"https:\/\/www.barral-osteopathe.fr\/index.php\/le-cabinet\/","url":"https:\/\/www.barral-osteopathe.fr\/index.php\/le-cabinet\/","name":"Le Cabinet &#183; Maud BARRAL-BREAUTE - OSTEOPATHE D.O","isPartOf":{"@id":"https:\/\/www.barral-osteopathe.fr\/#website"},"primaryImageOfPage":{"@id":"https:\/\/www.barral-osteopathe.fr\/index.php\/le-cabinet\/#primaryimage"},"image":{"@id":"https:\/\/www.barral-osteopathe.fr\/index.php\/le-cabinet\/#primaryimage"},"thumbnailUrl":"https:\/\/www.barral-osteopathe.fr\/wp-content\/uploads\/2019\/07\/cabinet3-300x212.jpg","datePublished":"2015-11-02T14:27:19+00:00","dateModified":"2023-03-16T09:09:59+00:00","breadcrumb":{"@id":"https:\/\/www.barral-osteopathe.fr\/index.php\/le-cabinet\/#breadcrumb"},"inLanguage":"fr-FR","potentialAction":[{"@type":"ReadAction","target":["https:\/\/www.barral-osteopathe.fr\/index.php\/le-cabinet\/"]}]},{"@type":"ImageObject","inLanguage":"fr-FR","@id":"https:\/\/www.barral-osteopathe.fr\/index.php\/le-cabinet\/#primaryimage","url":"https:\/\/www.barral-osteopathe.fr\/wp-content\/uploads\/2019\/07\/cabinet3.jpg","contentUrl":"https:\/\/www.barral-osteopathe.fr\/wp-content\/uploads\/2019\/07\/cabinet3.jpg","width":3000,"height":2121,"caption":"projection du cabinet"},{"@type":"BreadcrumbList","@id":"https:\/\/www.barral-osteopathe.fr\/index.php\/le-cabinet\/#breadcrumb","itemListElement":[{"@type":"ListItem","position":1,"name":"Accueil","item":"https:\/\/www.barral-osteopathe.fr\/"},{"@type":"ListItem","position":2,"name":"Le Cabinet"}]},{"@type":"WebSite","@id":"https:\/\/www.barral-osteopathe.fr\/#website","url":"https:\/\/www.barral-osteopathe.fr\/","name":"Maud BARRAL-BREAUTE Osteopathe D.O","description":"Votre th\u00e9rapeute | \u2709 POLE SANTE BILTEGI, 150 avenue de Bielle NAVE, place saint Barthelemy, 64200, BASSUSSARRY | \u260e  06.87.77.18.42","publisher":{"@id":"https:\/\/www.barral-osteopathe.fr\/#organization"},"potentialAction":[{"@type":"SearchAction","target":{"@type":"EntryPoint","urlTemplate":"https:\/\/www.barral-osteopathe.fr\/?s={search_term_string}"},"query-input":{"@type":"PropertyValueSpecification","valueRequired":true,"valueName":"search_term_string"}}],"inLanguage":"fr-FR"},{"@type":"Organization","@id":"https:\/\/www.barral-osteopathe.fr\/#organization","name":"Maud BARRAL-BREAUTE - OSTEOPATHE D.O","url":"https:\/\/www.barral-osteopathe.fr\/","logo":{"@type":"ImageObject","inLanguage":"fr-FR","@id":"https:\/\/www.barral-osteopathe.fr\/#\/schema\/logo\/image\/","url":"https:\/\/www.barral-osteopathe.fr\/wp-content\/uploads\/2015\/11\/IMGP0037-e1454069448408.jpg","contentUrl":"https:\/\/www.barral-osteopathe.fr\/wp-content\/uploads\/2015\/11\/IMGP0037-e1454069448408.jpg","width":600,"height":800,"caption":"Maud BARRAL-BREAUTE - OSTEOPATHE D.O"},"image":{"@id":"https:\/\/www.barral-osteopathe.fr\/#\/schema\/logo\/image\/"}}]}},"_links":{"self":[{"href":"https:\/\/www.barral-osteopathe.fr\/index.php\/wp-json\/wp\/v2\/pages\/32","targetHints":{"allow":["GET"]}}],"collection":[{"href":"https:\/\/www.barral-osteopathe.fr\/index.php\/wp-json\/wp\/v2\/pages"}],"about":[{"href":"https:\/\/www.barral-osteopathe.fr\/index.php\/wp-json\/wp\/v2\/types\/page"}],"author":[{"embeddable":true,"href":"https:\/\/www.barral-osteopathe.fr\/index.php\/wp-json\/wp\/v2\/users\/1"}],"replies":[{"embeddable":true,"href":"https:\/\/www.barral-osteopathe.fr\/index.php\/wp-json\/wp\/v2\/comments?post=32"}],"version-history":[{"count":32,"href":"https:\/\/www.barral-osteopathe.fr\/index.php\/wp-json\/wp\/v2\/pages\/32\/revisions"}],"predecessor-version":[{"id":325,"href":"https:\/\/www.barral-osteopathe.fr\/index.php\/wp-json\/wp\/v2\/pages\/32\/revisions\/325"}],"wp:attachment":[{"href":"https:\/\/www.barral-osteopathe.fr\/index.php\/wp-json\/wp\/v2\/media?parent=32"}],"curies":[{"name":"wp","href":"https:\/\/api.w.org\/{rel}","templated":true}]}}