{"id":348,"date":"2023-03-16T10:06:35","date_gmt":"2023-03-16T09:06:35","guid":{"rendered":"https:\/\/www.barral-osteopathe.fr\/?page_id=348"},"modified":"2023-03-16T18:33:27","modified_gmt":"2023-03-16T17:33:27","slug":"le-kobido","status":"publish","type":"page","link":"https:\/\/www.barral-osteopathe.fr\/index.php\/le-kobido\/","title":{"rendered":"Le Kobido"},"content":{"rendered":"<section class=\"post-meta fix post-nothumb media\">\n<section class=\"bd post-header fix\">\n<section class=\"bd post-title-section fix\"><img loading=\"lazy\" decoding=\"async\" class=\"size-medium wp-image-359 aligncenter\" style=\"margin-top: 0.857143rem; margin-bottom: 0.857143rem;\" src=\"https:\/\/www.barral-osteopathe.fr\/wp-content\/uploads\/2023\/02\/DSCN6084_1227-300x225.jpg\" alt=\"\" width=\"300\" height=\"225\" srcset=\"https:\/\/www.barral-osteopathe.fr\/wp-content\/uploads\/2023\/02\/DSCN6084_1227-300x225.jpg 300w, https:\/\/www.barral-osteopathe.fr\/wp-content\/uploads\/2023\/02\/DSCN6084_1227-1024x768.jpg 1024w, https:\/\/www.barral-osteopathe.fr\/wp-content\/uploads\/2023\/02\/DSCN6084_1227-768x576.jpg 768w, https:\/\/www.barral-osteopathe.fr\/wp-content\/uploads\/2023\/02\/DSCN6084_1227-1536x1152.jpg 1536w, https:\/\/www.barral-osteopathe.fr\/wp-content\/uploads\/2023\/02\/DSCN6084_1227-2048x1536.jpg 2048w, https:\/\/www.barral-osteopathe.fr\/wp-content\/uploads\/2023\/02\/DSCN6084_1227-624x468.jpg 624w\" sizes=\"auto, (max-width: 300px) 100vw, 300px\" \/><\/p>\n<hgroup class=\"post-title fix\" style=\"margin-top: 50px;\">\n<h1 class=\"style_jp\" style=\"text-align: center;\">Le massage Kobido<\/h1>\n<\/hgroup>\n<\/section>\n<\/section>\n<\/section>\n<div class=\"entry_wrap fix\">\n<div class=\"entry_content\">\n<h2 class=\"style_jp\" style=\"text-align: center;\">est un art ancestral\u00a0japonais utilis\u00e9 pour la beaut\u00e9 naturelle.<\/h2>\n<p style=\"text-align: justify;\">Il consiste en un protocole pr\u00e9cis et adapt\u00e9, \u00e0 travailler sur les muscles, les m\u00e9ridiens et les points d\u2019acupuncture du visage, afin de le d\u00e9tendre, le lifter, le raffermir et le re-tonifier.<\/p>\n<p style=\"text-align: justify;\">Pratiqu\u00e9 r\u00e9guli\u00e8rement, il diminue des rides d\u2019expression, favorise le ralentissement du vieillissement de la peau, c\u2019est un lifting naturel.<\/p>\n<p style=\"text-align: justify;\">Ce soin \u00e0 la fois esth\u00e9tique et \u00e9nerg\u00e9tique procure un effet de jouvence et une grande relaxation.<\/p>\n<h1 class=\"style_jp\" style=\"text-align: center;\">Une v\u00e9ritable th\u00e9rapie bonne mine<\/h1>\n<p><a href=\"https:\/\/www.barral-osteopathe.fr\/wp-content\/uploads\/2023\/02\/DSCN6065_1208-scaled.jpg\"><img loading=\"lazy\" decoding=\"async\" class=\"aligncenter size-medium wp-image-358\" src=\"https:\/\/www.barral-osteopathe.fr\/wp-content\/uploads\/2023\/02\/DSCN6065_1208-300x225.jpg\" alt=\"\" width=\"300\" height=\"225\" srcset=\"https:\/\/www.barral-osteopathe.fr\/wp-content\/uploads\/2023\/02\/DSCN6065_1208-300x225.jpg 300w, https:\/\/www.barral-osteopathe.fr\/wp-content\/uploads\/2023\/02\/DSCN6065_1208-1024x768.jpg 1024w, https:\/\/www.barral-osteopathe.fr\/wp-content\/uploads\/2023\/02\/DSCN6065_1208-768x576.jpg 768w, https:\/\/www.barral-osteopathe.fr\/wp-content\/uploads\/2023\/02\/DSCN6065_1208-1536x1152.jpg 1536w, https:\/\/www.barral-osteopathe.fr\/wp-content\/uploads\/2023\/02\/DSCN6065_1208-2048x1536.jpg 2048w, https:\/\/www.barral-osteopathe.fr\/wp-content\/uploads\/2023\/02\/DSCN6065_1208-624x468.jpg 624w\" sizes=\"auto, (max-width: 300px) 100vw, 300px\" \/><\/a><\/p>\n<p style=\"text-align: justify;\">Une s\u00e9ance occasionnelle rafraichit les traits et donne de l\u2019\u00e9clat \u00e0 la peau.<\/p>\n<p style=\"text-align: justify;\">En pratique r\u00e9guli\u00e8re, le Kobido<\/p>\n<ul style=\"text-align: justify;\">\n<li>d\u00e9tend les muscles du visage,<\/li>\n<li>diminue les rides, les poches et les cernes,<\/li>\n<li>am\u00e9liore le grain de peau,<\/li>\n<li>ralentit le vieillissement cutan\u00e9,<\/li>\n<li>stimule la circulation sanguine et lymphatique,<\/li>\n<li>redessine l\u2019ovale du visage,<\/li>\n<li>favorise la production de collag\u00e8ne,<\/li>\n<\/ul>\n<p style=\"text-align: justify;\">et apporte une profonde relaxation.<\/p>\n<div style=\"width: 100%;\">\n<div class=\"kobido-large kobido-flex\">\n<div class=\"kobido-image-largeur\"><img loading=\"lazy\" decoding=\"async\" class=\"size-medium wp-image-371 aligncenter\" style=\"margin: 10px;\" src=\"https:\/\/www.barral-osteopathe.fr\/wp-content\/uploads\/2023\/02\/DSCN6477_1614-300x225.jpg\" alt=\"\" width=\"300\" height=\"225\" srcset=\"https:\/\/www.barral-osteopathe.fr\/wp-content\/uploads\/2023\/02\/DSCN6477_1614-300x225.jpg 300w, https:\/\/www.barral-osteopathe.fr\/wp-content\/uploads\/2023\/02\/DSCN6477_1614-1024x768.jpg 1024w, https:\/\/www.barral-osteopathe.fr\/wp-content\/uploads\/2023\/02\/DSCN6477_1614-768x576.jpg 768w, https:\/\/www.barral-osteopathe.fr\/wp-content\/uploads\/2023\/02\/DSCN6477_1614-1536x1152.jpg 1536w, https:\/\/www.barral-osteopathe.fr\/wp-content\/uploads\/2023\/02\/DSCN6477_1614-2048x1536.jpg 2048w, https:\/\/www.barral-osteopathe.fr\/wp-content\/uploads\/2023\/02\/DSCN6477_1614-624x468.jpg 624w\" sizes=\"auto, (max-width: 300px) 100vw, 300px\" \/><\/div>\n<div class=\"kobido-image-largeur\"><img loading=\"lazy\" decoding=\"async\" class=\"aligncenter size-medium wp-image-369\" style=\"margin: 10px;\" src=\"https:\/\/www.barral-osteopathe.fr\/wp-content\/uploads\/2023\/02\/DSCN6385_1527-300x225.jpg\" alt=\"\" width=\"300\" height=\"225\" srcset=\"https:\/\/www.barral-osteopathe.fr\/wp-content\/uploads\/2023\/02\/DSCN6385_1527-300x225.jpg 300w, https:\/\/www.barral-osteopathe.fr\/wp-content\/uploads\/2023\/02\/DSCN6385_1527-1024x768.jpg 1024w, https:\/\/www.barral-osteopathe.fr\/wp-content\/uploads\/2023\/02\/DSCN6385_1527-768x576.jpg 768w, https:\/\/www.barral-osteopathe.fr\/wp-content\/uploads\/2023\/02\/DSCN6385_1527-1536x1152.jpg 1536w, https:\/\/www.barral-osteopathe.fr\/wp-content\/uploads\/2023\/02\/DSCN6385_1527-2048x1536.jpg 2048w, https:\/\/www.barral-osteopathe.fr\/wp-content\/uploads\/2023\/02\/DSCN6385_1527-624x468.jpg 624w\" sizes=\"auto, (max-width: 300px) 100vw, 300px\" \/><\/div>\n<div class=\"kobido-image-largeur\"><img loading=\"lazy\" decoding=\"async\" class=\"aligncenter size-medium wp-image-364\" style=\"margin: 10px;\" src=\"https:\/\/www.barral-osteopathe.fr\/wp-content\/uploads\/2023\/02\/DSCN6320_1463-300x225.jpg\" alt=\"\" width=\"300\" height=\"225\" srcset=\"https:\/\/www.barral-osteopathe.fr\/wp-content\/uploads\/2023\/02\/DSCN6320_1463-300x225.jpg 300w, https:\/\/www.barral-osteopathe.fr\/wp-content\/uploads\/2023\/02\/DSCN6320_1463-1024x768.jpg 1024w, https:\/\/www.barral-osteopathe.fr\/wp-content\/uploads\/2023\/02\/DSCN6320_1463-768x576.jpg 768w, https:\/\/www.barral-osteopathe.fr\/wp-content\/uploads\/2023\/02\/DSCN6320_1463-1536x1152.jpg 1536w, https:\/\/www.barral-osteopathe.fr\/wp-content\/uploads\/2023\/02\/DSCN6320_1463-2048x1536.jpg 2048w, https:\/\/www.barral-osteopathe.fr\/wp-content\/uploads\/2023\/02\/DSCN6320_1463-624x468.jpg 624w\" sizes=\"auto, (max-width: 300px) 100vw, 300px\" \/><\/div>\n<\/div>\n<\/div>\n<h1 class=\"style_jp\" style=\"text-align: center;\">La pressotherapie<\/h1>\n<div class=\"kobido-large\">\n<p>C\u2019est un drainage LYMPHATIQUE qui stimule la circulation sanguine et lymphatique. Elle est indiqu\u00e9e pour traiter la r\u00e9tention d\u2019eau, les jambes lourdes, la cellulite, les douleurs musculaires et articulaires de jambe.<\/p>\n<p>Je le pratique avec les bottes normatech.<\/p>\n<div class=\"kobido-flex\">\n<div style=\"width: 45%;\"><img loading=\"lazy\" decoding=\"async\" class=\"alignnone size-medium wp-image-468\" src=\"https:\/\/www.barral-osteopathe.fr\/wp-content\/uploads\/2023\/03\/bottes-297x300.png\" alt=\"\" width=\"297\" height=\"300\" srcset=\"https:\/\/www.barral-osteopathe.fr\/wp-content\/uploads\/2023\/03\/bottes-297x300.png 297w, https:\/\/www.barral-osteopathe.fr\/wp-content\/uploads\/2023\/03\/bottes-1013x1024.png 1013w, https:\/\/www.barral-osteopathe.fr\/wp-content\/uploads\/2023\/03\/bottes-768x776.png 768w, https:\/\/www.barral-osteopathe.fr\/wp-content\/uploads\/2023\/03\/bottes-624x631.png 624w, https:\/\/www.barral-osteopathe.fr\/wp-content\/uploads\/2023\/03\/bottes.png 1150w\" sizes=\"auto, (max-width: 297px) 100vw, 297px\" \/><\/div>\n<div style=\"width: 45%;\">\n<p><a href=\"https:\/\/galvanized-unicorn-f41.notion.site\/d236366d1ee34abdbfa82cb3a1814381?v=0d4a66e94fec4773bb432ae2f725dae3\"><img decoding=\"async\" class=\"alignnone size-medium wp-image-477\" src=\"https:\/\/www.barral-osteopathe.fr\/wp-content\/uploads\/2023\/03\/huiles-1024x768.jpg\" alt=\"\" width=\"350\" srcset=\"https:\/\/www.barral-osteopathe.fr\/wp-content\/uploads\/2023\/03\/huiles-1024x768.jpg 1024w, https:\/\/www.barral-osteopathe.fr\/wp-content\/uploads\/2023\/03\/huiles-300x225.jpg 300w, https:\/\/www.barral-osteopathe.fr\/wp-content\/uploads\/2023\/03\/huiles-768x576.jpg 768w, https:\/\/www.barral-osteopathe.fr\/wp-content\/uploads\/2023\/03\/huiles-1536x1152.jpg 1536w, https:\/\/www.barral-osteopathe.fr\/wp-content\/uploads\/2023\/03\/huiles-2048x1536.jpg 2048w, https:\/\/www.barral-osteopathe.fr\/wp-content\/uploads\/2023\/03\/huiles-624x468.jpg 624w\" sizes=\"(max-width: 1024px) 100vw, 1024px\" \/><\/a><\/p>\n<div><img loading=\"lazy\" decoding=\"async\" class=\"alignnone size-thumbnail wp-image-483\" src=\"https:\/\/www.barral-osteopathe.fr\/wp-content\/uploads\/2023\/03\/lia-150x150.png\" alt=\"\" width=\"50\" height=\"50\" \/><br \/><a href=\"https:\/\/princesselia.com\/\">https:\/\/princesselia.com\/<\/a><\/div>\n<p>&nbsp;<\/p>\n<\/div>\n<\/div>\n<\/div>\n<div class=\"kobido-large\" style=\"margin-top: 50px;\">\n<div class=\"kobido-cadre\">\n<h1 class=\"style_jp\" style=\"text-align: center;\">Tarifs<\/h1>\n<p style=\"text-align: center;\">Kobido visage :<br \/>\n60 \u20ac \/ 50 min.<\/p>\n<p style=\"text-align: center; margin-bottom: 40px;\">Pressoth\u00e9rapie bottes Normatec jambes + kobido :<br \/>\n80 \u20ac \/ 50 min.<\/p>\n<\/div>\n<\/div>\n<div>\n<h1><\/h1>\n<div class=\"kobido-large kobido-flex\">\n<div class=\"kobido-col\" style=\"padding: 50px;\">\n<h1 style=\"text-align: center;\">Maud Barral Br\u00e9aut\u00e9<\/h1>\n<p style=\"text-align: center; margin: 0px;\">06 87 77 18 42<\/p>\n<p style=\"text-align: center; margin: 0px;\">Sur rendez vous ou sur Doctolib<\/p>\n<p><img loading=\"lazy\" decoding=\"async\" class=\"aligncenter size-medium wp-image-372\" src=\"https:\/\/www.barral-osteopathe.fr\/wp-content\/uploads\/2023\/02\/osteo-613x1024.png\" alt=\"\" width=\"300\" height=\"225\" \/><\/p>\n<p style=\"text-align: center;\">Form\u00e9e par l\u2019institut<br \/>\n<a href=\"https:\/\/www.barral-osteopathe.fr\/wp-content\/uploads\/2023\/02\/takumi.jpg\"><img loading=\"lazy\" decoding=\"async\" class=\"aligncenter size-medium wp-image-375\" src=\"https:\/\/www.barral-osteopathe.fr\/wp-content\/uploads\/2023\/02\/takumi-300x149.jpg\" alt=\"\" width=\"300\" height=\"149\" srcset=\"https:\/\/www.barral-osteopathe.fr\/wp-content\/uploads\/2023\/02\/takumi-300x149.jpg 300w, https:\/\/www.barral-osteopathe.fr\/wp-content\/uploads\/2023\/02\/takumi.jpg 363w\" sizes=\"auto, (max-width: 300px) 100vw, 300px\" \/><\/a><\/p>\n<p style=\"text-align: center;\">Cabinet d\u2019Ost\u00e9opathie<br \/>\nP\u00f4le Sant\u00e9 Biltegi,<br \/>\n150 All\u00e9e de Bielle Nave, 64200<br \/>\nBassussarry<\/p>\n<\/div>\n<div class=\"kobido-col\" style=\"margin-top: 75px; padding: 25px;\">\n<p><img loading=\"lazy\" decoding=\"async\" class=\"aligncenter size-medium wp-image-368\" src=\"https:\/\/www.barral-osteopathe.fr\/wp-content\/uploads\/2023\/02\/DSCN6383_1521-300x225.jpg\" alt=\"\" width=\"300\" height=\"225\" srcset=\"https:\/\/www.barral-osteopathe.fr\/wp-content\/uploads\/2023\/02\/DSCN6383_1521-300x225.jpg 300w, https:\/\/www.barral-osteopathe.fr\/wp-content\/uploads\/2023\/02\/DSCN6383_1521-1024x768.jpg 1024w, https:\/\/www.barral-osteopathe.fr\/wp-content\/uploads\/2023\/02\/DSCN6383_1521-768x576.jpg 768w, https:\/\/www.barral-osteopathe.fr\/wp-content\/uploads\/2023\/02\/DSCN6383_1521-1536x1152.jpg 1536w, https:\/\/www.barral-osteopathe.fr\/wp-content\/uploads\/2023\/02\/DSCN6383_1521-2048x1536.jpg 2048w, https:\/\/www.barral-osteopathe.fr\/wp-content\/uploads\/2023\/02\/DSCN6383_1521-624x468.jpg 624w\" sizes=\"auto, (max-width: 300px) 100vw, 300px\" \/><\/p>\n<p style=\"text-align: justify;\">Ost\u00e9opathe depuis 2007, j\u2019ai r\u00e9alis\u00e9 mon m\u00e9moire sur la th\u00e9rapie cranio-sacr\u00e9e.<\/p>\n<p style=\"text-align: justify;\">La fasciath\u00e9rapie Kobido m\u2019a s\u00e9duite en tant que patiente, c\u2019est pourquoi j\u2019ai fait cette formation afin de vous la proposer aujourd\u2019hui :<\/p>\n<ul style=\"text-align: justify;\">\n<li style=\"list-style-type: none;\">\n<ul style=\"text-align: justify;\">\n<li>en th\u00e9rapie \u00ab\u00a0bonne mine\u00a0\u00bb,<\/li>\n<li>en cure de pr\u00e9vention contre le vieillissement cutan\u00e9,<\/li>\n<li>en post maladie pour drainer et revitaliser la peau et les visages fatigu\u00e9s.<\/li>\n<li>en pr\u00e9paration et entretien de lifting<\/li>\n<li>apr\u00e8s interventions chirurgicales, cicatrices ou traumatismes de la face<\/li>\n<li>ou tout simplement pour prendre une heure de d\u00e9tente et soin de vous\u00a0!<\/li>\n<\/ul>\n<\/li>\n<\/ul>\n<\/div>\n<\/div>\n<\/div>\n<\/div>\n<\/div>\n","protected":false},"excerpt":{"rendered":"<p>Le massage Kobido est un art ancestral\u00a0japonais utilis\u00e9 pour la beaut\u00e9 naturelle. Il consiste en un protocole pr\u00e9cis et adapt\u00e9, \u00e0 travailler sur les muscles, les m\u00e9ridiens et les points d\u2019acupuncture du visage, afin de le d\u00e9tendre, le lifter, le raffermir et le re-tonifier. Pratiqu\u00e9 r\u00e9guli\u00e8rement, il diminue des rides d\u2019expression, favorise le ralentissement du [&hellip;]<\/p>\n","protected":false},"author":2,"featured_media":0,"parent":0,"menu_order":6,"comment_status":"closed","ping_status":"closed","template":"","meta":{"footnotes":""},"class_list":["post-348","page","type-page","status-publish","hentry"],"yoast_head":"<!-- This site is optimized with the Yoast SEO plugin v26.0 - https:\/\/yoast.com\/wordpress\/plugins\/seo\/ -->\n<title>Le Kobido &#183; Maud BARRAL-BREAUTE - OSTEOPATHE D.O<\/title>\n<meta name=\"robots\" content=\"index, follow, max-snippet:-1, max-image-preview:large, max-video-preview:-1\" \/>\n<link rel=\"canonical\" href=\"https:\/\/www.barral-osteopathe.fr\/index.php\/le-kobido\/\" \/>\n<meta property=\"og:locale\" content=\"fr_FR\" \/>\n<meta property=\"og:type\" content=\"article\" \/>\n<meta property=\"og:title\" content=\"Le Kobido &#183; Maud BARRAL-BREAUTE - OSTEOPATHE D.O\" \/>\n<meta property=\"og:description\" content=\"Le massage Kobido est un art ancestral\u00a0japonais utilis\u00e9 pour la beaut\u00e9 naturelle. Il consiste en un protocole pr\u00e9cis et adapt\u00e9, \u00e0 travailler sur les muscles, les m\u00e9ridiens et les points d\u2019acupuncture du visage, afin de le d\u00e9tendre, le lifter, le raffermir et le re-tonifier. Pratiqu\u00e9 r\u00e9guli\u00e8rement, il diminue des rides d\u2019expression, favorise le ralentissement du [&hellip;]\" \/>\n<meta property=\"og:url\" content=\"https:\/\/www.barral-osteopathe.fr\/index.php\/le-kobido\/\" \/>\n<meta property=\"og:site_name\" content=\"Maud BARRAL-BREAUTE - OSTEOPATHE D.O\" \/>\n<meta property=\"article:modified_time\" content=\"2023-03-16T17:33:27+00:00\" \/>\n<meta property=\"og:image\" content=\"https:\/\/www.barral-osteopathe.fr\/wp-content\/uploads\/2023\/02\/DSCN6084_1227-300x225.jpg\" \/>\n<meta name=\"twitter:card\" content=\"summary_large_image\" \/>\n<meta name=\"twitter:label1\" content=\"Dur\u00e9e de lecture estim\u00e9e\" \/>\n\t<meta name=\"twitter:data1\" content=\"2 minutes\" \/>\n<script type=\"application\/ld+json\" class=\"yoast-schema-graph\">{\"@context\":\"https:\/\/schema.org\",\"@graph\":[{\"@type\":\"WebPage\",\"@id\":\"https:\/\/www.barral-osteopathe.fr\/index.php\/le-kobido\/\",\"url\":\"https:\/\/www.barral-osteopathe.fr\/index.php\/le-kobido\/\",\"name\":\"Le Kobido &#183; Maud BARRAL-BREAUTE - OSTEOPATHE D.O\",\"isPartOf\":{\"@id\":\"https:\/\/www.barral-osteopathe.fr\/#website\"},\"primaryImageOfPage\":{\"@id\":\"https:\/\/www.barral-osteopathe.fr\/index.php\/le-kobido\/#primaryimage\"},\"image\":{\"@id\":\"https:\/\/www.barral-osteopathe.fr\/index.php\/le-kobido\/#primaryimage\"},\"thumbnailUrl\":\"https:\/\/www.barral-osteopathe.fr\/wp-content\/uploads\/2023\/02\/DSCN6084_1227-300x225.jpg\",\"datePublished\":\"2023-03-16T09:06:35+00:00\",\"dateModified\":\"2023-03-16T17:33:27+00:00\",\"breadcrumb\":{\"@id\":\"https:\/\/www.barral-osteopathe.fr\/index.php\/le-kobido\/#breadcrumb\"},\"inLanguage\":\"fr-FR\",\"potentialAction\":[{\"@type\":\"ReadAction\",\"target\":[\"https:\/\/www.barral-osteopathe.fr\/index.php\/le-kobido\/\"]}]},{\"@type\":\"ImageObject\",\"inLanguage\":\"fr-FR\",\"@id\":\"https:\/\/www.barral-osteopathe.fr\/index.php\/le-kobido\/#primaryimage\",\"url\":\"https:\/\/www.barral-osteopathe.fr\/wp-content\/uploads\/2023\/02\/DSCN6084_1227-300x225.jpg\",\"contentUrl\":\"https:\/\/www.barral-osteopathe.fr\/wp-content\/uploads\/2023\/02\/DSCN6084_1227-300x225.jpg\"},{\"@type\":\"BreadcrumbList\",\"@id\":\"https:\/\/www.barral-osteopathe.fr\/index.php\/le-kobido\/#breadcrumb\",\"itemListElement\":[{\"@type\":\"ListItem\",\"position\":1,\"name\":\"Accueil\",\"item\":\"https:\/\/www.barral-osteopathe.fr\/\"},{\"@type\":\"ListItem\",\"position\":2,\"name\":\"Le Kobido\"}]},{\"@type\":\"WebSite\",\"@id\":\"https:\/\/www.barral-osteopathe.fr\/#website\",\"url\":\"https:\/\/www.barral-osteopathe.fr\/\",\"name\":\"Maud BARRAL-BREAUTE Osteopathe D.O\",\"description\":\"Votre th\u00e9rapeute | \u2709 POLE SANTE BILTEGI, 150 avenue de Bielle NAVE, place saint Barthelemy, 64200, BASSUSSARRY | \u260e  06.87.77.18.42\",\"publisher\":{\"@id\":\"https:\/\/www.barral-osteopathe.fr\/#organization\"},\"potentialAction\":[{\"@type\":\"SearchAction\",\"target\":{\"@type\":\"EntryPoint\",\"urlTemplate\":\"https:\/\/www.barral-osteopathe.fr\/?s={search_term_string}\"},\"query-input\":{\"@type\":\"PropertyValueSpecification\",\"valueRequired\":true,\"valueName\":\"search_term_string\"}}],\"inLanguage\":\"fr-FR\"},{\"@type\":\"Organization\",\"@id\":\"https:\/\/www.barral-osteopathe.fr\/#organization\",\"name\":\"Maud BARRAL-BREAUTE - OSTEOPATHE D.O\",\"url\":\"https:\/\/www.barral-osteopathe.fr\/\",\"logo\":{\"@type\":\"ImageObject\",\"inLanguage\":\"fr-FR\",\"@id\":\"https:\/\/www.barral-osteopathe.fr\/#\/schema\/logo\/image\/\",\"url\":\"https:\/\/www.barral-osteopathe.fr\/wp-content\/uploads\/2015\/11\/IMGP0037-e1454069448408.jpg\",\"contentUrl\":\"https:\/\/www.barral-osteopathe.fr\/wp-content\/uploads\/2015\/11\/IMGP0037-e1454069448408.jpg\",\"width\":600,\"height\":800,\"caption\":\"Maud BARRAL-BREAUTE - OSTEOPATHE D.O\"},\"image\":{\"@id\":\"https:\/\/www.barral-osteopathe.fr\/#\/schema\/logo\/image\/\"}}]}<\/script>\n<!-- \/ Yoast SEO plugin. -->","yoast_head_json":{"title":"Le Kobido &#183; Maud BARRAL-BREAUTE - OSTEOPATHE D.O","robots":{"index":"index","follow":"follow","max-snippet":"max-snippet:-1","max-image-preview":"max-image-preview:large","max-video-preview":"max-video-preview:-1"},"canonical":"https:\/\/www.barral-osteopathe.fr\/index.php\/le-kobido\/","og_locale":"fr_FR","og_type":"article","og_title":"Le Kobido &#183; Maud BARRAL-BREAUTE - OSTEOPATHE D.O","og_description":"Le massage Kobido est un art ancestral\u00a0japonais utilis\u00e9 pour la beaut\u00e9 naturelle. Il consiste en un protocole pr\u00e9cis et adapt\u00e9, \u00e0 travailler sur les muscles, les m\u00e9ridiens et les points d\u2019acupuncture du visage, afin de le d\u00e9tendre, le lifter, le raffermir et le re-tonifier. Pratiqu\u00e9 r\u00e9guli\u00e8rement, il diminue des rides d\u2019expression, favorise le ralentissement du [&hellip;]","og_url":"https:\/\/www.barral-osteopathe.fr\/index.php\/le-kobido\/","og_site_name":"Maud BARRAL-BREAUTE - OSTEOPATHE D.O","article_modified_time":"2023-03-16T17:33:27+00:00","og_image":[{"url":"https:\/\/www.barral-osteopathe.fr\/wp-content\/uploads\/2023\/02\/DSCN6084_1227-300x225.jpg","type":"","width":"","height":""}],"twitter_card":"summary_large_image","twitter_misc":{"Dur\u00e9e de lecture estim\u00e9e":"2 minutes"},"schema":{"@context":"https:\/\/schema.org","@graph":[{"@type":"WebPage","@id":"https:\/\/www.barral-osteopathe.fr\/index.php\/le-kobido\/","url":"https:\/\/www.barral-osteopathe.fr\/index.php\/le-kobido\/","name":"Le Kobido &#183; Maud BARRAL-BREAUTE - OSTEOPATHE D.O","isPartOf":{"@id":"https:\/\/www.barral-osteopathe.fr\/#website"},"primaryImageOfPage":{"@id":"https:\/\/www.barral-osteopathe.fr\/index.php\/le-kobido\/#primaryimage"},"image":{"@id":"https:\/\/www.barral-osteopathe.fr\/index.php\/le-kobido\/#primaryimage"},"thumbnailUrl":"https:\/\/www.barral-osteopathe.fr\/wp-content\/uploads\/2023\/02\/DSCN6084_1227-300x225.jpg","datePublished":"2023-03-16T09:06:35+00:00","dateModified":"2023-03-16T17:33:27+00:00","breadcrumb":{"@id":"https:\/\/www.barral-osteopathe.fr\/index.php\/le-kobido\/#breadcrumb"},"inLanguage":"fr-FR","potentialAction":[{"@type":"ReadAction","target":["https:\/\/www.barral-osteopathe.fr\/index.php\/le-kobido\/"]}]},{"@type":"ImageObject","inLanguage":"fr-FR","@id":"https:\/\/www.barral-osteopathe.fr\/index.php\/le-kobido\/#primaryimage","url":"https:\/\/www.barral-osteopathe.fr\/wp-content\/uploads\/2023\/02\/DSCN6084_1227-300x225.jpg","contentUrl":"https:\/\/www.barral-osteopathe.fr\/wp-content\/uploads\/2023\/02\/DSCN6084_1227-300x225.jpg"},{"@type":"BreadcrumbList","@id":"https:\/\/www.barral-osteopathe.fr\/index.php\/le-kobido\/#breadcrumb","itemListElement":[{"@type":"ListItem","position":1,"name":"Accueil","item":"https:\/\/www.barral-osteopathe.fr\/"},{"@type":"ListItem","position":2,"name":"Le Kobido"}]},{"@type":"WebSite","@id":"https:\/\/www.barral-osteopathe.fr\/#website","url":"https:\/\/www.barral-osteopathe.fr\/","name":"Maud BARRAL-BREAUTE Osteopathe D.O","description":"Votre th\u00e9rapeute | \u2709 POLE SANTE BILTEGI, 150 avenue de Bielle NAVE, place saint Barthelemy, 64200, BASSUSSARRY | \u260e  06.87.77.18.42","publisher":{"@id":"https:\/\/www.barral-osteopathe.fr\/#organization"},"potentialAction":[{"@type":"SearchAction","target":{"@type":"EntryPoint","urlTemplate":"https:\/\/www.barral-osteopathe.fr\/?s={search_term_string}"},"query-input":{"@type":"PropertyValueSpecification","valueRequired":true,"valueName":"search_term_string"}}],"inLanguage":"fr-FR"},{"@type":"Organization","@id":"https:\/\/www.barral-osteopathe.fr\/#organization","name":"Maud BARRAL-BREAUTE - OSTEOPATHE D.O","url":"https:\/\/www.barral-osteopathe.fr\/","logo":{"@type":"ImageObject","inLanguage":"fr-FR","@id":"https:\/\/www.barral-osteopathe.fr\/#\/schema\/logo\/image\/","url":"https:\/\/www.barral-osteopathe.fr\/wp-content\/uploads\/2015\/11\/IMGP0037-e1454069448408.jpg","contentUrl":"https:\/\/www.barral-osteopathe.fr\/wp-content\/uploads\/2015\/11\/IMGP0037-e1454069448408.jpg","width":600,"height":800,"caption":"Maud BARRAL-BREAUTE - OSTEOPATHE D.O"},"image":{"@id":"https:\/\/www.barral-osteopathe.fr\/#\/schema\/logo\/image\/"}}]}},"_links":{"self":[{"href":"https:\/\/www.barral-osteopathe.fr\/index.php\/wp-json\/wp\/v2\/pages\/348","targetHints":{"allow":["GET"]}}],"collection":[{"href":"https:\/\/www.barral-osteopathe.fr\/index.php\/wp-json\/wp\/v2\/pages"}],"about":[{"href":"https:\/\/www.barral-osteopathe.fr\/index.php\/wp-json\/wp\/v2\/types\/page"}],"author":[{"embeddable":true,"href":"https:\/\/www.barral-osteopathe.fr\/index.php\/wp-json\/wp\/v2\/users\/2"}],"replies":[{"embeddable":true,"href":"https:\/\/www.barral-osteopathe.fr\/index.php\/wp-json\/wp\/v2\/comments?post=348"}],"version-history":[{"count":126,"href":"https:\/\/www.barral-osteopathe.fr\/index.php\/wp-json\/wp\/v2\/pages\/348\/revisions"}],"predecessor-version":[{"id":507,"href":"https:\/\/www.barral-osteopathe.fr\/index.php\/wp-json\/wp\/v2\/pages\/348\/revisions\/507"}],"wp:attachment":[{"href":"https:\/\/www.barral-osteopathe.fr\/index.php\/wp-json\/wp\/v2\/media?parent=348"}],"curies":[{"name":"wp","href":"https:\/\/api.w.org\/{rel}","templated":true}]}}