{"id":6,"date":"2015-11-02T14:52:19","date_gmt":"2015-11-02T14:52:19","guid":{"rendered":"http:\/\/barral-osteopathe.fr\/maudblog\/?page_id=6"},"modified":"2024-02-07T07:57:14","modified_gmt":"2024-02-07T06:57:14","slug":"accueil","status":"publish","type":"page","link":"https:\/\/www.barral-osteopathe.fr\/","title":{"rendered":"Accueil"},"content":{"rendered":"<p style=\"font-size: large; text-align: center;\"><strong class=\"entry-title pagetitle\" style=\"text-align: left;\">Pr\u00e9venir \u2013 Soigner \u2013 Gu\u00e9rir<\/strong><\/p>\n<h3 style=\"text-align: left;\"><img loading=\"lazy\" decoding=\"async\" class=\"wp-image-96 aligncenter\" src=\"\/\/www.barral-osteopathe.fr\/wp-content\/uploads\/2016\/01\/logo.png\" alt=\"Syndicat Fran\u00e7ais Des Ost\u00e9opathes\" width=\"164\" height=\"149\" \/><\/h3>\n<div class=\"entry_wrap fix\">\n<div class=\"entry_content\">\n<h3 style=\"text-align: left;\"><em><strong>\u00ab Une prise en charge th\u00e9rapeutique douce et attentive, o\u00f9 la sant\u00e9 et la vitalit\u00e9 du patient sont au centre de toutes les pr\u00e9occupations \u00bb<\/strong><\/em><\/h3>\n<h3 style=\"text-align: left;\">\r\n<div class=\"slider_2\">\r\n\t<div class=\"slider-loader-2\"><\/div>\t<ul id=\"slider_2\" class=\"huge-it-slider\" data-autoplay=\"0\">\r\n\t\t\t\t\t\t\t<li class=\"group\"\r\n\t\t\t\t\t\tdata-thumb=\"https:\/\/www.barral-osteopathe.fr\/wp-content\/uploads\/2019\/05\/leo-rugby-e1556714333792.jpg\">\r\n\t\t\t\t\t\t<a href=\"https:\/\/www.barral-osteopathe.fr\/index.php\/quand-consulter\/enfants\/\" target=\"\">\t\t\t\t\t\t<img decoding=\"async\" src=\"https:\/\/www.barral-osteopathe.fr\/wp-content\/uploads\/2019\/05\/leo-rugby-e1556714333792.jpg\"\r\n\t\t\t\t\t\t\t alt=\"\"\/>\r\n\t\t\t\t\t\t<\/a>\t\t\t\t\t\t\t\t\t\t\t\t\t\t\t\t\t\t\t<div class=\"huge-it-caption slider-description\">\r\n\t\t\t\t\t\t\t\t<div>L'Ost\u00e9opathie et l'Enfant<\/div>\r\n\t\t\t\t\t\t\t<\/div>\r\n\t\t\t\t\t\t\t\t\t\t\t<\/li>\r\n\t\t\t\t\t\t\t\t\t\t<li class=\"group\"\r\n\t\t\t\t\t\tdata-thumb=\"https:\/\/www.barral-osteopathe.fr\/wp-content\/uploads\/2016\/01\/senior_slider.png\">\r\n\t\t\t\t\t\t<a href=\"http:\/\/www.barral-osteopathe.fr\/index.php\/pourquoi-consulter\/losteopathie-et-les-seniors\/\" target=\"_blank\">\t\t\t\t\t\t<img decoding=\"async\" src=\"https:\/\/www.barral-osteopathe.fr\/wp-content\/uploads\/2016\/01\/senior_slider.png\"\r\n\t\t\t\t\t\t\t alt=\"\"\/>\r\n\t\t\t\t\t\t<\/a>\t\t\t\t\t\t\t\t\t\t\t\t\t\t\t\t\t\t\t<div class=\"huge-it-caption slider-description\">\r\n\t\t\t\t\t\t\t\t<div>L'Ost\u00e9opathie et les S\u00e9niors<\/div>\r\n\t\t\t\t\t\t\t<\/div>\r\n\t\t\t\t\t\t\t\t\t\t\t<\/li>\r\n\t\t\t\t\t\t\t\t\t\t<li class=\"group\"\r\n\t\t\t\t\t\tdata-thumb=\"https:\/\/www.barral-osteopathe.fr\/wp-content\/uploads\/2019\/05\/IMG_4655.jpg\">\r\n\t\t\t\t\t\t<a href=\"https:\/\/www.barral-osteopathe.fr\/index.php\/quand-consulter\/enfants\/\" target=\"\">\t\t\t\t\t\t<img decoding=\"async\" src=\"https:\/\/www.barral-osteopathe.fr\/wp-content\/uploads\/2019\/05\/IMG_4655.jpg\"\r\n\t\t\t\t\t\t\t alt=\"\"\/>\r\n\t\t\t\t\t\t<\/a>\t\t\t\t\t\t\t\t\t\t\t\t\t\t\t\t\t\t\t<div class=\"huge-it-caption slider-description\">\r\n\t\t\t\t\t\t\t\t<div>L'Ost\u00e9opathie et l'Enfant<\/div>\r\n\t\t\t\t\t\t\t<\/div>\r\n\t\t\t\t\t\t\t\t\t\t\t<\/li>\r\n\t\t\t\t\t\t\t\t\t\t<li class=\"group\"\r\n\t\t\t\t\t\tdata-thumb=\"https:\/\/www.barral-osteopathe.fr\/wp-content\/uploads\/2016\/01\/grossesse_slider.png\">\r\n\t\t\t\t\t\t<a href=\"http:\/\/www.barral-osteopathe.fr\/index.php\/pourquoi-consulter\/femmes-enceintes\/\" target=\"_blank\">\t\t\t\t\t\t<img decoding=\"async\" src=\"https:\/\/www.barral-osteopathe.fr\/wp-content\/uploads\/2016\/01\/grossesse_slider.png\"\r\n\t\t\t\t\t\t\t alt=\"\"\/>\r\n\t\t\t\t\t\t<\/a>\t\t\t\t\t\t\t\t\t\t\t\t\t\t\t\t\t\t\t<div class=\"huge-it-caption slider-description\">\r\n\t\t\t\t\t\t\t\t<div>L'Ost\u00e9opathie et la Grossesse<\/div>\r\n\t\t\t\t\t\t\t<\/div>\r\n\t\t\t\t\t\t\t\t\t\t\t<\/li>\r\n\t\t\t\t\t\t\t\t\t\t<li class=\"group\"\r\n\t\t\t\t\t\tdata-thumb=\"https:\/\/www.barral-osteopathe.fr\/wp-content\/uploads\/2019\/05\/chibertrail.jpg\">\r\n\t\t\t\t\t\t<a href=\"http:\/\/www.barral-osteopathe.fr\/index.php\/pourquoi-consulter\/losteopathie-et-les-sportifs\/\" target=\"\">\t\t\t\t\t\t<img decoding=\"async\" src=\"https:\/\/www.barral-osteopathe.fr\/wp-content\/uploads\/2019\/05\/chibertrail.jpg\"\r\n\t\t\t\t\t\t\t alt=\"\"\/>\r\n\t\t\t\t\t\t<\/a>\t\t\t\t\t\t\t\t\t\t\t\t\t\t\t\t\t\t\t<div class=\"huge-it-caption slider-description\">\r\n\t\t\t\t\t\t\t\t<div>L'Ost\u00e9opathie et les Sportifs<\/div>\r\n\t\t\t\t\t\t\t<\/div>\r\n\t\t\t\t\t\t\t\t\t\t\t<\/li>\r\n\t\t\t\t\t\t\t\t\t\t<li class=\"group\"\r\n\t\t\t\t\t\tdata-thumb=\"https:\/\/www.barral-osteopathe.fr\/wp-content\/uploads\/2019\/05\/rugby-steph-2-e1556714260378.jpg\">\r\n\t\t\t\t\t\t<a href=\"http:\/\/www.barral-osteopathe.fr\/index.php\/pourquoi-consulter\/losteopathie-et-les-sportifs\/\" target=\"\">\t\t\t\t\t\t<img decoding=\"async\" src=\"https:\/\/www.barral-osteopathe.fr\/wp-content\/uploads\/2019\/05\/rugby-steph-2-e1556714260378.jpg\"\r\n\t\t\t\t\t\t\t alt=\"\"\/>\r\n\t\t\t\t\t\t<\/a>\t\t\t\t\t\t\t\t\t\t\t\t\t\t\t\t\t\t\t<div class=\"huge-it-caption slider-description\">\r\n\t\t\t\t\t\t\t\t<div>L'Ost\u00e9opathie et les Sportifs<\/div>\r\n\t\t\t\t\t\t\t<\/div>\r\n\t\t\t\t\t\t\t\t\t\t\t<\/li>\r\n\t\t\t\t\t\t\t\t\t\t<li class=\"group\"\r\n\t\t\t\t\t\tdata-thumb=\"https:\/\/www.barral-osteopathe.fr\/wp-content\/uploads\/2019\/05\/senpereko-trail-e1556714060714.jpg\">\r\n\t\t\t\t\t\t<a href=\"http:\/\/www.barral-osteopathe.fr\/index.php\/pourquoi-consulter\/losteopathie-et-les-sportifs\/\" target=\"\">\t\t\t\t\t\t<img decoding=\"async\" src=\"https:\/\/www.barral-osteopathe.fr\/wp-content\/uploads\/2019\/05\/senpereko-trail-e1556714060714.jpg\"\r\n\t\t\t\t\t\t\t alt=\"\"\/>\r\n\t\t\t\t\t\t<\/a>\t\t\t\t\t\t\t\t\t\t\t\t\t\t\t\t\t\t\t<div class=\"huge-it-caption slider-description\">\r\n\t\t\t\t\t\t\t\t<div>L'Ost\u00e9opathie et les Sportifs<\/div>\r\n\t\t\t\t\t\t\t<\/div>\r\n\t\t\t\t\t\t\t\t\t\t\t<\/li>\r\n\t\t\t\t\t\t\t\t\t\t<li class=\"group\"\r\n\t\t\t\t\t\tdata-thumb=\"https:\/\/www.barral-osteopathe.fr\/wp-content\/uploads\/2019\/05\/taekwondo-e1556714100157.jpg\">\r\n\t\t\t\t\t\t<a href=\"http:\/\/www.barral-osteopathe.fr\/index.php\/pourquoi-consulter\/losteopathie-et-les-sportifs\/\" target=\"\">\t\t\t\t\t\t<img decoding=\"async\" src=\"https:\/\/www.barral-osteopathe.fr\/wp-content\/uploads\/2019\/05\/taekwondo-e1556714100157.jpg\"\r\n\t\t\t\t\t\t\t alt=\"\"\/>\r\n\t\t\t\t\t\t<\/a>\t\t\t\t\t\t\t\t\t\t\t\t\t\t\t\t\t\t\t<div class=\"huge-it-caption slider-description\">\r\n\t\t\t\t\t\t\t\t<div>L'Ost\u00e9opathie et les Sportifs<\/div>\r\n\t\t\t\t\t\t\t<\/div>\r\n\t\t\t\t\t\t\t\t\t\t\t<\/li>\r\n\t\t\t\t\t\t\t\t\t\t<li class=\"group\"\r\n\t\t\t\t\t\tdata-thumb=\"https:\/\/www.barral-osteopathe.fr\/wp-content\/uploads\/2019\/05\/senpereko-trail-binome-e1556714421100.jpg\">\r\n\t\t\t\t\t\t<a href=\"http:\/\/www.barral-osteopathe.fr\/index.php\/pourquoi-consulter\/losteopathie-et-les-sportifs\/\" target=\"\">\t\t\t\t\t\t<img decoding=\"async\" src=\"https:\/\/www.barral-osteopathe.fr\/wp-content\/uploads\/2019\/05\/senpereko-trail-binome-e1556714421100.jpg\"\r\n\t\t\t\t\t\t\t alt=\"\"\/>\r\n\t\t\t\t\t\t<\/a>\t\t\t\t\t\t\t\t\t\t\t\t\t\t\t\t\t\t\t<div class=\"huge-it-caption slider-description\">\r\n\t\t\t\t\t\t\t\t<div>L'Ost\u00e9opathie et les Sportifs<\/div>\r\n\t\t\t\t\t\t\t<\/div>\r\n\t\t\t\t\t\t\t\t\t\t\t<\/li>\r\n\t\t\t\t\t\t\t\t\t\t<li class=\"group\"\r\n\t\t\t\t\t\tdata-thumb=\"https:\/\/www.barral-osteopathe.fr\/wp-content\/uploads\/2019\/05\/isa-surf-e1556714134555.jpg\">\r\n\t\t\t\t\t\t<a href=\"http:\/\/www.barral-osteopathe.fr\/index.php\/pourquoi-consulter\/losteopathie-et-les-sportifs\/\" target=\"\">\t\t\t\t\t\t<img decoding=\"async\" src=\"https:\/\/www.barral-osteopathe.fr\/wp-content\/uploads\/2019\/05\/isa-surf-e1556714134555.jpg\"\r\n\t\t\t\t\t\t\t alt=\"\"\/>\r\n\t\t\t\t\t\t<\/a>\t\t\t\t\t\t\t\t\t\t\t\t\t\t\t\t\t\t\t<div class=\"huge-it-caption slider-description\">\r\n\t\t\t\t\t\t\t\t<div>L'Ost\u00e9opathie et les Sportifs<\/div>\r\n\t\t\t\t\t\t\t<\/div>\r\n\t\t\t\t\t\t\t\t\t\t\t<\/li>\r\n\t\t\t\t\t\t\t\t\t\t<li class=\"group\"\r\n\t\t\t\t\t\tdata-thumb=\"https:\/\/www.barral-osteopathe.fr\/wp-content\/uploads\/2016\/01\/travail_slider.png\">\r\n\t\t\t\t\t\t<a href=\"http:\/\/www.barral-osteopathe.fr\/index.php\/pourquoi-consulter\/losteopathie-et-le-travail\/\" target=\"_blank\">\t\t\t\t\t\t<img decoding=\"async\" src=\"https:\/\/www.barral-osteopathe.fr\/wp-content\/uploads\/2016\/01\/travail_slider.png\"\r\n\t\t\t\t\t\t\t alt=\"\"\/>\r\n\t\t\t\t\t\t<\/a>\t\t\t\t\t\t\t\t\t\t\t\t\t\t\t\t\t\t\t<div class=\"huge-it-caption slider-description\">\r\n\t\t\t\t\t\t\t\t<div>L'Ost\u00e9opathie et le Travail<\/div>\r\n\t\t\t\t\t\t\t<\/div>\r\n\t\t\t\t\t\t\t\t\t\t\t<\/li>\r\n\t\t\t\t\t\t\t\t\t\t<li class=\"group\"\r\n\t\t\t\t\t\tdata-thumb=\"https:\/\/www.barral-osteopathe.fr\/wp-content\/uploads\/2016\/01\/bebe_slider.png\">\r\n\t\t\t\t\t\t<a href=\"http:\/\/www.barral-osteopathe.fr\/index.php\/pourquoi-consulter\/osteopathie-bebe\/\" target=\"_blank\">\t\t\t\t\t\t<img decoding=\"async\" src=\"https:\/\/www.barral-osteopathe.fr\/wp-content\/uploads\/2016\/01\/bebe_slider.png\"\r\n\t\t\t\t\t\t\t alt=\"\"\/>\r\n\t\t\t\t\t\t<\/a>\t\t\t\t\t\t\t\t\t\t\t\t\t\t\t\t\t\t\t<div class=\"huge-it-caption slider-description\">\r\n\t\t\t\t\t\t\t\t<div>L'Ost\u00e9opathie et B\u00e9b\u00e9<\/div>\r\n\t\t\t\t\t\t\t<\/div>\r\n\t\t\t\t\t\t\t\t\t\t\t<\/li>\r\n\t\t\t\t\t\t<\/ul>\r\n<\/div>\r\n<script>\r\n\tjQuery(function (){\r\n\t\tif(singleSlider_2.view !== 'carousel1'){\r\n\t\t\tjQuery('#slider_2').sliderPlugin({\r\n\t\t\t\tmaxWidth: singleSlider_2.width,\r\n\t\t\t\tmaxHeight: singleSlider_2.height,\r\n\t\t\t\ttransition: singleSlider_2.effect,\r\n\t\t\t\tcontrols: singleSlider_2.navigate_by,\r\n\t\t\t\tcropImage: hugeitSliderObj.crop_image,\r\n\t\t\t\tnavigation: hugeitSliderObj.show_arrows,\r\n\t\t\t\tdelay: +singleSlider_2.pause_time,\r\n\t\t\t\ttransitionDuration: +singleSlider_2.change_speed,\r\n\t\t\t\tpauseOnHover: singleSlider_2.pause_on_hover\r\n\t\t\t});\r\n\t\t} else {\r\n\t\t\tvar $pager = false,\r\n\t\t\t\t$thumb = false;\r\n\t\t\tswitch(singleSlider_2.navigate_by){\r\n\t\t\t\tcase 'dot':\r\n\t\t\t\t\t$pager = true;\r\n\t\t\t\t\t$thumb = false;\r\n\t\t\t\t\tbreak;\r\n\t\t\t\tcase 'thumbnail':\r\n\t\t\t\t\t$pager = true;\r\n\t\t\t\t\t$thumb = true;\r\n\t\t\t\t\tbreak;\r\n\t\t\t\tcase 'none':\r\n\t\t\t\t\t$pager = false;\r\n\t\t\t\t\t$thumb = false;\r\n\t\t\t\t\tbreak;\r\n\t\t\t}\r\n\r\n\t\t\tjQuery('#slider_2').lightSlider({\r\n\t\t\t\titem: +singleSlider_2.itemscount,\r\n\t\t\t\tpause: +singleSlider_2.pause_time,\r\n\t\t\t\tspeed: +singleSlider_2.change_speed,\r\n\t\t\t\tpager: $pager,\r\n\t\t\t\tgallery: $thumb,\r\n\t\t\t\tpauseOnHover: +singleSlider_2.pause_on_hover,\r\n\t\t\t\tthumbItem: +hugeitSliderObj.thumb_count_slides,\r\n\t\t\t\tcontrols: +hugeitSliderObj.show_arrows,\r\n\t\t\t\tmaxWidth: singleSlider_2.width,\r\n\t\t\t\tmaxHeight: singleSlider_2.height,\r\n\t\t\t\tdotsPos: hugeitSliderObj.navigation_position\r\n\t\t\t});\r\n\t\t}\r\n\t});\r\n<\/script><style>\r\n\r\nul#slider_2 {\r\n\tmargin: 0;\r\n\twidth: 100%;\r\n\theight: 100%;\r\n\tmax-width: 480px;\r\n\tmax-height: 360px;\r\n\toverflow: visible;\r\n\tpadding: 0;\r\n}\r\n\r\n.slider_2 {\r\n\twidth: 100%;\r\n\theight: 100%;\r\n\tmax-width: 480px;\r\n\tmax-height: 360px;\r\nmargin: 0 auto;}\r\n.huge-it-wrap:after,\r\n.huge-it-slider:after,\r\n.huge-it-thumb-wrap:after,\r\n.huge-it-arrows:after,\r\n.huge-it-caption:after {\r\n\tcontent: \".\";\r\n\tdisplay: block;\r\n\theight: 0;\r\n\tclear: both;\r\n\tline-height: 0;\r\n\tvisibility: hidden;\r\n}\r\n\r\n.video_cover, .playSlider, .pauseSlider, div[class*=playButton] {\r\n\tdisplay: none !important;\r\n}\r\n\r\n.huge-it-thumb-wrap .video_cover {\r\n\tdisplay: block !important;\r\n}\r\n\r\niframe.huge_it_vimeo_iframe {\r\n\theight: 360px;\r\n}\r\n\r\ndiv[class*=slider-loader-] {\r\n\tbackground: rgba(0, 0, 0, 0) url(https:\/\/www.barral-osteopathe.fr\/wp-content\/plugins\/slider-image\/assets\/images\/front\/loading\/loading1.gif) no-repeat center;\r\n\theight: 90px;\r\n\toverflow: hidden;\r\n\tposition: absolute;\r\n\ttop: 135px;;\r\n\twidth: 480px;;\r\n\tz-index: 3;\r\n}\r\n\r\n.huge-it-wrap {\r\n\topacity: 0;\r\n\tposition: relative;\r\n\tborder: 0px solid #ffffff;\r\n\t-webkit-border-radius: 0px;\r\n\t-moz-border-radius: 0px;\r\n\tborder-radius: 0px;\r\noverflow: hidden;;\r\n}\r\n\r\n.huge-it-slide-bg {\r\n\tbackground: rgba(255,255,255,);\r\nheight: 100%}\r\n\r\n.huge-it-caption {\r\n\tposition: absolute;\r\n\tdisplay: block;\r\n}\r\n\r\n.huge-it-caption div {\r\n\tpadding: 10px 20px;\r\n\tline-height: normal;\r\n}\r\n\r\n.slider-title {\r\n\twidth: calc(30% - 20px);\r\n\tmargin: 10px;\r\n\tfont-size: 13px;\r\n\tcolor: #000000;\r\n\ttext-align: right;\r\n\tbackground: rgba(255,255,255,0.7);\r\n\tborder: 0px solid #ffffff;\r\n\tborder-radius: 4px;\r\nright: 0 !important; top: 0;}\r\n\r\n.slider-description {\r\n\twidth: calc(70% - 20px);\r\n\tmargin: 10px;\r\n\tfont-size: 13px;\r\n\tcolor: #ffffff;\r\n\ttext-align: justify;\r\n\tbackground: rgba(0,0,0,0.7);\r\n\r\n\r\n\tborder: 0px solid #ffffff;\r\n\tborder-radius: 0px;\r\nright: 0 !important; bottom: 0;}\r\n\r\n.slider_2 .huge-it-slider > li {\r\n\tlist-style: none;\r\n\tfilter: alpha(opacity=0);\r\n\topacity: 0;\r\n\twidth: 100%;\r\n\theight: 100%;\r\n\tmargin: 0 -100% 0 0;\r\n\tpadding: 0;\r\n\tfloat: left;\r\n\tposition: relative;\r\n;\r\n\toverflow: hidden;\r\n}\r\n\r\n.slider_2 .huge-it-slider > li > a {\r\n\tdisplay: block;\r\n\tpadding: 0;\r\n\tbackground: none;\r\n\t-webkit-border-radius: 0;\r\n\t-moz-border-radius: 0;\r\n\tborder-radius: 0;\r\n\twidth: 100%;\r\n\theight: 100%;\r\n}\r\n\r\n.slider_2 .huge-it-slider > li img {\r\n\tmax-width: 100%;\r\n\tmax-height: 100%;\r\n\tmargin: 0;\r\n\tcursor: pointer;\r\n}\r\n\r\n.slider_2 .huge-it-slide-bg, .slider_2 .huge-it-slider > li, .slider_2 .huge-it-slider > li > a, .slider_2 .huge-it-slider > li img {\r\n;\r\n}\r\n\r\n.huge-it-dot-wrap {\r\n\tposition: absolute;\r\ntop: 5px;height: 20px;\tleft: 50%;\r\n\ttransform: translateX(-50%);\r\n\tz-index: 999;\r\n}\r\n\r\n.huge-it-dot-wrap a {\r\n\t-webkit-border-radius: 8px;\r\n\t-moz-border-radius: 8px;\r\n\tborder-radius: 8px;\r\n\tcursor: pointer;\r\n\tdisplay: block;\r\n\tfloat: left;\r\n\theight: 11px;\r\n\tmargin: 2px !important;\r\n\tposition: relative;\r\n\ttext-align: left;\r\n\ttext-indent: 9999px;\r\n\twidth: 11px !important;\r\n\tbackground: #000000;\r\n\tbox-shadow: none;\r\n}\r\n\r\n.huge-it-dot-wrap a.active:focus, .huge-it-dot-wrap a:focus,\r\n.huge-it-thumb-wrap > a:focus, .huge-it-thumb-wrap > a.active:focus {\r\n\toutline: none;\r\n}\r\n\r\n.huge-it-dot-wrap a:hover {\r\n\tbackground: #000000;\r\n\tbox-shadow: none !important;\r\n}\r\n\r\n.huge-it-dot-wrap a.active {\r\n\tbackground: #ffffff;\r\n\tbox-shadow: none;\r\n}\r\n\r\n.huge-it-thumb-wrap {\r\n\tbackground: #FFFFFF;\r\n\theight: 105px ;\r\n\tmargin-left: 0;\r\n;\r\n}\r\n\r\n.huge-it-thumb-wrap a.active img {\r\n\tborder-radius: 5px;\r\n\topacity: 1;\r\n}\r\n\r\n.huge-it-thumb-wrap > a {\r\n\theight: 100px;\r\n\tdisplay: block;\r\n\tfloat: left;\r\n\tposition: relative;\r\n\t-moz-box-sizing: border-box;\r\n\t-webkit-box-sizing: border-box;\r\n\tbox-sizing: border-box;\r\n\tbackground: #FFFFFF;\r\n}\r\n\r\n.huge-it-thumb-wrap a img {\r\n\topacity: 0.5;\r\n\theight: 100px;\r\n\twidth: 100%;\r\n\tdisplay: block;\r\n\t-ms-interpolation-mode: bicubic;\r\n\tbox-shadow: none !important;\r\n}\r\n\r\na.thumb_arr {\r\n\tposition: absolute;\r\n\theight: 20px;\r\n\twidth: 15px;\r\n\tbottom: 40px;\r\n\tz-index: 100;\r\n\tbox-shadow: none;\r\n}\r\n\r\na.thumb_prev {\r\n\tleft: 5px;\r\n\twidth:15px;\r\n\theight:20px;\r\n\tbackground:url(https:\/\/www.barral-osteopathe.fr\/wp-content\/plugins\/slider-image\/assets\/images\/front\/arrows\/arrows1.png) left  top no-repeat;\r\n\tbackground-size: 200%;\r\n}\r\n\r\na.thumb_next {\r\n\tright:5px;\r\n\twidth:15px;\r\n\theight:20px;\r\n\tbackground:url(https:\/\/www.barral-osteopathe.fr\/wp-content\/plugins\/slider-image\/assets\/images\/front\/arrows\/arrows1.png) right  top no-repeat;\r\n\tbackground-size: 200%;\r\n}\r\n\r\n.huge-it-grid {\r\n\tposition: absolute;\r\n\toverflow: hidden;\r\n\twidth: 100%;\r\n\theight: 100%;\r\n\tdisplay: none;\r\n}\r\n\r\n.huge-it-gridlet {\r\n\tposition: absolute;\r\n\topacity: 1;\r\n}\r\n\r\n.huge-it-arrows .huge-it-next,\r\n.huge-it-arrows .huge-it-prev {\r\n\tz-index: 1;\r\n}\r\n\r\n.huge-it-arrows:hover .huge-it-next,\r\n.huge-it-arrows:hover .huge-it-prev {\r\n\tz-index: 2;\r\n}\r\n\r\n.huge-it-arrows {\r\n\tcursor: pointer;\r\n\theight: 40px;\r\n\tmargin-top: -20px;\r\n\tposition: absolute;\r\n\ttop: 50%;\r\n\t\/*transform: translateY(-50%);*\/\r\n\twidth: 40px;\r\n\tz-index: 2;\r\n\tcolor: rgba(0, 0, 0, 0);\r\n\toutline: none;\r\n\tbox-shadow: none !important;\r\n}\r\n\r\n.huge-it-arrows:hover, .huge-it-arrows:active, .huge-it-arrows:focus,\r\n.huge-it-dot-wrap a:hover, .huge-it-dot-wrap a:active, .huge-it-dot-wrap a:focus {\r\n\toutline: none;\r\n\tbox-shadow: none !important;\r\n}\r\n\r\n.ts-arrow:hover {\r\n\topacity: .95;\r\n\ttext-decoration: none;\r\n}\r\n\r\n.huge-it-prev {\r\n\tleft:0;\r\n\tmargin-top:-21px;\r\n\theight:43px;\r\n\twidth:29px;\r\n\tbackground:url(https:\/\/www.barral-osteopathe.fr\/wp-content\/plugins\/slider-image\/assets\/images\/front\/arrows\/arrows1.png) left  top no-repeat;\r\n\tbackground-size: 200%;\r\n}\r\n\r\n.huge-it-next {\r\n\tright:0;\r\n\tmargin-top:-21px;\r\n\theight:43px;\r\n\twidth:29px;\r\n\tbackground:url(https:\/\/www.barral-osteopathe.fr\/wp-content\/plugins\/slider-image\/assets\/images\/front\/arrows\/arrows1.png) right top no-repeat;\r\n\tbackground-size: 200%;\r\n\r\n}\r\n<\/style>\r\n<\/h3>\n<p>Maud BARRAL-BR\u00c9AUT\u00c9 est heureuse de vous accueillir dans son cabinet sur rendez-vous Prise en Charge du <a href=\"http:\/\/www.barral-osteopathe.fr\/index.php\/pourquoi-consulter\/osteopathie-bebe\/\">nourrisson<\/a> \u00e0 l\u2019<a href=\"http:\/\/www.barral-osteopathe.fr\/index.php\/pourquoi-consulter\/losteopathie-et-le-travail\/\">adulte<\/a>, femmes <a href=\"http:\/\/www.barral-osteopathe.fr\/index.php\/pourquoi-consulter\/femmes-enceintes\/\">enceintes<\/a>, <a href=\"http:\/\/www.barral-osteopathe.fr\/index.php\/pourquoi-consulter\/losteopathie-et-les-seniors\/\">seniors<\/a> et <a href=\"http:\/\/www.barral-osteopathe.fr\/index.php\/quand-consulter\/losteopathie-et-les-sportifs\/\">sportifs<\/a>.<\/p>\n<\/div>\n<\/div>\n","protected":false},"excerpt":{"rendered":"<p>Pr\u00e9venir \u2013 Soigner \u2013 Gu\u00e9rir \u00ab Une prise en charge th\u00e9rapeutique douce et attentive, o\u00f9 la sant\u00e9 et la vitalit\u00e9 du patient sont au centre de toutes les pr\u00e9occupations \u00bb Maud BARRAL-BR\u00c9AUT\u00c9 est heureuse de vous accueillir dans son cabinet sur rendez-vous Prise en Charge du nourrisson \u00e0 l\u2019adulte, femmes enceintes, seniors et sportifs.<\/p>\n","protected":false},"author":1,"featured_media":0,"parent":0,"menu_order":1,"comment_status":"closed","ping_status":"closed","template":"","meta":{"footnotes":""},"class_list":["post-6","page","type-page","status-publish","hentry"],"yoast_head":"<!-- This site is optimized with the Yoast SEO plugin v26.0 - https:\/\/yoast.com\/wordpress\/plugins\/seo\/ -->\n<title>Accueil &#183; Maud BARRAL-BREAUTE - OSTEOPATHE D.O<\/title>\n<meta name=\"description\" content=\"Maud BARRAL, Ost\u00c3\u00a9opathe. Maud Barral est heureuse de vous accueillir sur rendez-vous.\" \/>\n<meta name=\"robots\" content=\"index, follow, max-snippet:-1, max-image-preview:large, max-video-preview:-1\" \/>\n<link rel=\"canonical\" href=\"https:\/\/www.barral-osteopathe.fr\/\" \/>\n<meta property=\"og:locale\" content=\"fr_FR\" \/>\n<meta property=\"og:type\" content=\"article\" \/>\n<meta property=\"og:title\" content=\"Accueil &#183; Maud BARRAL-BREAUTE - OSTEOPATHE D.O\" \/>\n<meta property=\"og:description\" content=\"Maud BARRAL, Ost\u00c3\u00a9opathe. Maud Barral est heureuse de vous accueillir sur rendez-vous.\" \/>\n<meta property=\"og:url\" content=\"https:\/\/www.barral-osteopathe.fr\/\" \/>\n<meta property=\"og:site_name\" content=\"Maud BARRAL-BREAUTE - OSTEOPATHE D.O\" \/>\n<meta property=\"article:modified_time\" content=\"2024-02-07T06:57:14+00:00\" \/>\n<meta name=\"twitter:card\" content=\"summary_large_image\" \/>\n<script type=\"application\/ld+json\" class=\"yoast-schema-graph\">{\"@context\":\"https:\/\/schema.org\",\"@graph\":[{\"@type\":\"WebPage\",\"@id\":\"https:\/\/www.barral-osteopathe.fr\/\",\"url\":\"https:\/\/www.barral-osteopathe.fr\/\",\"name\":\"Accueil &#183; Maud BARRAL-BREAUTE - OSTEOPATHE D.O\",\"isPartOf\":{\"@id\":\"https:\/\/www.barral-osteopathe.fr\/#website\"},\"datePublished\":\"2015-11-02T14:52:19+00:00\",\"dateModified\":\"2024-02-07T06:57:14+00:00\",\"description\":\"Maud BARRAL, Ost\u00c3\u00a9opathe. Maud Barral est heureuse de vous accueillir sur rendez-vous.\",\"breadcrumb\":{\"@id\":\"https:\/\/www.barral-osteopathe.fr\/#breadcrumb\"},\"inLanguage\":\"fr-FR\",\"potentialAction\":[{\"@type\":\"ReadAction\",\"target\":[\"https:\/\/www.barral-osteopathe.fr\/\"]}]},{\"@type\":\"BreadcrumbList\",\"@id\":\"https:\/\/www.barral-osteopathe.fr\/#breadcrumb\",\"itemListElement\":[{\"@type\":\"ListItem\",\"position\":1,\"name\":\"Accueil\",\"item\":\"https:\/\/www.barral-osteopathe.fr\/\"},{\"@type\":\"ListItem\",\"position\":2,\"name\":\"Accueil\"}]},{\"@type\":\"WebSite\",\"@id\":\"https:\/\/www.barral-osteopathe.fr\/#website\",\"url\":\"https:\/\/www.barral-osteopathe.fr\/\",\"name\":\"Maud BARRAL-BREAUTE Osteopathe D.O\",\"description\":\"Votre th\u00e9rapeute | \u2709 POLE SANTE BILTEGI, 150 avenue de Bielle NAVE, place saint Barthelemy, 64200, BASSUSSARRY | \u260e  06.87.77.18.42\",\"publisher\":{\"@id\":\"https:\/\/www.barral-osteopathe.fr\/#organization\"},\"potentialAction\":[{\"@type\":\"SearchAction\",\"target\":{\"@type\":\"EntryPoint\",\"urlTemplate\":\"https:\/\/www.barral-osteopathe.fr\/?s={search_term_string}\"},\"query-input\":{\"@type\":\"PropertyValueSpecification\",\"valueRequired\":true,\"valueName\":\"search_term_string\"}}],\"inLanguage\":\"fr-FR\"},{\"@type\":\"Organization\",\"@id\":\"https:\/\/www.barral-osteopathe.fr\/#organization\",\"name\":\"Maud BARRAL-BREAUTE - OSTEOPATHE D.O\",\"url\":\"https:\/\/www.barral-osteopathe.fr\/\",\"logo\":{\"@type\":\"ImageObject\",\"inLanguage\":\"fr-FR\",\"@id\":\"https:\/\/www.barral-osteopathe.fr\/#\/schema\/logo\/image\/\",\"url\":\"https:\/\/www.barral-osteopathe.fr\/wp-content\/uploads\/2015\/11\/IMGP0037-e1454069448408.jpg\",\"contentUrl\":\"https:\/\/www.barral-osteopathe.fr\/wp-content\/uploads\/2015\/11\/IMGP0037-e1454069448408.jpg\",\"width\":600,\"height\":800,\"caption\":\"Maud BARRAL-BREAUTE - OSTEOPATHE D.O\"},\"image\":{\"@id\":\"https:\/\/www.barral-osteopathe.fr\/#\/schema\/logo\/image\/\"}}]}<\/script>\n<!-- \/ Yoast SEO plugin. -->","yoast_head_json":{"title":"Accueil &#183; Maud BARRAL-BREAUTE - OSTEOPATHE D.O","description":"Maud BARRAL, Ost\u00c3\u00a9opathe. Maud Barral est heureuse de vous accueillir sur rendez-vous.","robots":{"index":"index","follow":"follow","max-snippet":"max-snippet:-1","max-image-preview":"max-image-preview:large","max-video-preview":"max-video-preview:-1"},"canonical":"https:\/\/www.barral-osteopathe.fr\/","og_locale":"fr_FR","og_type":"article","og_title":"Accueil &#183; Maud BARRAL-BREAUTE - OSTEOPATHE D.O","og_description":"Maud BARRAL, Ost\u00c3\u00a9opathe. Maud Barral est heureuse de vous accueillir sur rendez-vous.","og_url":"https:\/\/www.barral-osteopathe.fr\/","og_site_name":"Maud BARRAL-BREAUTE - OSTEOPATHE D.O","article_modified_time":"2024-02-07T06:57:14+00:00","twitter_card":"summary_large_image","schema":{"@context":"https:\/\/schema.org","@graph":[{"@type":"WebPage","@id":"https:\/\/www.barral-osteopathe.fr\/","url":"https:\/\/www.barral-osteopathe.fr\/","name":"Accueil &#183; Maud BARRAL-BREAUTE - OSTEOPATHE D.O","isPartOf":{"@id":"https:\/\/www.barral-osteopathe.fr\/#website"},"datePublished":"2015-11-02T14:52:19+00:00","dateModified":"2024-02-07T06:57:14+00:00","description":"Maud BARRAL, Ost\u00c3\u00a9opathe. Maud Barral est heureuse de vous accueillir sur rendez-vous.","breadcrumb":{"@id":"https:\/\/www.barral-osteopathe.fr\/#breadcrumb"},"inLanguage":"fr-FR","potentialAction":[{"@type":"ReadAction","target":["https:\/\/www.barral-osteopathe.fr\/"]}]},{"@type":"BreadcrumbList","@id":"https:\/\/www.barral-osteopathe.fr\/#breadcrumb","itemListElement":[{"@type":"ListItem","position":1,"name":"Accueil","item":"https:\/\/www.barral-osteopathe.fr\/"},{"@type":"ListItem","position":2,"name":"Accueil"}]},{"@type":"WebSite","@id":"https:\/\/www.barral-osteopathe.fr\/#website","url":"https:\/\/www.barral-osteopathe.fr\/","name":"Maud BARRAL-BREAUTE Osteopathe D.O","description":"Votre th\u00e9rapeute | \u2709 POLE SANTE BILTEGI, 150 avenue de Bielle NAVE, place saint Barthelemy, 64200, BASSUSSARRY | \u260e  06.87.77.18.42","publisher":{"@id":"https:\/\/www.barral-osteopathe.fr\/#organization"},"potentialAction":[{"@type":"SearchAction","target":{"@type":"EntryPoint","urlTemplate":"https:\/\/www.barral-osteopathe.fr\/?s={search_term_string}"},"query-input":{"@type":"PropertyValueSpecification","valueRequired":true,"valueName":"search_term_string"}}],"inLanguage":"fr-FR"},{"@type":"Organization","@id":"https:\/\/www.barral-osteopathe.fr\/#organization","name":"Maud BARRAL-BREAUTE - OSTEOPATHE D.O","url":"https:\/\/www.barral-osteopathe.fr\/","logo":{"@type":"ImageObject","inLanguage":"fr-FR","@id":"https:\/\/www.barral-osteopathe.fr\/#\/schema\/logo\/image\/","url":"https:\/\/www.barral-osteopathe.fr\/wp-content\/uploads\/2015\/11\/IMGP0037-e1454069448408.jpg","contentUrl":"https:\/\/www.barral-osteopathe.fr\/wp-content\/uploads\/2015\/11\/IMGP0037-e1454069448408.jpg","width":600,"height":800,"caption":"Maud BARRAL-BREAUTE - OSTEOPATHE D.O"},"image":{"@id":"https:\/\/www.barral-osteopathe.fr\/#\/schema\/logo\/image\/"}}]}},"_links":{"self":[{"href":"https:\/\/www.barral-osteopathe.fr\/index.php\/wp-json\/wp\/v2\/pages\/6","targetHints":{"allow":["GET"]}}],"collection":[{"href":"https:\/\/www.barral-osteopathe.fr\/index.php\/wp-json\/wp\/v2\/pages"}],"about":[{"href":"https:\/\/www.barral-osteopathe.fr\/index.php\/wp-json\/wp\/v2\/types\/page"}],"author":[{"embeddable":true,"href":"https:\/\/www.barral-osteopathe.fr\/index.php\/wp-json\/wp\/v2\/users\/1"}],"replies":[{"embeddable":true,"href":"https:\/\/www.barral-osteopathe.fr\/index.php\/wp-json\/wp\/v2\/comments?post=6"}],"version-history":[{"count":25,"href":"https:\/\/www.barral-osteopathe.fr\/index.php\/wp-json\/wp\/v2\/pages\/6\/revisions"}],"predecessor-version":[{"id":514,"href":"https:\/\/www.barral-osteopathe.fr\/index.php\/wp-json\/wp\/v2\/pages\/6\/revisions\/514"}],"wp:attachment":[{"href":"https:\/\/www.barral-osteopathe.fr\/index.php\/wp-json\/wp\/v2\/media?parent=6"}],"curies":[{"name":"wp","href":"https:\/\/api.w.org\/{rel}","templated":true}]}}